{"id":6185,"date":"2024-02-06T14:01:10","date_gmt":"2024-02-06T19:01:10","guid":{"rendered":"https:\/\/centroferreterofarvel.com\/?post_type=product&#038;p=6185"},"modified":"2024-04-10T22:47:42","modified_gmt":"2024-04-11T03:47:42","slug":"bandeja-9-profesional","status":"publish","type":"product","link":"https:\/\/centroferreterofarvel.com\/index.php\/producto\/bandeja-9-profesional\/","title":{"rendered":"BANDEJA 9&#8243; PROFESIONAL"},"content":{"rendered":"<p>La bandeja profesional de 9 pulgadas es tu aliada perfecta para proyectos de pintura. Dise\u00f1ada para satisfacer las demandas de proyectos grandes y peque\u00f1os, la elecci\u00f3n ideal para pintores profesionales y aficionados. Optimiza tu trabajo con esta herramienta esencial de eficiencia y precisi\u00f3n que esta bandeja de pintura aporta a tu trabajo.<\/p>\n","protected":false},"excerpt":{"rendered":"<p>Bandeja para Pintura de 9 Pulgadas: Precisi\u00f3n y Eficiencia al Mejor Precio.<\/p>\n","protected":false},"featured_media":6186,"comment_status":"open","ping_status":"closed","template":"","meta":{"_uag_custom_page_level_css":""},"product_cat":[35,157],"product_tag":[684,677,678,680,679,683,682,681,686,685],"jetpack_sharing_enabled":true,"uagb_featured_image_src":{"full":["https:\/\/centroferreterofarvel.com\/wp-content\/uploads\/2024\/02\/BANDEJA-9-PROFESIONAL.png",1080,1350,false],"thumbnail":["https:\/\/centroferreterofarvel.com\/wp-content\/uploads\/2024\/02\/BANDEJA-9-PROFESIONAL-150x150.png",150,150,true],"medium":["https:\/\/centroferreterofarvel.com\/wp-content\/uploads\/2024\/02\/BANDEJA-9-PROFESIONAL-240x300.png",240,300,true],"medium_large":["https:\/\/centroferreterofarvel.com\/wp-content\/uploads\/2024\/02\/BANDEJA-9-PROFESIONAL-768x960.png",768,960,true],"large":["https:\/\/centroferreterofarvel.com\/wp-content\/uploads\/2024\/02\/BANDEJA-9-PROFESIONAL-819x1024.png",819,1024,true],"1536x1536":["https:\/\/centroferreterofarvel.com\/wp-content\/uploads\/2024\/02\/BANDEJA-9-PROFESIONAL.png",1080,1350,false],"2048x2048":["https:\/\/centroferreterofarvel.com\/wp-content\/uploads\/2024\/02\/BANDEJA-9-PROFESIONAL.png",1080,1350,false],"mailpoet_newsletter_max":["https:\/\/centroferreterofarvel.com\/wp-content\/uploads\/2024\/02\/BANDEJA-9-PROFESIONAL.png",1080,1350,false],"woocommerce_thumbnail":["https:\/\/centroferreterofarvel.com\/wp-content\/uploads\/2024\/02\/BANDEJA-9-PROFESIONAL-450x450.png",450,450,true],"woocommerce_single":["https:\/\/centroferreterofarvel.com\/wp-content\/uploads\/2024\/02\/BANDEJA-9-PROFESIONAL-600x750.png",600,750,true],"woocommerce_gallery_thumbnail":["https:\/\/centroferreterofarvel.com\/wp-content\/uploads\/2024\/02\/BANDEJA-9-PROFESIONAL-100x100.png",100,100,true]},"uagb_author_info":{"display_name":"centroferreterofarvel","author_link":"https:\/\/centroferreterofarvel.com\/index.php\/author\/"},"uagb_comment_info":0,"uagb_excerpt":"Bandeja para Pintura de 9 Pulgadas: Precisi\u00f3n y Eficiencia al Mejor Precio.","_links":{"self":[{"href":"https:\/\/centroferreterofarvel.com\/index.php\/wp-json\/wp\/v2\/product\/6185"}],"collection":[{"href":"https:\/\/centroferreterofarvel.com\/index.php\/wp-json\/wp\/v2\/product"}],"about":[{"href":"https:\/\/centroferreterofarvel.com\/index.php\/wp-json\/wp\/v2\/types\/product"}],"replies":[{"embeddable":true,"href":"https:\/\/centroferreterofarvel.com\/index.php\/wp-json\/wp\/v2\/comments?post=6185"}],"version-history":[{"count":1,"href":"https:\/\/centroferreterofarvel.com\/index.php\/wp-json\/wp\/v2\/product\/6185\/revisions"}],"predecessor-version":[{"id":9871,"href":"https:\/\/centroferreterofarvel.com\/index.php\/wp-json\/wp\/v2\/product\/6185\/revisions\/9871"}],"wp:featuredmedia":[{"embeddable":true,"href":"https:\/\/centroferreterofarvel.com\/index.php\/wp-json\/wp\/v2\/media\/6186"}],"wp:attachment":[{"href":"https:\/\/centroferreterofarvel.com\/index.php\/wp-json\/wp\/v2\/media?parent=6185"}],"wp:term":[{"taxonomy":"product_cat","embeddable":true,"href":"https:\/\/centroferreterofarvel.com\/index.php\/wp-json\/wp\/v2\/product_cat?post=6185"},{"taxonomy":"product_tag","embeddable":true,"href":"https:\/\/centroferreterofarvel.com\/index.php\/wp-json\/wp\/v2\/product_tag?post=6185"}],"curies":[{"name":"wp","href":"https:\/\/api.w.org\/{rel}","templated":true}]}}