{"id":6188,"date":"2024-02-06T14:07:49","date_gmt":"2024-02-06T19:07:49","guid":{"rendered":"https:\/\/centroferreterofarvel.com\/?post_type=product&#038;p=6188"},"modified":"2024-04-10T22:46:46","modified_gmt":"2024-04-11T03:46:46","slug":"bateria-9-volt-energizer","status":"publish","type":"product","link":"https:\/\/centroferreterofarvel.com\/index.php\/producto\/bateria-9-volt-energizer\/","title":{"rendered":"BATER\u00cdA 9 VOLTIOS ENERGIZER"},"content":{"rendered":"<p>Descubre la confiabilidad y duraci\u00f3n excepcional de la bater\u00eda de 9 voltios Energizer. Asegura un arranque confiable y un rendimiento constante con las bater\u00edas Energizer. Dise\u00f1adas para satisfacer las demandas de tus art\u00edculos a bater\u00eda, estas bater\u00edas ofrecen durabilidad y potencia sin igual. Explora la confiabilidad de Energizer en cada aplicaci\u00f3n.<\/p>\n","protected":false},"excerpt":{"rendered":"<p>Potencia Duradera para tu Veh\u00edculo: Bater\u00edas Automotrices Energizer.<\/p>\n","protected":false},"featured_media":6189,"comment_status":"open","ping_status":"closed","template":"","meta":{"_uag_custom_page_level_css":""},"product_cat":[33,115],"product_tag":[689,690,687,688,692,691],"jetpack_sharing_enabled":true,"uagb_featured_image_src":{"full":["https:\/\/centroferreterofarvel.com\/wp-content\/uploads\/2024\/02\/BATERIA-9-VOLT-ENERGIZER.png",1080,1350,false],"thumbnail":["https:\/\/centroferreterofarvel.com\/wp-content\/uploads\/2024\/02\/BATERIA-9-VOLT-ENERGIZER-150x150.png",150,150,true],"medium":["https:\/\/centroferreterofarvel.com\/wp-content\/uploads\/2024\/02\/BATERIA-9-VOLT-ENERGIZER-240x300.png",240,300,true],"medium_large":["https:\/\/centroferreterofarvel.com\/wp-content\/uploads\/2024\/02\/BATERIA-9-VOLT-ENERGIZER-768x960.png",768,960,true],"large":["https:\/\/centroferreterofarvel.com\/wp-content\/uploads\/2024\/02\/BATERIA-9-VOLT-ENERGIZER-819x1024.png",819,1024,true],"1536x1536":["https:\/\/centroferreterofarvel.com\/wp-content\/uploads\/2024\/02\/BATERIA-9-VOLT-ENERGIZER.png",1080,1350,false],"2048x2048":["https:\/\/centroferreterofarvel.com\/wp-content\/uploads\/2024\/02\/BATERIA-9-VOLT-ENERGIZER.png",1080,1350,false],"mailpoet_newsletter_max":["https:\/\/centroferreterofarvel.com\/wp-content\/uploads\/2024\/02\/BATERIA-9-VOLT-ENERGIZER.png",1080,1350,false],"woocommerce_thumbnail":["https:\/\/centroferreterofarvel.com\/wp-content\/uploads\/2024\/02\/BATERIA-9-VOLT-ENERGIZER-450x450.png",450,450,true],"woocommerce_single":["https:\/\/centroferreterofarvel.com\/wp-content\/uploads\/2024\/02\/BATERIA-9-VOLT-ENERGIZER-600x750.png",600,750,true],"woocommerce_gallery_thumbnail":["https:\/\/centroferreterofarvel.com\/wp-content\/uploads\/2024\/02\/BATERIA-9-VOLT-ENERGIZER-100x100.png",100,100,true]},"uagb_author_info":{"display_name":"centroferreterofarvel","author_link":"https:\/\/centroferreterofarvel.com\/index.php\/author\/"},"uagb_comment_info":0,"uagb_excerpt":"Potencia Duradera para tu Veh\u00edculo: Bater\u00edas Automotrices Energizer.","_links":{"self":[{"href":"https:\/\/centroferreterofarvel.com\/index.php\/wp-json\/wp\/v2\/product\/6188"}],"collection":[{"href":"https:\/\/centroferreterofarvel.com\/index.php\/wp-json\/wp\/v2\/product"}],"about":[{"href":"https:\/\/centroferreterofarvel.com\/index.php\/wp-json\/wp\/v2\/types\/product"}],"replies":[{"embeddable":true,"href":"https:\/\/centroferreterofarvel.com\/index.php\/wp-json\/wp\/v2\/comments?post=6188"}],"version-history":[{"count":3,"href":"https:\/\/centroferreterofarvel.com\/index.php\/wp-json\/wp\/v2\/product\/6188\/revisions"}],"predecessor-version":[{"id":9876,"href":"https:\/\/centroferreterofarvel.com\/index.php\/wp-json\/wp\/v2\/product\/6188\/revisions\/9876"}],"wp:featuredmedia":[{"embeddable":true,"href":"https:\/\/centroferreterofarvel.com\/index.php\/wp-json\/wp\/v2\/media\/6189"}],"wp:attachment":[{"href":"https:\/\/centroferreterofarvel.com\/index.php\/wp-json\/wp\/v2\/media?parent=6188"}],"wp:term":[{"taxonomy":"product_cat","embeddable":true,"href":"https:\/\/centroferreterofarvel.com\/index.php\/wp-json\/wp\/v2\/product_cat?post=6188"},{"taxonomy":"product_tag","embeddable":true,"href":"https:\/\/centroferreterofarvel.com\/index.php\/wp-json\/wp\/v2\/product_tag?post=6188"}],"curies":[{"name":"wp","href":"https:\/\/api.w.org\/{rel}","templated":true}]}}