{"id":6194,"date":"2024-02-06T15:39:34","date_gmt":"2024-02-06T20:39:34","guid":{"rendered":"https:\/\/centroferreterofarvel.com\/?post_type=product&#038;p=6194"},"modified":"2024-04-10T22:40:42","modified_gmt":"2024-04-11T03:40:42","slug":"bandeja-plastica-pintura","status":"publish","type":"product","link":"https:\/\/centroferreterofarvel.com\/index.php\/producto\/bandeja-plastica-pintura\/","title":{"rendered":"BANDEJA PL\u00c1STICA PINTURA"},"content":{"rendered":"<p>Descubre la versatilidad y practicidad de nuestra bandeja pl\u00e1stica para pintura. Dise\u00f1ada para artistas de todos los niveles, nuestra bandeja ofrece un espacio amplio y f\u00e1cil de limpiar para mezclar colores. Sum\u00e9rgete en la comodidad de la bandeja pl\u00e1stica grande y explora nuestras opciones apilables para una organizaci\u00f3n eficiente. Todo esto, al mejor precio que encontrar\u00e1s.<\/p>\n","protected":false},"excerpt":{"rendered":"<p>Bandeja Pl\u00e1stica para Pintura: Optimiza tu Espacio Creativo.<\/p>\n","protected":false},"featured_media":6187,"comment_status":"open","ping_status":"closed","template":"","meta":{"_uag_custom_page_level_css":""},"product_cat":[35,157],"product_tag":[684,677,678,680,679,683,682,681,686,685],"jetpack_sharing_enabled":true,"uagb_featured_image_src":{"full":["https:\/\/centroferreterofarvel.com\/wp-content\/uploads\/2024\/02\/Bandeja-para-pintura.png",1080,1350,false],"thumbnail":["https:\/\/centroferreterofarvel.com\/wp-content\/uploads\/2024\/02\/Bandeja-para-pintura-150x150.png",150,150,true],"medium":["https:\/\/centroferreterofarvel.com\/wp-content\/uploads\/2024\/02\/Bandeja-para-pintura-240x300.png",240,300,true],"medium_large":["https:\/\/centroferreterofarvel.com\/wp-content\/uploads\/2024\/02\/Bandeja-para-pintura-768x960.png",768,960,true],"large":["https:\/\/centroferreterofarvel.com\/wp-content\/uploads\/2024\/02\/Bandeja-para-pintura-819x1024.png",819,1024,true],"1536x1536":["https:\/\/centroferreterofarvel.com\/wp-content\/uploads\/2024\/02\/Bandeja-para-pintura.png",1080,1350,false],"2048x2048":["https:\/\/centroferreterofarvel.com\/wp-content\/uploads\/2024\/02\/Bandeja-para-pintura.png",1080,1350,false],"mailpoet_newsletter_max":["https:\/\/centroferreterofarvel.com\/wp-content\/uploads\/2024\/02\/Bandeja-para-pintura.png",1080,1350,false],"woocommerce_thumbnail":["https:\/\/centroferreterofarvel.com\/wp-content\/uploads\/2024\/02\/Bandeja-para-pintura-450x450.png",450,450,true],"woocommerce_single":["https:\/\/centroferreterofarvel.com\/wp-content\/uploads\/2024\/02\/Bandeja-para-pintura-600x750.png",600,750,true],"woocommerce_gallery_thumbnail":["https:\/\/centroferreterofarvel.com\/wp-content\/uploads\/2024\/02\/Bandeja-para-pintura-100x100.png",100,100,true]},"uagb_author_info":{"display_name":"centroferreterofarvel","author_link":"https:\/\/centroferreterofarvel.com\/index.php\/author\/"},"uagb_comment_info":0,"uagb_excerpt":"Bandeja Pl\u00e1stica para Pintura: Optimiza tu Espacio Creativo.","_links":{"self":[{"href":"https:\/\/centroferreterofarvel.com\/index.php\/wp-json\/wp\/v2\/product\/6194"}],"collection":[{"href":"https:\/\/centroferreterofarvel.com\/index.php\/wp-json\/wp\/v2\/product"}],"about":[{"href":"https:\/\/centroferreterofarvel.com\/index.php\/wp-json\/wp\/v2\/types\/product"}],"replies":[{"embeddable":true,"href":"https:\/\/centroferreterofarvel.com\/index.php\/wp-json\/wp\/v2\/comments?post=6194"}],"version-history":[{"count":3,"href":"https:\/\/centroferreterofarvel.com\/index.php\/wp-json\/wp\/v2\/product\/6194\/revisions"}],"predecessor-version":[{"id":9873,"href":"https:\/\/centroferreterofarvel.com\/index.php\/wp-json\/wp\/v2\/product\/6194\/revisions\/9873"}],"wp:featuredmedia":[{"embeddable":true,"href":"https:\/\/centroferreterofarvel.com\/index.php\/wp-json\/wp\/v2\/media\/6187"}],"wp:attachment":[{"href":"https:\/\/centroferreterofarvel.com\/index.php\/wp-json\/wp\/v2\/media?parent=6194"}],"wp:term":[{"taxonomy":"product_cat","embeddable":true,"href":"https:\/\/centroferreterofarvel.com\/index.php\/wp-json\/wp\/v2\/product_cat?post=6194"},{"taxonomy":"product_tag","embeddable":true,"href":"https:\/\/centroferreterofarvel.com\/index.php\/wp-json\/wp\/v2\/product_tag?post=6194"}],"curies":[{"name":"wp","href":"https:\/\/api.w.org\/{rel}","templated":true}]}}