{"id":6200,"date":"2024-02-06T16:17:19","date_gmt":"2024-02-06T21:17:19","guid":{"rendered":"https:\/\/centroferreterofarvel.com\/?post_type=product&#038;p=6200"},"modified":"2024-07-24T12:35:57","modified_gmt":"2024-07-24T17:35:57","slug":"bondex-standar-5k","status":"publish","type":"product","link":"https:\/\/centroferreterofarvel.com\/index.php\/producto\/bondex-standar-5k\/","title":{"rendered":"BONDEX STANDARD 5K INTACO"},"content":{"rendered":"<p>Descubre la excelencia en adhesivos con Bondex Standard 5K de Intaco. Esta f\u00f3rmula est\u00e1ndar, es la elecci\u00f3n confiable para constructores y empresas de construcci\u00f3n. Obt\u00e9n resultados consistentes y de alta calidad en cada proyecto, ya sea construcci\u00f3n en seco o proyectos de construcci\u00f3n convencionales. Bondex Standard 5K la elecci\u00f3n de constructores expertos.<\/p>\n","protected":false},"excerpt":{"rendered":"<p>Bondex Standard 5K: Calidad Confiable en Cada Construcci\u00f3n.<\/p>\n","protected":false},"featured_media":6201,"comment_status":"open","ping_status":"closed","template":"","meta":{"_uag_custom_page_level_css":""},"product_cat":[32,104],"product_tag":[731,710,318,714,713,712,732,733,470,734],"jetpack_sharing_enabled":true,"uagb_featured_image_src":{"full":["https:\/\/centroferreterofarvel.com\/wp-content\/uploads\/2024\/02\/BONDEX-STANDAR-5K.png",1080,1350,false],"thumbnail":["https:\/\/centroferreterofarvel.com\/wp-content\/uploads\/2024\/02\/BONDEX-STANDAR-5K-150x150.png",150,150,true],"medium":["https:\/\/centroferreterofarvel.com\/wp-content\/uploads\/2024\/02\/BONDEX-STANDAR-5K-240x300.png",240,300,true],"medium_large":["https:\/\/centroferreterofarvel.com\/wp-content\/uploads\/2024\/02\/BONDEX-STANDAR-5K-768x960.png",768,960,true],"large":["https:\/\/centroferreterofarvel.com\/wp-content\/uploads\/2024\/02\/BONDEX-STANDAR-5K-819x1024.png",819,1024,true],"1536x1536":["https:\/\/centroferreterofarvel.com\/wp-content\/uploads\/2024\/02\/BONDEX-STANDAR-5K.png",1080,1350,false],"2048x2048":["https:\/\/centroferreterofarvel.com\/wp-content\/uploads\/2024\/02\/BONDEX-STANDAR-5K.png",1080,1350,false],"mailpoet_newsletter_max":["https:\/\/centroferreterofarvel.com\/wp-content\/uploads\/2024\/02\/BONDEX-STANDAR-5K.png",1080,1350,false],"woocommerce_thumbnail":["https:\/\/centroferreterofarvel.com\/wp-content\/uploads\/2024\/02\/BONDEX-STANDAR-5K-450x450.png",450,450,true],"woocommerce_single":["https:\/\/centroferreterofarvel.com\/wp-content\/uploads\/2024\/02\/BONDEX-STANDAR-5K-600x750.png",600,750,true],"woocommerce_gallery_thumbnail":["https:\/\/centroferreterofarvel.com\/wp-content\/uploads\/2024\/02\/BONDEX-STANDAR-5K-100x100.png",100,100,true]},"uagb_author_info":{"display_name":"centroferreterofarvel","author_link":"https:\/\/centroferreterofarvel.com\/index.php\/author\/"},"uagb_comment_info":0,"uagb_excerpt":"Bondex Standard 5K: Calidad Confiable en Cada Construcci\u00f3n.","_links":{"self":[{"href":"https:\/\/centroferreterofarvel.com\/index.php\/wp-json\/wp\/v2\/product\/6200"}],"collection":[{"href":"https:\/\/centroferreterofarvel.com\/index.php\/wp-json\/wp\/v2\/product"}],"about":[{"href":"https:\/\/centroferreterofarvel.com\/index.php\/wp-json\/wp\/v2\/types\/product"}],"replies":[{"embeddable":true,"href":"https:\/\/centroferreterofarvel.com\/index.php\/wp-json\/wp\/v2\/comments?post=6200"}],"version-history":[{"count":2,"href":"https:\/\/centroferreterofarvel.com\/index.php\/wp-json\/wp\/v2\/product\/6200\/revisions"}],"predecessor-version":[{"id":9872,"href":"https:\/\/centroferreterofarvel.com\/index.php\/wp-json\/wp\/v2\/product\/6200\/revisions\/9872"}],"wp:featuredmedia":[{"embeddable":true,"href":"https:\/\/centroferreterofarvel.com\/index.php\/wp-json\/wp\/v2\/media\/6201"}],"wp:attachment":[{"href":"https:\/\/centroferreterofarvel.com\/index.php\/wp-json\/wp\/v2\/media?parent=6200"}],"wp:term":[{"taxonomy":"product_cat","embeddable":true,"href":"https:\/\/centroferreterofarvel.com\/index.php\/wp-json\/wp\/v2\/product_cat?post=6200"},{"taxonomy":"product_tag","embeddable":true,"href":"https:\/\/centroferreterofarvel.com\/index.php\/wp-json\/wp\/v2\/product_tag?post=6200"}],"curies":[{"name":"wp","href":"https:\/\/api.w.org\/{rel}","templated":true}]}}