{"id":6206,"date":"2024-02-06T16:40:47","date_gmt":"2024-02-06T21:40:47","guid":{"rendered":"https:\/\/centroferreterofarvel.com\/?post_type=product&#038;p=6206"},"modified":"2024-04-10T22:37:17","modified_gmt":"2024-04-11T03:37:17","slug":"boquilla-de-caucho-reforzada","status":"publish","type":"product","link":"https:\/\/centroferreterofarvel.com\/index.php\/producto\/boquilla-de-caucho-reforzada\/","title":{"rendered":"BOQUILLA DE CAUCHO REFORZADA"},"content":{"rendered":"<p>La excelencia de nuestra Boquilla de Caucho Reforzada, dise\u00f1ada para ofrecer durabilidad y versatilidad en cada aplicaci\u00f3n. Fabricada con caucho sint\u00e9tico de alta calidad, esta boquilla colgante de caucho es la elecci\u00f3n perfecta para una variedad de usos. Conoce c\u00f3mo la resistencia y flexibilidad se combinan para brindarte una soluci\u00f3n confiable, dise\u00f1ado para satisfacer tus necesidades con eficacia.<\/p>\n","protected":false},"excerpt":{"rendered":"<p>Boquilla de Caucho Reforzada: Durabilidad y Versatilidad en una sola Pieza.<\/p>\n","protected":false},"featured_media":6207,"comment_status":"open","ping_status":"closed","template":"","meta":{"_uag_custom_page_level_css":""},"product_cat":[151,24],"product_tag":[61,735,737,738,736],"jetpack_sharing_enabled":true,"uagb_featured_image_src":{"full":["https:\/\/centroferreterofarvel.com\/wp-content\/uploads\/2024\/02\/BOQUILLA-DE-CAUCHO-REFORZADA.png",1080,1350,false],"thumbnail":["https:\/\/centroferreterofarvel.com\/wp-content\/uploads\/2024\/02\/BOQUILLA-DE-CAUCHO-REFORZADA-150x150.png",150,150,true],"medium":["https:\/\/centroferreterofarvel.com\/wp-content\/uploads\/2024\/02\/BOQUILLA-DE-CAUCHO-REFORZADA-240x300.png",240,300,true],"medium_large":["https:\/\/centroferreterofarvel.com\/wp-content\/uploads\/2024\/02\/BOQUILLA-DE-CAUCHO-REFORZADA-768x960.png",768,960,true],"large":["https:\/\/centroferreterofarvel.com\/wp-content\/uploads\/2024\/02\/BOQUILLA-DE-CAUCHO-REFORZADA-819x1024.png",819,1024,true],"1536x1536":["https:\/\/centroferreterofarvel.com\/wp-content\/uploads\/2024\/02\/BOQUILLA-DE-CAUCHO-REFORZADA.png",1080,1350,false],"2048x2048":["https:\/\/centroferreterofarvel.com\/wp-content\/uploads\/2024\/02\/BOQUILLA-DE-CAUCHO-REFORZADA.png",1080,1350,false],"mailpoet_newsletter_max":["https:\/\/centroferreterofarvel.com\/wp-content\/uploads\/2024\/02\/BOQUILLA-DE-CAUCHO-REFORZADA.png",1080,1350,false],"woocommerce_thumbnail":["https:\/\/centroferreterofarvel.com\/wp-content\/uploads\/2024\/02\/BOQUILLA-DE-CAUCHO-REFORZADA-450x450.png",450,450,true],"woocommerce_single":["https:\/\/centroferreterofarvel.com\/wp-content\/uploads\/2024\/02\/BOQUILLA-DE-CAUCHO-REFORZADA-600x750.png",600,750,true],"woocommerce_gallery_thumbnail":["https:\/\/centroferreterofarvel.com\/wp-content\/uploads\/2024\/02\/BOQUILLA-DE-CAUCHO-REFORZADA-100x100.png",100,100,true]},"uagb_author_info":{"display_name":"centroferreterofarvel","author_link":"https:\/\/centroferreterofarvel.com\/index.php\/author\/"},"uagb_comment_info":0,"uagb_excerpt":"Boquilla de Caucho Reforzada: Durabilidad y Versatilidad en una sola Pieza.","_links":{"self":[{"href":"https:\/\/centroferreterofarvel.com\/index.php\/wp-json\/wp\/v2\/product\/6206"}],"collection":[{"href":"https:\/\/centroferreterofarvel.com\/index.php\/wp-json\/wp\/v2\/product"}],"about":[{"href":"https:\/\/centroferreterofarvel.com\/index.php\/wp-json\/wp\/v2\/types\/product"}],"replies":[{"embeddable":true,"href":"https:\/\/centroferreterofarvel.com\/index.php\/wp-json\/wp\/v2\/comments?post=6206"}],"version-history":[{"count":1,"href":"https:\/\/centroferreterofarvel.com\/index.php\/wp-json\/wp\/v2\/product\/6206\/revisions"}],"predecessor-version":[{"id":6625,"href":"https:\/\/centroferreterofarvel.com\/index.php\/wp-json\/wp\/v2\/product\/6206\/revisions\/6625"}],"wp:featuredmedia":[{"embeddable":true,"href":"https:\/\/centroferreterofarvel.com\/index.php\/wp-json\/wp\/v2\/media\/6207"}],"wp:attachment":[{"href":"https:\/\/centroferreterofarvel.com\/index.php\/wp-json\/wp\/v2\/media?parent=6206"}],"wp:term":[{"taxonomy":"product_cat","embeddable":true,"href":"https:\/\/centroferreterofarvel.com\/index.php\/wp-json\/wp\/v2\/product_cat?post=6206"},{"taxonomy":"product_tag","embeddable":true,"href":"https:\/\/centroferreterofarvel.com\/index.php\/wp-json\/wp\/v2\/product_tag?post=6206"}],"curies":[{"name":"wp","href":"https:\/\/api.w.org\/{rel}","templated":true}]}}