{"id":6247,"date":"2024-02-07T14:35:01","date_gmt":"2024-02-07T19:35:01","guid":{"rendered":"https:\/\/centroferreterofarvel.com\/?post_type=product&#038;p=6247"},"modified":"2024-04-10T22:31:55","modified_gmt":"2024-04-11T03:31:55","slug":"alargue-lavabo-plastico-fv","status":"publish","type":"product","link":"https:\/\/centroferreterofarvel.com\/index.php\/producto\/alargue-lavabo-plastico-fv\/","title":{"rendered":"ALARGUE LAVABO PL\u00c1STICO FV"},"content":{"rendered":"<p>Descubre la practicidad de nuestro alargue lavabo pl\u00e1stico FV, una soluci\u00f3n dise\u00f1ada para mejorar la ergonom\u00eda de tu ba\u00f1o. Este alargue de lavabo de resina pl\u00e1stica proporciona una altura adicional de manera sencilla y est\u00e9tica. Olv\u00eddate de complicadas instalaciones y eleva la comodidad de tu lavabo con este alargue pl\u00e1stico para lavabo, creado con la calidad y el estilo caracter\u00edsticos de FV.<\/p>\n","protected":false},"excerpt":{"rendered":"<p>Alargue Lavabo Pl\u00e1stico FV: Soluci\u00f3n Pr\u00e1ctica para tu Ba\u00f1o.<\/p>\n","protected":false},"featured_media":6249,"comment_status":"open","ping_status":"closed","template":"","meta":{"_uag_custom_page_level_css":""},"product_cat":[22,178],"product_tag":[653,651,652,654],"jetpack_sharing_enabled":true,"uagb_featured_image_src":{"full":["https:\/\/centroferreterofarvel.com\/wp-content\/uploads\/2024\/02\/ALARGUE-LAVABO-PLASTICO-FV.png",1080,1350,false],"thumbnail":["https:\/\/centroferreterofarvel.com\/wp-content\/uploads\/2024\/02\/ALARGUE-LAVABO-PLASTICO-FV-150x150.png",150,150,true],"medium":["https:\/\/centroferreterofarvel.com\/wp-content\/uploads\/2024\/02\/ALARGUE-LAVABO-PLASTICO-FV-240x300.png",240,300,true],"medium_large":["https:\/\/centroferreterofarvel.com\/wp-content\/uploads\/2024\/02\/ALARGUE-LAVABO-PLASTICO-FV-768x960.png",768,960,true],"large":["https:\/\/centroferreterofarvel.com\/wp-content\/uploads\/2024\/02\/ALARGUE-LAVABO-PLASTICO-FV-819x1024.png",819,1024,true],"1536x1536":["https:\/\/centroferreterofarvel.com\/wp-content\/uploads\/2024\/02\/ALARGUE-LAVABO-PLASTICO-FV.png",1080,1350,false],"2048x2048":["https:\/\/centroferreterofarvel.com\/wp-content\/uploads\/2024\/02\/ALARGUE-LAVABO-PLASTICO-FV.png",1080,1350,false],"mailpoet_newsletter_max":["https:\/\/centroferreterofarvel.com\/wp-content\/uploads\/2024\/02\/ALARGUE-LAVABO-PLASTICO-FV.png",1080,1350,false],"woocommerce_thumbnail":["https:\/\/centroferreterofarvel.com\/wp-content\/uploads\/2024\/02\/ALARGUE-LAVABO-PLASTICO-FV-450x450.png",450,450,true],"woocommerce_single":["https:\/\/centroferreterofarvel.com\/wp-content\/uploads\/2024\/02\/ALARGUE-LAVABO-PLASTICO-FV-600x750.png",600,750,true],"woocommerce_gallery_thumbnail":["https:\/\/centroferreterofarvel.com\/wp-content\/uploads\/2024\/02\/ALARGUE-LAVABO-PLASTICO-FV-100x100.png",100,100,true]},"uagb_author_info":{"display_name":"centroferreterofarvel","author_link":"https:\/\/centroferreterofarvel.com\/index.php\/author\/"},"uagb_comment_info":0,"uagb_excerpt":"Alargue Lavabo Pl\u00e1stico FV: Soluci\u00f3n Pr\u00e1ctica para tu Ba\u00f1o.","_links":{"self":[{"href":"https:\/\/centroferreterofarvel.com\/index.php\/wp-json\/wp\/v2\/product\/6247"}],"collection":[{"href":"https:\/\/centroferreterofarvel.com\/index.php\/wp-json\/wp\/v2\/product"}],"about":[{"href":"https:\/\/centroferreterofarvel.com\/index.php\/wp-json\/wp\/v2\/types\/product"}],"replies":[{"embeddable":true,"href":"https:\/\/centroferreterofarvel.com\/index.php\/wp-json\/wp\/v2\/comments?post=6247"}],"version-history":[{"count":2,"href":"https:\/\/centroferreterofarvel.com\/index.php\/wp-json\/wp\/v2\/product\/6247\/revisions"}],"predecessor-version":[{"id":9822,"href":"https:\/\/centroferreterofarvel.com\/index.php\/wp-json\/wp\/v2\/product\/6247\/revisions\/9822"}],"wp:featuredmedia":[{"embeddable":true,"href":"https:\/\/centroferreterofarvel.com\/index.php\/wp-json\/wp\/v2\/media\/6249"}],"wp:attachment":[{"href":"https:\/\/centroferreterofarvel.com\/index.php\/wp-json\/wp\/v2\/media?parent=6247"}],"wp:term":[{"taxonomy":"product_cat","embeddable":true,"href":"https:\/\/centroferreterofarvel.com\/index.php\/wp-json\/wp\/v2\/product_cat?post=6247"},{"taxonomy":"product_tag","embeddable":true,"href":"https:\/\/centroferreterofarvel.com\/index.php\/wp-json\/wp\/v2\/product_tag?post=6247"}],"curies":[{"name":"wp","href":"https:\/\/api.w.org\/{rel}","templated":true}]}}