{"id":6262,"date":"2024-02-07T15:23:01","date_gmt":"2024-02-07T20:23:01","guid":{"rendered":"https:\/\/centroferreterofarvel.com\/?post_type=product&#038;p=6262"},"modified":"2024-09-13T14:34:27","modified_gmt":"2024-09-13T19:34:27","slug":"broca-de-titanium-1-2","status":"publish","type":"product","link":"https:\/\/centroferreterofarvel.com\/index.php\/producto\/broca-de-titanium-1-2\/","title":{"rendered":"BROCA DE TITANIUM"},"content":{"rendered":"<p>Descubre la excelencia en perforaci\u00f3n con nuestra broca de alta calidad. Dise\u00f1ada para adaptarse a cualquier taladro, esta herramienta manual es la elecci\u00f3n perfecta para realizar perforaciones precisas en una variedad de materiales. Desde madera hasta metal, conf\u00eda en nuestra broca para obtener resultados impecables. Convierte cada proyecto en una obra maestra con nuestra combinaci\u00f3n de herramientas confiables y eficientes.<\/p>\n","protected":false},"excerpt":{"rendered":"<p>Broca de Alta Calidad: Perfora con Precisi\u00f3n en Cada Taladro.<\/p>\n","protected":false},"featured_media":6263,"comment_status":"open","ping_status":"closed","template":"","meta":{"_uag_custom_page_level_css":""},"product_cat":[133,132],"product_tag":[760,764,763,623,761,762],"jetpack_sharing_enabled":true,"uagb_featured_image_src":{"full":["https:\/\/centroferreterofarvel.com\/wp-content\/uploads\/2024\/02\/BROCA-DE-TITANIUM-12.png",1080,1350,false],"thumbnail":["https:\/\/centroferreterofarvel.com\/wp-content\/uploads\/2024\/02\/BROCA-DE-TITANIUM-12-150x150.png",150,150,true],"medium":["https:\/\/centroferreterofarvel.com\/wp-content\/uploads\/2024\/02\/BROCA-DE-TITANIUM-12-240x300.png",240,300,true],"medium_large":["https:\/\/centroferreterofarvel.com\/wp-content\/uploads\/2024\/02\/BROCA-DE-TITANIUM-12-768x960.png",768,960,true],"large":["https:\/\/centroferreterofarvel.com\/wp-content\/uploads\/2024\/02\/BROCA-DE-TITANIUM-12-819x1024.png",819,1024,true],"1536x1536":["https:\/\/centroferreterofarvel.com\/wp-content\/uploads\/2024\/02\/BROCA-DE-TITANIUM-12.png",1080,1350,false],"2048x2048":["https:\/\/centroferreterofarvel.com\/wp-content\/uploads\/2024\/02\/BROCA-DE-TITANIUM-12.png",1080,1350,false],"mailpoet_newsletter_max":["https:\/\/centroferreterofarvel.com\/wp-content\/uploads\/2024\/02\/BROCA-DE-TITANIUM-12.png",1080,1350,false],"woocommerce_thumbnail":["https:\/\/centroferreterofarvel.com\/wp-content\/uploads\/2024\/02\/BROCA-DE-TITANIUM-12-450x450.png",450,450,true],"woocommerce_single":["https:\/\/centroferreterofarvel.com\/wp-content\/uploads\/2024\/02\/BROCA-DE-TITANIUM-12-600x750.png",600,750,true],"woocommerce_gallery_thumbnail":["https:\/\/centroferreterofarvel.com\/wp-content\/uploads\/2024\/02\/BROCA-DE-TITANIUM-12-100x100.png",100,100,true]},"uagb_author_info":{"display_name":"centroferreterofarvel","author_link":"https:\/\/centroferreterofarvel.com\/index.php\/author\/"},"uagb_comment_info":0,"uagb_excerpt":"Broca de Alta Calidad: Perfora con Precisi\u00f3n en Cada Taladro.","_links":{"self":[{"href":"https:\/\/centroferreterofarvel.com\/index.php\/wp-json\/wp\/v2\/product\/6262"}],"collection":[{"href":"https:\/\/centroferreterofarvel.com\/index.php\/wp-json\/wp\/v2\/product"}],"about":[{"href":"https:\/\/centroferreterofarvel.com\/index.php\/wp-json\/wp\/v2\/types\/product"}],"replies":[{"embeddable":true,"href":"https:\/\/centroferreterofarvel.com\/index.php\/wp-json\/wp\/v2\/comments?post=6262"}],"version-history":[{"count":1,"href":"https:\/\/centroferreterofarvel.com\/index.php\/wp-json\/wp\/v2\/product\/6262\/revisions"}],"predecessor-version":[{"id":6649,"href":"https:\/\/centroferreterofarvel.com\/index.php\/wp-json\/wp\/v2\/product\/6262\/revisions\/6649"}],"wp:featuredmedia":[{"embeddable":true,"href":"https:\/\/centroferreterofarvel.com\/index.php\/wp-json\/wp\/v2\/media\/6263"}],"wp:attachment":[{"href":"https:\/\/centroferreterofarvel.com\/index.php\/wp-json\/wp\/v2\/media?parent=6262"}],"wp:term":[{"taxonomy":"product_cat","embeddable":true,"href":"https:\/\/centroferreterofarvel.com\/index.php\/wp-json\/wp\/v2\/product_cat?post=6262"},{"taxonomy":"product_tag","embeddable":true,"href":"https:\/\/centroferreterofarvel.com\/index.php\/wp-json\/wp\/v2\/product_tag?post=6262"}],"curies":[{"name":"wp","href":"https:\/\/api.w.org\/{rel}","templated":true}]}}