{"id":6274,"date":"2024-02-07T15:55:30","date_gmt":"2024-02-07T20:55:30","guid":{"rendered":"https:\/\/centroferreterofarvel.com\/?post_type=product&#038;p=6274"},"modified":"2024-09-05T15:39:33","modified_gmt":"2024-09-05T20:39:33","slug":"broca-italy-alman-concret-3-8","status":"publish","type":"product","link":"https:\/\/centroferreterofarvel.com\/index.php\/producto\/broca-italy-alman-concret-3-8\/","title":{"rendered":"BROCA ITALY ALEM\u00c1N CONCRETO"},"content":{"rendered":"<p>Explora la excelencia en perforaci\u00f3n con nuestra Broca ITALY, una herramienta manual de primera categor\u00eda. Dise\u00f1ada para adaptarse a cualquier taladro, esta broca te ofrece la precisi\u00f3n y el rendimiento que necesitas para llevar tus proyectos al siguiente nivel. Con un dise\u00f1o de calidad y durabilidad, esta broca es la compa\u00f1era perfecta para tu taladro, proporcionando resultados consistentes en una amplia variedad de materiales.<\/p>\n","protected":false},"excerpt":{"rendered":"<p>Broca ITALY: Perforaci\u00f3n de Alta Calidad para tus Proyectos.<\/p>\n","protected":false},"featured_media":8611,"comment_status":"open","ping_status":"closed","template":"","meta":{"_uag_custom_page_level_css":""},"product_cat":[133,132],"product_tag":[760,766,623,765,761],"jetpack_sharing_enabled":true,"uagb_featured_image_src":{"full":["https:\/\/centroferreterofarvel.com\/wp-content\/uploads\/2024\/02\/BROCA-ITALY-ALMAN-CONCRET-3-8.png",1080,1350,false],"thumbnail":["https:\/\/centroferreterofarvel.com\/wp-content\/uploads\/2024\/02\/BROCA-ITALY-ALMAN-CONCRET-3-8-150x150.png",150,150,true],"medium":["https:\/\/centroferreterofarvel.com\/wp-content\/uploads\/2024\/02\/BROCA-ITALY-ALMAN-CONCRET-3-8-240x300.png",240,300,true],"medium_large":["https:\/\/centroferreterofarvel.com\/wp-content\/uploads\/2024\/02\/BROCA-ITALY-ALMAN-CONCRET-3-8-768x960.png",768,960,true],"large":["https:\/\/centroferreterofarvel.com\/wp-content\/uploads\/2024\/02\/BROCA-ITALY-ALMAN-CONCRET-3-8-819x1024.png",819,1024,true],"1536x1536":["https:\/\/centroferreterofarvel.com\/wp-content\/uploads\/2024\/02\/BROCA-ITALY-ALMAN-CONCRET-3-8.png",1080,1350,false],"2048x2048":["https:\/\/centroferreterofarvel.com\/wp-content\/uploads\/2024\/02\/BROCA-ITALY-ALMAN-CONCRET-3-8.png",1080,1350,false],"mailpoet_newsletter_max":["https:\/\/centroferreterofarvel.com\/wp-content\/uploads\/2024\/02\/BROCA-ITALY-ALMAN-CONCRET-3-8.png",1080,1350,false],"woocommerce_thumbnail":["https:\/\/centroferreterofarvel.com\/wp-content\/uploads\/2024\/02\/BROCA-ITALY-ALMAN-CONCRET-3-8-450x450.png",450,450,true],"woocommerce_single":["https:\/\/centroferreterofarvel.com\/wp-content\/uploads\/2024\/02\/BROCA-ITALY-ALMAN-CONCRET-3-8-600x750.png",600,750,true],"woocommerce_gallery_thumbnail":["https:\/\/centroferreterofarvel.com\/wp-content\/uploads\/2024\/02\/BROCA-ITALY-ALMAN-CONCRET-3-8-100x100.png",100,100,true]},"uagb_author_info":{"display_name":"centroferreterofarvel","author_link":"https:\/\/centroferreterofarvel.com\/index.php\/author\/"},"uagb_comment_info":0,"uagb_excerpt":"Broca ITALY: Perforaci\u00f3n de Alta Calidad para tus Proyectos.","_links":{"self":[{"href":"https:\/\/centroferreterofarvel.com\/index.php\/wp-json\/wp\/v2\/product\/6274"}],"collection":[{"href":"https:\/\/centroferreterofarvel.com\/index.php\/wp-json\/wp\/v2\/product"}],"about":[{"href":"https:\/\/centroferreterofarvel.com\/index.php\/wp-json\/wp\/v2\/types\/product"}],"replies":[{"embeddable":true,"href":"https:\/\/centroferreterofarvel.com\/index.php\/wp-json\/wp\/v2\/comments?post=6274"}],"version-history":[{"count":3,"href":"https:\/\/centroferreterofarvel.com\/index.php\/wp-json\/wp\/v2\/product\/6274\/revisions"}],"predecessor-version":[{"id":9821,"href":"https:\/\/centroferreterofarvel.com\/index.php\/wp-json\/wp\/v2\/product\/6274\/revisions\/9821"}],"wp:featuredmedia":[{"embeddable":true,"href":"https:\/\/centroferreterofarvel.com\/index.php\/wp-json\/wp\/v2\/media\/8611"}],"wp:attachment":[{"href":"https:\/\/centroferreterofarvel.com\/index.php\/wp-json\/wp\/v2\/media?parent=6274"}],"wp:term":[{"taxonomy":"product_cat","embeddable":true,"href":"https:\/\/centroferreterofarvel.com\/index.php\/wp-json\/wp\/v2\/product_cat?post=6274"},{"taxonomy":"product_tag","embeddable":true,"href":"https:\/\/centroferreterofarvel.com\/index.php\/wp-json\/wp\/v2\/product_tag?post=6274"}],"curies":[{"name":"wp","href":"https:\/\/api.w.org\/{rel}","templated":true}]}}