{"id":6306,"date":"2024-02-08T15:00:19","date_gmt":"2024-02-08T20:00:19","guid":{"rendered":"https:\/\/centroferreterofarvel.com\/?post_type=product&#038;p=6306"},"modified":"2024-04-10T22:24:53","modified_gmt":"2024-04-11T03:24:53","slug":"cable-flexi-12-thhn-negro-100m","status":"publish","type":"product","link":"https:\/\/centroferreterofarvel.com\/index.php\/producto\/cable-flexi-12-thhn-negro-100m\/","title":{"rendered":"CABLE FLEXIBLE INCABLE"},"content":{"rendered":"<p>Descubre la versatilidad y la conectividad sin l\u00edmites con nuestro Cable Flexible Incable. Dise\u00f1ado para adaptarse a una variedad de aplicaciones, este cable el\u00e9ctrico ofrece soluciones confiables para tus proyectos, ya sean dom\u00e9sticos o industriales. Nuestro cable flexi de la marca incable garantiza un rendimiento \u00f3ptimo.<\/p>\n<p>Nuestros productos se comecializan por metro lineal.<\/p>\n","protected":false},"excerpt":{"rendered":"<p>Conectividad sin L\u00edmites con Cable Flexible Incable: La Elecci\u00f3n Vers\u00e1til para Tus Proyectos.<\/p>\n","protected":false},"featured_media":6307,"comment_status":"open","ping_status":"closed","template":"","meta":{"_uag_custom_page_level_css":""},"product_cat":[108,33],"product_tag":[773,771,772,774],"jetpack_sharing_enabled":true,"uagb_featured_image_src":{"full":["https:\/\/centroferreterofarvel.com\/wp-content\/uploads\/2024\/02\/CABLE-FLEXI-10-AWG-NEGRO-100M.png",1080,1350,false],"thumbnail":["https:\/\/centroferreterofarvel.com\/wp-content\/uploads\/2024\/02\/CABLE-FLEXI-10-AWG-NEGRO-100M-150x150.png",150,150,true],"medium":["https:\/\/centroferreterofarvel.com\/wp-content\/uploads\/2024\/02\/CABLE-FLEXI-10-AWG-NEGRO-100M-240x300.png",240,300,true],"medium_large":["https:\/\/centroferreterofarvel.com\/wp-content\/uploads\/2024\/02\/CABLE-FLEXI-10-AWG-NEGRO-100M-768x960.png",768,960,true],"large":["https:\/\/centroferreterofarvel.com\/wp-content\/uploads\/2024\/02\/CABLE-FLEXI-10-AWG-NEGRO-100M-819x1024.png",819,1024,true],"1536x1536":["https:\/\/centroferreterofarvel.com\/wp-content\/uploads\/2024\/02\/CABLE-FLEXI-10-AWG-NEGRO-100M.png",1080,1350,false],"2048x2048":["https:\/\/centroferreterofarvel.com\/wp-content\/uploads\/2024\/02\/CABLE-FLEXI-10-AWG-NEGRO-100M.png",1080,1350,false],"mailpoet_newsletter_max":["https:\/\/centroferreterofarvel.com\/wp-content\/uploads\/2024\/02\/CABLE-FLEXI-10-AWG-NEGRO-100M.png",1080,1350,false],"woocommerce_thumbnail":["https:\/\/centroferreterofarvel.com\/wp-content\/uploads\/2024\/02\/CABLE-FLEXI-10-AWG-NEGRO-100M-450x450.png",450,450,true],"woocommerce_single":["https:\/\/centroferreterofarvel.com\/wp-content\/uploads\/2024\/02\/CABLE-FLEXI-10-AWG-NEGRO-100M-600x750.png",600,750,true],"woocommerce_gallery_thumbnail":["https:\/\/centroferreterofarvel.com\/wp-content\/uploads\/2024\/02\/CABLE-FLEXI-10-AWG-NEGRO-100M-100x100.png",100,100,true]},"uagb_author_info":{"display_name":"centroferreterofarvel","author_link":"https:\/\/centroferreterofarvel.com\/index.php\/author\/"},"uagb_comment_info":0,"uagb_excerpt":"Conectividad sin L\u00edmites con Cable Flexible Incable: La Elecci\u00f3n Vers\u00e1til para Tus Proyectos.","_links":{"self":[{"href":"https:\/\/centroferreterofarvel.com\/index.php\/wp-json\/wp\/v2\/product\/6306"}],"collection":[{"href":"https:\/\/centroferreterofarvel.com\/index.php\/wp-json\/wp\/v2\/product"}],"about":[{"href":"https:\/\/centroferreterofarvel.com\/index.php\/wp-json\/wp\/v2\/types\/product"}],"replies":[{"embeddable":true,"href":"https:\/\/centroferreterofarvel.com\/index.php\/wp-json\/wp\/v2\/comments?post=6306"}],"version-history":[{"count":5,"href":"https:\/\/centroferreterofarvel.com\/index.php\/wp-json\/wp\/v2\/product\/6306\/revisions"}],"predecessor-version":[{"id":9389,"href":"https:\/\/centroferreterofarvel.com\/index.php\/wp-json\/wp\/v2\/product\/6306\/revisions\/9389"}],"wp:featuredmedia":[{"embeddable":true,"href":"https:\/\/centroferreterofarvel.com\/index.php\/wp-json\/wp\/v2\/media\/6307"}],"wp:attachment":[{"href":"https:\/\/centroferreterofarvel.com\/index.php\/wp-json\/wp\/v2\/media?parent=6306"}],"wp:term":[{"taxonomy":"product_cat","embeddable":true,"href":"https:\/\/centroferreterofarvel.com\/index.php\/wp-json\/wp\/v2\/product_cat?post=6306"},{"taxonomy":"product_tag","embeddable":true,"href":"https:\/\/centroferreterofarvel.com\/index.php\/wp-json\/wp\/v2\/product_tag?post=6306"}],"curies":[{"name":"wp","href":"https:\/\/api.w.org\/{rel}","templated":true}]}}