{"id":6311,"date":"2024-02-08T16:02:27","date_gmt":"2024-02-08T21:02:27","guid":{"rendered":"https:\/\/centroferreterofarvel.com\/?post_type=product&#038;p=6311"},"modified":"2024-05-29T13:01:35","modified_gmt":"2024-05-29T18:01:35","slug":"cable-gemelo-12-awg-r100m-incable","status":"publish","type":"product","link":"https:\/\/centroferreterofarvel.com\/index.php\/producto\/cable-gemelo-12-awg-r100m-incable\/","title":{"rendered":"CABLE GEMELO"},"content":{"rendered":"<p>Explora la excelencia en conectividad con nuestro Cable Gemelo Incable. Dise\u00f1ado para superar tus expectativas en cables el\u00e9ctricos gemelos. Dise\u00f1ado para brindar una conducci\u00f3n el\u00e9ctrica eficiente, este cable gemelo es la elecci\u00f3n ideal para proyectos que requieren fiabilidad y seguridad en cada conexi\u00f3n.<\/p>\n","protected":false},"excerpt":{"rendered":"<p>Cable Gemelo: Conectividad Eficiente y Segura.<\/p>\n","protected":false},"featured_media":6312,"comment_status":"open","ping_status":"closed","template":"","meta":{"_uag_custom_page_level_css":""},"product_cat":[108,33],"product_tag":[773,775,776,772,778,777],"jetpack_sharing_enabled":true,"uagb_featured_image_src":{"full":["https:\/\/centroferreterofarvel.com\/wp-content\/uploads\/2024\/02\/CABLE-GEMELO-12-AWG-R100M-INCABLE.png",1080,1350,false],"thumbnail":["https:\/\/centroferreterofarvel.com\/wp-content\/uploads\/2024\/02\/CABLE-GEMELO-12-AWG-R100M-INCABLE-150x150.png",150,150,true],"medium":["https:\/\/centroferreterofarvel.com\/wp-content\/uploads\/2024\/02\/CABLE-GEMELO-12-AWG-R100M-INCABLE-240x300.png",240,300,true],"medium_large":["https:\/\/centroferreterofarvel.com\/wp-content\/uploads\/2024\/02\/CABLE-GEMELO-12-AWG-R100M-INCABLE-768x960.png",768,960,true],"large":["https:\/\/centroferreterofarvel.com\/wp-content\/uploads\/2024\/02\/CABLE-GEMELO-12-AWG-R100M-INCABLE-819x1024.png",819,1024,true],"1536x1536":["https:\/\/centroferreterofarvel.com\/wp-content\/uploads\/2024\/02\/CABLE-GEMELO-12-AWG-R100M-INCABLE.png",1080,1350,false],"2048x2048":["https:\/\/centroferreterofarvel.com\/wp-content\/uploads\/2024\/02\/CABLE-GEMELO-12-AWG-R100M-INCABLE.png",1080,1350,false],"mailpoet_newsletter_max":["https:\/\/centroferreterofarvel.com\/wp-content\/uploads\/2024\/02\/CABLE-GEMELO-12-AWG-R100M-INCABLE.png",1080,1350,false],"woocommerce_thumbnail":["https:\/\/centroferreterofarvel.com\/wp-content\/uploads\/2024\/02\/CABLE-GEMELO-12-AWG-R100M-INCABLE-450x450.png",450,450,true],"woocommerce_single":["https:\/\/centroferreterofarvel.com\/wp-content\/uploads\/2024\/02\/CABLE-GEMELO-12-AWG-R100M-INCABLE-600x750.png",600,750,true],"woocommerce_gallery_thumbnail":["https:\/\/centroferreterofarvel.com\/wp-content\/uploads\/2024\/02\/CABLE-GEMELO-12-AWG-R100M-INCABLE-100x100.png",100,100,true]},"uagb_author_info":{"display_name":"centroferreterofarvel","author_link":"https:\/\/centroferreterofarvel.com\/index.php\/author\/"},"uagb_comment_info":0,"uagb_excerpt":"Cable Gemelo: Conectividad Eficiente y Segura.","_links":{"self":[{"href":"https:\/\/centroferreterofarvel.com\/index.php\/wp-json\/wp\/v2\/product\/6311"}],"collection":[{"href":"https:\/\/centroferreterofarvel.com\/index.php\/wp-json\/wp\/v2\/product"}],"about":[{"href":"https:\/\/centroferreterofarvel.com\/index.php\/wp-json\/wp\/v2\/types\/product"}],"replies":[{"embeddable":true,"href":"https:\/\/centroferreterofarvel.com\/index.php\/wp-json\/wp\/v2\/comments?post=6311"}],"version-history":[{"count":7,"href":"https:\/\/centroferreterofarvel.com\/index.php\/wp-json\/wp\/v2\/product\/6311\/revisions"}],"predecessor-version":[{"id":10815,"href":"https:\/\/centroferreterofarvel.com\/index.php\/wp-json\/wp\/v2\/product\/6311\/revisions\/10815"}],"wp:featuredmedia":[{"embeddable":true,"href":"https:\/\/centroferreterofarvel.com\/index.php\/wp-json\/wp\/v2\/media\/6312"}],"wp:attachment":[{"href":"https:\/\/centroferreterofarvel.com\/index.php\/wp-json\/wp\/v2\/media?parent=6311"}],"wp:term":[{"taxonomy":"product_cat","embeddable":true,"href":"https:\/\/centroferreterofarvel.com\/index.php\/wp-json\/wp\/v2\/product_cat?post=6311"},{"taxonomy":"product_tag","embeddable":true,"href":"https:\/\/centroferreterofarvel.com\/index.php\/wp-json\/wp\/v2\/product_tag?post=6311"}],"curies":[{"name":"wp","href":"https:\/\/api.w.org\/{rel}","templated":true}]}}