{"id":6318,"date":"2024-02-08T16:33:24","date_gmt":"2024-02-08T21:33:24","guid":{"rendered":"https:\/\/centroferreterofarvel.com\/?post_type=product&#038;p=6318"},"modified":"2024-04-10T21:46:26","modified_gmt":"2024-04-11T02:46:26","slug":"cable-solido-10-thhn-negro-100m-electrocable","status":"publish","type":"product","link":"https:\/\/centroferreterofarvel.com\/index.php\/producto\/cable-solido-10-thhn-negro-100m-electrocable\/","title":{"rendered":"CABLE S\u00d3LIDO ELECTROCABLE"},"content":{"rendered":"<p>Experimenta la fiabilidad y la estabilidad con nuestro cable s\u00f3lido ElectroCable. Dise\u00f1ado para ofrecer un rendimiento excepcional, este cable garantiza una conexi\u00f3n segura y duradera. Con sus caracter\u00edsticas robustas y conductividad inigualable, es la elecci\u00f3n ideal para aplicaciones que demandan un rendimiento superior. Descubre la confiabilidad que solo un cable s\u00f3lido puede proporcionar.<\/p>\n","protected":false},"excerpt":{"rendered":"<p>Cable S\u00f3lido ElectroCable de Alto Rendimiento: Conexiones Seguras.<\/p>\n","protected":false},"featured_media":6319,"comment_status":"open","ping_status":"closed","template":"","meta":{"_uag_custom_page_level_css":""},"product_cat":[108,33],"product_tag":[779,772,781,780],"jetpack_sharing_enabled":true,"uagb_featured_image_src":{"full":["https:\/\/centroferreterofarvel.com\/wp-content\/uploads\/2024\/02\/CABLE-SOLIDO-10-THHN-NEGRO-100M.png",1080,1350,false],"thumbnail":["https:\/\/centroferreterofarvel.com\/wp-content\/uploads\/2024\/02\/CABLE-SOLIDO-10-THHN-NEGRO-100M-150x150.png",150,150,true],"medium":["https:\/\/centroferreterofarvel.com\/wp-content\/uploads\/2024\/02\/CABLE-SOLIDO-10-THHN-NEGRO-100M-240x300.png",240,300,true],"medium_large":["https:\/\/centroferreterofarvel.com\/wp-content\/uploads\/2024\/02\/CABLE-SOLIDO-10-THHN-NEGRO-100M-768x960.png",768,960,true],"large":["https:\/\/centroferreterofarvel.com\/wp-content\/uploads\/2024\/02\/CABLE-SOLIDO-10-THHN-NEGRO-100M-819x1024.png",819,1024,true],"1536x1536":["https:\/\/centroferreterofarvel.com\/wp-content\/uploads\/2024\/02\/CABLE-SOLIDO-10-THHN-NEGRO-100M.png",1080,1350,false],"2048x2048":["https:\/\/centroferreterofarvel.com\/wp-content\/uploads\/2024\/02\/CABLE-SOLIDO-10-THHN-NEGRO-100M.png",1080,1350,false],"mailpoet_newsletter_max":["https:\/\/centroferreterofarvel.com\/wp-content\/uploads\/2024\/02\/CABLE-SOLIDO-10-THHN-NEGRO-100M.png",1080,1350,false],"woocommerce_thumbnail":["https:\/\/centroferreterofarvel.com\/wp-content\/uploads\/2024\/02\/CABLE-SOLIDO-10-THHN-NEGRO-100M-450x450.png",450,450,true],"woocommerce_single":["https:\/\/centroferreterofarvel.com\/wp-content\/uploads\/2024\/02\/CABLE-SOLIDO-10-THHN-NEGRO-100M-600x750.png",600,750,true],"woocommerce_gallery_thumbnail":["https:\/\/centroferreterofarvel.com\/wp-content\/uploads\/2024\/02\/CABLE-SOLIDO-10-THHN-NEGRO-100M-100x100.png",100,100,true]},"uagb_author_info":{"display_name":"centroferreterofarvel","author_link":"https:\/\/centroferreterofarvel.com\/index.php\/author\/"},"uagb_comment_info":0,"uagb_excerpt":"Cable S\u00f3lido ElectroCable de Alto Rendimiento: Conexiones Seguras.","_links":{"self":[{"href":"https:\/\/centroferreterofarvel.com\/index.php\/wp-json\/wp\/v2\/product\/6318"}],"collection":[{"href":"https:\/\/centroferreterofarvel.com\/index.php\/wp-json\/wp\/v2\/product"}],"about":[{"href":"https:\/\/centroferreterofarvel.com\/index.php\/wp-json\/wp\/v2\/types\/product"}],"replies":[{"embeddable":true,"href":"https:\/\/centroferreterofarvel.com\/index.php\/wp-json\/wp\/v2\/comments?post=6318"}],"version-history":[{"count":4,"href":"https:\/\/centroferreterofarvel.com\/index.php\/wp-json\/wp\/v2\/product\/6318\/revisions"}],"predecessor-version":[{"id":9818,"href":"https:\/\/centroferreterofarvel.com\/index.php\/wp-json\/wp\/v2\/product\/6318\/revisions\/9818"}],"wp:featuredmedia":[{"embeddable":true,"href":"https:\/\/centroferreterofarvel.com\/index.php\/wp-json\/wp\/v2\/media\/6319"}],"wp:attachment":[{"href":"https:\/\/centroferreterofarvel.com\/index.php\/wp-json\/wp\/v2\/media?parent=6318"}],"wp:term":[{"taxonomy":"product_cat","embeddable":true,"href":"https:\/\/centroferreterofarvel.com\/index.php\/wp-json\/wp\/v2\/product_cat?post=6318"},{"taxonomy":"product_tag","embeddable":true,"href":"https:\/\/centroferreterofarvel.com\/index.php\/wp-json\/wp\/v2\/product_tag?post=6318"}],"curies":[{"name":"wp","href":"https:\/\/api.w.org\/{rel}","templated":true}]}}