{"id":6327,"date":"2024-02-09T16:13:07","date_gmt":"2024-02-09T21:13:07","guid":{"rendered":"https:\/\/centroferreterofarvel.com\/?post_type=product&#038;p=6327"},"modified":"2024-05-20T11:56:35","modified_gmt":"2024-05-20T16:56:35","slug":"caja-p-toma-blanca-40-mm-s-tuerca-dexson","status":"publish","type":"product","link":"https:\/\/centroferreterofarvel.com\/index.php\/producto\/caja-p-toma-blanca-40-mm-s-tuerca-dexson\/","title":{"rendered":"CAJA P\/TOMA BLANCA 40 MM S\/TUERCA DEXSON"},"content":{"rendered":"<p>Las tomas el\u00e9ctricas Dexson est\u00e1n fabricadas en policarbonato, ofreciendo una soluci\u00f3n duradera con alta resistencia a agentes qu\u00edmicos. Este material no solo garantiza una mayor vida \u00fatil, sino que tambi\u00e9n es autoextinguible y libre de hal\u00f3genos, asegurando la seguridad en entornos el\u00e9ctricos. Adem\u00e1s, las cajas sin insertos met\u00e1licos permiten la flexibilidad en la instalaci\u00f3n, facilitando el uso de cualquier tipo de tornillo.<\/p>\n","protected":false},"excerpt":{"rendered":"<p>Tomas El\u00e9ctricas Dexson: Durabilidad y Seguridad en Policarbonato.<\/p>\n","protected":false},"featured_media":6328,"comment_status":"open","ping_status":"closed","template":"","meta":{"_uag_custom_page_level_css":""},"product_cat":[109,33],"product_tag":[273,794,264],"jetpack_sharing_enabled":true,"uagb_featured_image_src":{"full":["https:\/\/centroferreterofarvel.com\/wp-content\/uploads\/2024\/02\/CAJA-PTOMA-BLANCA-40-MM-STUERCA-DEXSON.png",1080,1350,false],"thumbnail":["https:\/\/centroferreterofarvel.com\/wp-content\/uploads\/2024\/02\/CAJA-PTOMA-BLANCA-40-MM-STUERCA-DEXSON-150x150.png",150,150,true],"medium":["https:\/\/centroferreterofarvel.com\/wp-content\/uploads\/2024\/02\/CAJA-PTOMA-BLANCA-40-MM-STUERCA-DEXSON-240x300.png",240,300,true],"medium_large":["https:\/\/centroferreterofarvel.com\/wp-content\/uploads\/2024\/02\/CAJA-PTOMA-BLANCA-40-MM-STUERCA-DEXSON-768x960.png",768,960,true],"large":["https:\/\/centroferreterofarvel.com\/wp-content\/uploads\/2024\/02\/CAJA-PTOMA-BLANCA-40-MM-STUERCA-DEXSON-819x1024.png",819,1024,true],"1536x1536":["https:\/\/centroferreterofarvel.com\/wp-content\/uploads\/2024\/02\/CAJA-PTOMA-BLANCA-40-MM-STUERCA-DEXSON.png",1080,1350,false],"2048x2048":["https:\/\/centroferreterofarvel.com\/wp-content\/uploads\/2024\/02\/CAJA-PTOMA-BLANCA-40-MM-STUERCA-DEXSON.png",1080,1350,false],"mailpoet_newsletter_max":["https:\/\/centroferreterofarvel.com\/wp-content\/uploads\/2024\/02\/CAJA-PTOMA-BLANCA-40-MM-STUERCA-DEXSON.png",1080,1350,false],"woocommerce_thumbnail":["https:\/\/centroferreterofarvel.com\/wp-content\/uploads\/2024\/02\/CAJA-PTOMA-BLANCA-40-MM-STUERCA-DEXSON-450x450.png",450,450,true],"woocommerce_single":["https:\/\/centroferreterofarvel.com\/wp-content\/uploads\/2024\/02\/CAJA-PTOMA-BLANCA-40-MM-STUERCA-DEXSON-600x750.png",600,750,true],"woocommerce_gallery_thumbnail":["https:\/\/centroferreterofarvel.com\/wp-content\/uploads\/2024\/02\/CAJA-PTOMA-BLANCA-40-MM-STUERCA-DEXSON-100x100.png",100,100,true]},"uagb_author_info":{"display_name":"centroferreterofarvel","author_link":"https:\/\/centroferreterofarvel.com\/index.php\/author\/"},"uagb_comment_info":0,"uagb_excerpt":"Tomas El\u00e9ctricas Dexson: Durabilidad y Seguridad en Policarbonato.","_links":{"self":[{"href":"https:\/\/centroferreterofarvel.com\/index.php\/wp-json\/wp\/v2\/product\/6327"}],"collection":[{"href":"https:\/\/centroferreterofarvel.com\/index.php\/wp-json\/wp\/v2\/product"}],"about":[{"href":"https:\/\/centroferreterofarvel.com\/index.php\/wp-json\/wp\/v2\/types\/product"}],"replies":[{"embeddable":true,"href":"https:\/\/centroferreterofarvel.com\/index.php\/wp-json\/wp\/v2\/comments?post=6327"}],"version-history":[{"count":1,"href":"https:\/\/centroferreterofarvel.com\/index.php\/wp-json\/wp\/v2\/product\/6327\/revisions"}],"predecessor-version":[{"id":6719,"href":"https:\/\/centroferreterofarvel.com\/index.php\/wp-json\/wp\/v2\/product\/6327\/revisions\/6719"}],"wp:featuredmedia":[{"embeddable":true,"href":"https:\/\/centroferreterofarvel.com\/index.php\/wp-json\/wp\/v2\/media\/6328"}],"wp:attachment":[{"href":"https:\/\/centroferreterofarvel.com\/index.php\/wp-json\/wp\/v2\/media?parent=6327"}],"wp:term":[{"taxonomy":"product_cat","embeddable":true,"href":"https:\/\/centroferreterofarvel.com\/index.php\/wp-json\/wp\/v2\/product_cat?post=6327"},{"taxonomy":"product_tag","embeddable":true,"href":"https:\/\/centroferreterofarvel.com\/index.php\/wp-json\/wp\/v2\/product_tag?post=6327"}],"curies":[{"name":"wp","href":"https:\/\/api.w.org\/{rel}","templated":true}]}}