{"id":6329,"date":"2024-02-09T16:15:07","date_gmt":"2024-02-09T21:15:07","guid":{"rendered":"https:\/\/centroferreterofarvel.com\/?post_type=product&#038;p=6329"},"modified":"2024-04-10T23:39:42","modified_gmt":"2024-04-11T04:39:42","slug":"cajetin-metal-octagonal-grande-semirefor","status":"publish","type":"product","link":"https:\/\/centroferreterofarvel.com\/index.php\/producto\/cajetin-metal-octagonal-grande-semirefor\/","title":{"rendered":"CAJET\u00cdN METAL"},"content":{"rendered":"<p>Nuestro cajet\u00edn met\u00e1lico fue dise\u00f1ado para proporcionar versatilidad y resistencia. Fabricado con acero de alta calidad, este cajet\u00edn es ideal para sujetar o empotrar en el techo y pared, ofreciendo una soluci\u00f3n robusta para tapar uniones, empalmes de cables, o acometidas el\u00e9ctricas destinadas a l\u00e1mparas, focos, tomacorrientes.\u00a0 Su dise\u00f1o semi reforzado garantiza una mayor resistencia estructural, asegurando la seguridad de las conexiones el\u00e9ctricas. F\u00e1cil de manipular, este cajet\u00edn facilita las tareas de instalaci\u00f3n y mantenimiento.<\/p>\n","protected":false},"excerpt":{"rendered":"<p>Cajet\u00edn Met\u00e1lico Octagonal Grande Semi Reforzado: Versatilidad y Resistencia en Aplicaciones Colgantes.<\/p>\n","protected":false},"featured_media":6330,"comment_status":"open","ping_status":"closed","template":"","meta":{"_uag_custom_page_level_css":""},"product_cat":[109,33],"product_tag":[316,799,797,796,798,800],"jetpack_sharing_enabled":true,"uagb_featured_image_src":{"full":["https:\/\/centroferreterofarvel.com\/wp-content\/uploads\/2024\/02\/CAJETIN-METAL-OCTAGONAL-GRANDE-SEMIREFOR.png",1080,1350,false],"thumbnail":["https:\/\/centroferreterofarvel.com\/wp-content\/uploads\/2024\/02\/CAJETIN-METAL-OCTAGONAL-GRANDE-SEMIREFOR-150x150.png",150,150,true],"medium":["https:\/\/centroferreterofarvel.com\/wp-content\/uploads\/2024\/02\/CAJETIN-METAL-OCTAGONAL-GRANDE-SEMIREFOR-240x300.png",240,300,true],"medium_large":["https:\/\/centroferreterofarvel.com\/wp-content\/uploads\/2024\/02\/CAJETIN-METAL-OCTAGONAL-GRANDE-SEMIREFOR-768x960.png",768,960,true],"large":["https:\/\/centroferreterofarvel.com\/wp-content\/uploads\/2024\/02\/CAJETIN-METAL-OCTAGONAL-GRANDE-SEMIREFOR-819x1024.png",819,1024,true],"1536x1536":["https:\/\/centroferreterofarvel.com\/wp-content\/uploads\/2024\/02\/CAJETIN-METAL-OCTAGONAL-GRANDE-SEMIREFOR.png",1080,1350,false],"2048x2048":["https:\/\/centroferreterofarvel.com\/wp-content\/uploads\/2024\/02\/CAJETIN-METAL-OCTAGONAL-GRANDE-SEMIREFOR.png",1080,1350,false],"mailpoet_newsletter_max":["https:\/\/centroferreterofarvel.com\/wp-content\/uploads\/2024\/02\/CAJETIN-METAL-OCTAGONAL-GRANDE-SEMIREFOR.png",1080,1350,false],"woocommerce_thumbnail":["https:\/\/centroferreterofarvel.com\/wp-content\/uploads\/2024\/02\/CAJETIN-METAL-OCTAGONAL-GRANDE-SEMIREFOR-450x450.png",450,450,true],"woocommerce_single":["https:\/\/centroferreterofarvel.com\/wp-content\/uploads\/2024\/02\/CAJETIN-METAL-OCTAGONAL-GRANDE-SEMIREFOR-600x750.png",600,750,true],"woocommerce_gallery_thumbnail":["https:\/\/centroferreterofarvel.com\/wp-content\/uploads\/2024\/02\/CAJETIN-METAL-OCTAGONAL-GRANDE-SEMIREFOR-100x100.png",100,100,true]},"uagb_author_info":{"display_name":"centroferreterofarvel","author_link":"https:\/\/centroferreterofarvel.com\/index.php\/author\/"},"uagb_comment_info":0,"uagb_excerpt":"Cajet\u00edn Met\u00e1lico Octagonal Grande Semi Reforzado: Versatilidad y Resistencia en Aplicaciones Colgantes.","_links":{"self":[{"href":"https:\/\/centroferreterofarvel.com\/index.php\/wp-json\/wp\/v2\/product\/6329"}],"collection":[{"href":"https:\/\/centroferreterofarvel.com\/index.php\/wp-json\/wp\/v2\/product"}],"about":[{"href":"https:\/\/centroferreterofarvel.com\/index.php\/wp-json\/wp\/v2\/types\/product"}],"replies":[{"embeddable":true,"href":"https:\/\/centroferreterofarvel.com\/index.php\/wp-json\/wp\/v2\/comments?post=6329"}],"version-history":[{"count":3,"href":"https:\/\/centroferreterofarvel.com\/index.php\/wp-json\/wp\/v2\/product\/6329\/revisions"}],"predecessor-version":[{"id":9883,"href":"https:\/\/centroferreterofarvel.com\/index.php\/wp-json\/wp\/v2\/product\/6329\/revisions\/9883"}],"wp:featuredmedia":[{"embeddable":true,"href":"https:\/\/centroferreterofarvel.com\/index.php\/wp-json\/wp\/v2\/media\/6330"}],"wp:attachment":[{"href":"https:\/\/centroferreterofarvel.com\/index.php\/wp-json\/wp\/v2\/media?parent=6329"}],"wp:term":[{"taxonomy":"product_cat","embeddable":true,"href":"https:\/\/centroferreterofarvel.com\/index.php\/wp-json\/wp\/v2\/product_cat?post=6329"},{"taxonomy":"product_tag","embeddable":true,"href":"https:\/\/centroferreterofarvel.com\/index.php\/wp-json\/wp\/v2\/product_tag?post=6329"}],"curies":[{"name":"wp","href":"https:\/\/api.w.org\/{rel}","templated":true}]}}