{"id":6334,"date":"2024-02-09T16:21:14","date_gmt":"2024-02-09T21:21:14","guid":{"rendered":"https:\/\/centroferreterofarvel.com\/?post_type=product&#038;p=6334"},"modified":"2024-09-03T14:34:15","modified_gmt":"2024-09-03T19:34:15","slug":"canaleta-autoa20x12-blanca-s-d-dexson","status":"publish","type":"product","link":"https:\/\/centroferreterofarvel.com\/index.php\/producto\/canaleta-autoa20x12-blanca-s-d-dexson\/","title":{"rendered":"CANALETA AUTO ADHESIVA BLANCA DEXSON"},"content":{"rendered":"<p>La canaleta blanca de Dexson es la soluci\u00f3n perfecta para organizar y mantener tus cables de manera ordenada con fijacion auto adhesiva. Esta canaleta proporciona funcionalidad y est\u00e9tica. El dise\u00f1o blanco de la canaleta aporta un aspecto limpio y profesional a cualquier entorno. Su construcci\u00f3n duradera garantiza la protecci\u00f3n de los cables, al tiempo que facilita la instalaci\u00f3n ordenada en paredes o superficies. Conf\u00eda en la canaleta blanca de Dexson para mantener tus cables organizados y brindar un aspecto est\u00e9tico a tus instalaciones.<\/p>\n<p>Fijacion adhesiva.<\/p>\n","protected":false},"excerpt":{"rendered":"<p>Canaleta Blanca Dexson: Organizaci\u00f3n y Est\u00e9tica para tus Cables.<\/p>\n","protected":false},"featured_media":6335,"comment_status":"open","ping_status":"closed","template":"","meta":{"_uag_custom_page_level_css":""},"product_cat":[110,33],"product_tag":[808,807,805,806,809,794],"jetpack_sharing_enabled":true,"uagb_featured_image_src":{"full":["https:\/\/centroferreterofarvel.com\/wp-content\/uploads\/2024\/02\/CANALETA-AUTOA20X12-BLANCA-SD-DEXSON.png",1080,1350,false],"thumbnail":["https:\/\/centroferreterofarvel.com\/wp-content\/uploads\/2024\/02\/CANALETA-AUTOA20X12-BLANCA-SD-DEXSON-150x150.png",150,150,true],"medium":["https:\/\/centroferreterofarvel.com\/wp-content\/uploads\/2024\/02\/CANALETA-AUTOA20X12-BLANCA-SD-DEXSON-240x300.png",240,300,true],"medium_large":["https:\/\/centroferreterofarvel.com\/wp-content\/uploads\/2024\/02\/CANALETA-AUTOA20X12-BLANCA-SD-DEXSON-768x960.png",768,960,true],"large":["https:\/\/centroferreterofarvel.com\/wp-content\/uploads\/2024\/02\/CANALETA-AUTOA20X12-BLANCA-SD-DEXSON-819x1024.png",819,1024,true],"1536x1536":["https:\/\/centroferreterofarvel.com\/wp-content\/uploads\/2024\/02\/CANALETA-AUTOA20X12-BLANCA-SD-DEXSON.png",1080,1350,false],"2048x2048":["https:\/\/centroferreterofarvel.com\/wp-content\/uploads\/2024\/02\/CANALETA-AUTOA20X12-BLANCA-SD-DEXSON.png",1080,1350,false],"mailpoet_newsletter_max":["https:\/\/centroferreterofarvel.com\/wp-content\/uploads\/2024\/02\/CANALETA-AUTOA20X12-BLANCA-SD-DEXSON.png",1080,1350,false],"woocommerce_thumbnail":["https:\/\/centroferreterofarvel.com\/wp-content\/uploads\/2024\/02\/CANALETA-AUTOA20X12-BLANCA-SD-DEXSON-450x450.png",450,450,true],"woocommerce_single":["https:\/\/centroferreterofarvel.com\/wp-content\/uploads\/2024\/02\/CANALETA-AUTOA20X12-BLANCA-SD-DEXSON-600x750.png",600,750,true],"woocommerce_gallery_thumbnail":["https:\/\/centroferreterofarvel.com\/wp-content\/uploads\/2024\/02\/CANALETA-AUTOA20X12-BLANCA-SD-DEXSON-100x100.png",100,100,true]},"uagb_author_info":{"display_name":"centroferreterofarvel","author_link":"https:\/\/centroferreterofarvel.com\/index.php\/author\/"},"uagb_comment_info":0,"uagb_excerpt":"Canaleta Blanca Dexson: Organizaci\u00f3n y Est\u00e9tica para tus Cables.","_links":{"self":[{"href":"https:\/\/centroferreterofarvel.com\/index.php\/wp-json\/wp\/v2\/product\/6334"}],"collection":[{"href":"https:\/\/centroferreterofarvel.com\/index.php\/wp-json\/wp\/v2\/product"}],"about":[{"href":"https:\/\/centroferreterofarvel.com\/index.php\/wp-json\/wp\/v2\/types\/product"}],"replies":[{"embeddable":true,"href":"https:\/\/centroferreterofarvel.com\/index.php\/wp-json\/wp\/v2\/comments?post=6334"}],"version-history":[{"count":5,"href":"https:\/\/centroferreterofarvel.com\/index.php\/wp-json\/wp\/v2\/product\/6334\/revisions"}],"predecessor-version":[{"id":6898,"href":"https:\/\/centroferreterofarvel.com\/index.php\/wp-json\/wp\/v2\/product\/6334\/revisions\/6898"}],"wp:featuredmedia":[{"embeddable":true,"href":"https:\/\/centroferreterofarvel.com\/index.php\/wp-json\/wp\/v2\/media\/6335"}],"wp:attachment":[{"href":"https:\/\/centroferreterofarvel.com\/index.php\/wp-json\/wp\/v2\/media?parent=6334"}],"wp:term":[{"taxonomy":"product_cat","embeddable":true,"href":"https:\/\/centroferreterofarvel.com\/index.php\/wp-json\/wp\/v2\/product_cat?post=6334"},{"taxonomy":"product_tag","embeddable":true,"href":"https:\/\/centroferreterofarvel.com\/index.php\/wp-json\/wp\/v2\/product_tag?post=6334"}],"curies":[{"name":"wp","href":"https:\/\/api.w.org\/{rel}","templated":true}]}}