{"id":6745,"date":"2024-02-16T12:52:00","date_gmt":"2024-02-16T17:52:00","guid":{"rendered":"https:\/\/centroferreterofarvel.com\/?post_type=product&#038;p=6745"},"modified":"2024-07-08T15:40:44","modified_gmt":"2024-07-08T20:40:44","slug":"cemento-5kg-unacem-preempaque-campeon","status":"publish","type":"product","link":"https:\/\/centroferreterofarvel.com\/index.php\/producto\/cemento-5kg-unacem-preempaque-campeon\/","title":{"rendered":"CEMENTO 5KG UNACEM PREEMPAQUE CAMPE\u00d3N"},"content":{"rendered":"<p>El cemento en preempaque de 5kg de Unacem es la opci\u00f3n ideal para tus proyectos de construcci\u00f3n. Con su formulaci\u00f3n de alta calidad y su excelente resistencia, este cemento garantiza resultados duraderos y confiables. Fabricado por una marca l\u00edder en el mercado, el cemento Unacem cumple con los m\u00e1s altos est\u00e1ndares de calidad y seguridad. Ya sea para reparaciones peque\u00f1as o trabajos de construcci\u00f3n m\u00e1s grandes, conf\u00eda en el cemento Unacem para obtener resultados \u00f3ptimos en cada proyecto.<\/p>\n","protected":false},"excerpt":{"rendered":"<p>Cemento 5kg Unacem Preempaque Campe\u00f3n: Resistencia y Calidad Garantizada.<\/p>\n","protected":false},"featured_media":6746,"comment_status":"open","ping_status":"closed","template":"","meta":{"_uag_custom_page_level_css":""},"product_cat":[32,104],"product_tag":[464,1693,318,317,471,1694],"jetpack_sharing_enabled":true,"uagb_featured_image_src":{"full":["https:\/\/centroferreterofarvel.com\/wp-content\/uploads\/2024\/02\/CEMENTO-5KG-UNACEM-PREEMPAQUE-CAMPEON.png",1417,1890,false],"thumbnail":["https:\/\/centroferreterofarvel.com\/wp-content\/uploads\/2024\/02\/CEMENTO-5KG-UNACEM-PREEMPAQUE-CAMPEON-150x150.png",150,150,true],"medium":["https:\/\/centroferreterofarvel.com\/wp-content\/uploads\/2024\/02\/CEMENTO-5KG-UNACEM-PREEMPAQUE-CAMPEON-225x300.png",225,300,true],"medium_large":["https:\/\/centroferreterofarvel.com\/wp-content\/uploads\/2024\/02\/CEMENTO-5KG-UNACEM-PREEMPAQUE-CAMPEON-768x1024.png",768,1024,true],"large":["https:\/\/centroferreterofarvel.com\/wp-content\/uploads\/2024\/02\/CEMENTO-5KG-UNACEM-PREEMPAQUE-CAMPEON-768x1024.png",768,1024,true],"1536x1536":["https:\/\/centroferreterofarvel.com\/wp-content\/uploads\/2024\/02\/CEMENTO-5KG-UNACEM-PREEMPAQUE-CAMPEON-1152x1536.png",1152,1536,true],"2048x2048":["https:\/\/centroferreterofarvel.com\/wp-content\/uploads\/2024\/02\/CEMENTO-5KG-UNACEM-PREEMPAQUE-CAMPEON.png",1417,1890,false],"mailpoet_newsletter_max":["https:\/\/centroferreterofarvel.com\/wp-content\/uploads\/2024\/02\/CEMENTO-5KG-UNACEM-PREEMPAQUE-CAMPEON-1320x1761.png",1320,1761,true],"woocommerce_thumbnail":["https:\/\/centroferreterofarvel.com\/wp-content\/uploads\/2024\/02\/CEMENTO-5KG-UNACEM-PREEMPAQUE-CAMPEON-450x450.png",450,450,true],"woocommerce_single":["https:\/\/centroferreterofarvel.com\/wp-content\/uploads\/2024\/02\/CEMENTO-5KG-UNACEM-PREEMPAQUE-CAMPEON-600x800.png",600,800,true],"woocommerce_gallery_thumbnail":["https:\/\/centroferreterofarvel.com\/wp-content\/uploads\/2024\/02\/CEMENTO-5KG-UNACEM-PREEMPAQUE-CAMPEON-100x100.png",100,100,true]},"uagb_author_info":{"display_name":"centroferreterofarvel","author_link":"https:\/\/centroferreterofarvel.com\/index.php\/author\/"},"uagb_comment_info":0,"uagb_excerpt":"Cemento 5kg Unacem Preempaque Campe\u00f3n: Resistencia y Calidad Garantizada.","_links":{"self":[{"href":"https:\/\/centroferreterofarvel.com\/index.php\/wp-json\/wp\/v2\/product\/6745"}],"collection":[{"href":"https:\/\/centroferreterofarvel.com\/index.php\/wp-json\/wp\/v2\/product"}],"about":[{"href":"https:\/\/centroferreterofarvel.com\/index.php\/wp-json\/wp\/v2\/types\/product"}],"replies":[{"embeddable":true,"href":"https:\/\/centroferreterofarvel.com\/index.php\/wp-json\/wp\/v2\/comments?post=6745"}],"version-history":[{"count":4,"href":"https:\/\/centroferreterofarvel.com\/index.php\/wp-json\/wp\/v2\/product\/6745\/revisions"}],"predecessor-version":[{"id":9892,"href":"https:\/\/centroferreterofarvel.com\/index.php\/wp-json\/wp\/v2\/product\/6745\/revisions\/9892"}],"wp:featuredmedia":[{"embeddable":true,"href":"https:\/\/centroferreterofarvel.com\/index.php\/wp-json\/wp\/v2\/media\/6746"}],"wp:attachment":[{"href":"https:\/\/centroferreterofarvel.com\/index.php\/wp-json\/wp\/v2\/media?parent=6745"}],"wp:term":[{"taxonomy":"product_cat","embeddable":true,"href":"https:\/\/centroferreterofarvel.com\/index.php\/wp-json\/wp\/v2\/product_cat?post=6745"},{"taxonomy":"product_tag","embeddable":true,"href":"https:\/\/centroferreterofarvel.com\/index.php\/wp-json\/wp\/v2\/product_tag?post=6745"}],"curies":[{"name":"wp","href":"https:\/\/api.w.org\/{rel}","templated":true}]}}