{"id":6759,"date":"2024-02-16T13:57:19","date_gmt":"2024-02-16T18:57:19","guid":{"rendered":"https:\/\/centroferreterofarvel.com\/?post_type=product&#038;p=6759"},"modified":"2024-07-16T14:17:23","modified_gmt":"2024-07-16T19:17:23","slug":"cepillo-acero","status":"publish","type":"product","link":"https:\/\/centroferreterofarvel.com\/index.php\/producto\/cepillo-acero\/","title":{"rendered":"CEPILLO DE ACERO"},"content":{"rendered":"<p>Este conjunto de cepillos met\u00e1licos ofrece diversas herramientas para abordar diferentes tareas de limpieza y preparaci\u00f3n de superficies. Ideal para limpieza en entornos h\u00famedos o corrosivos. Los cepillos met\u00e1licos son herramientas vers\u00e1tiles y esenciales para proyectos de limpieza, restauraci\u00f3n y preparaci\u00f3n de superficies. Ya sea en trabajos de bricolaje, reparaci\u00f3n o mantenimiento, este conjunto ofrece las opciones adecuadas para satisfacer tus necesidades.<\/p>\n","protected":false},"excerpt":{"rendered":"<p>Conjunto de Cepillos Met\u00e1licos para Diversas Aplicaciones.<\/p>\n","protected":false},"featured_media":6760,"comment_status":"open","ping_status":"closed","template":"","meta":{"_uag_custom_page_level_css":""},"product_cat":[139,145],"product_tag":[835,839,838,836,837,841,840],"jetpack_sharing_enabled":true,"uagb_featured_image_src":{"full":["https:\/\/centroferreterofarvel.com\/wp-content\/uploads\/2024\/02\/CEPILLO-ACERO.png",1417,1890,false],"thumbnail":["https:\/\/centroferreterofarvel.com\/wp-content\/uploads\/2024\/02\/CEPILLO-ACERO-150x150.png",150,150,true],"medium":["https:\/\/centroferreterofarvel.com\/wp-content\/uploads\/2024\/02\/CEPILLO-ACERO-225x300.png",225,300,true],"medium_large":["https:\/\/centroferreterofarvel.com\/wp-content\/uploads\/2024\/02\/CEPILLO-ACERO-768x1024.png",768,1024,true],"large":["https:\/\/centroferreterofarvel.com\/wp-content\/uploads\/2024\/02\/CEPILLO-ACERO-768x1024.png",768,1024,true],"1536x1536":["https:\/\/centroferreterofarvel.com\/wp-content\/uploads\/2024\/02\/CEPILLO-ACERO-1152x1536.png",1152,1536,true],"2048x2048":["https:\/\/centroferreterofarvel.com\/wp-content\/uploads\/2024\/02\/CEPILLO-ACERO.png",1417,1890,false],"mailpoet_newsletter_max":["https:\/\/centroferreterofarvel.com\/wp-content\/uploads\/2024\/02\/CEPILLO-ACERO-1320x1761.png",1320,1761,true],"woocommerce_thumbnail":["https:\/\/centroferreterofarvel.com\/wp-content\/uploads\/2024\/02\/CEPILLO-ACERO-450x450.png",450,450,true],"woocommerce_single":["https:\/\/centroferreterofarvel.com\/wp-content\/uploads\/2024\/02\/CEPILLO-ACERO-600x800.png",600,800,true],"woocommerce_gallery_thumbnail":["https:\/\/centroferreterofarvel.com\/wp-content\/uploads\/2024\/02\/CEPILLO-ACERO-100x100.png",100,100,true]},"uagb_author_info":{"display_name":"centroferreterofarvel","author_link":"https:\/\/centroferreterofarvel.com\/index.php\/author\/"},"uagb_comment_info":0,"uagb_excerpt":"Conjunto de Cepillos Met\u00e1licos para Diversas Aplicaciones.","_links":{"self":[{"href":"https:\/\/centroferreterofarvel.com\/index.php\/wp-json\/wp\/v2\/product\/6759"}],"collection":[{"href":"https:\/\/centroferreterofarvel.com\/index.php\/wp-json\/wp\/v2\/product"}],"about":[{"href":"https:\/\/centroferreterofarvel.com\/index.php\/wp-json\/wp\/v2\/types\/product"}],"replies":[{"embeddable":true,"href":"https:\/\/centroferreterofarvel.com\/index.php\/wp-json\/wp\/v2\/comments?post=6759"}],"version-history":[{"count":4,"href":"https:\/\/centroferreterofarvel.com\/index.php\/wp-json\/wp\/v2\/product\/6759\/revisions"}],"predecessor-version":[{"id":11165,"href":"https:\/\/centroferreterofarvel.com\/index.php\/wp-json\/wp\/v2\/product\/6759\/revisions\/11165"}],"wp:featuredmedia":[{"embeddable":true,"href":"https:\/\/centroferreterofarvel.com\/index.php\/wp-json\/wp\/v2\/media\/6760"}],"wp:attachment":[{"href":"https:\/\/centroferreterofarvel.com\/index.php\/wp-json\/wp\/v2\/media?parent=6759"}],"wp:term":[{"taxonomy":"product_cat","embeddable":true,"href":"https:\/\/centroferreterofarvel.com\/index.php\/wp-json\/wp\/v2\/product_cat?post=6759"},{"taxonomy":"product_tag","embeddable":true,"href":"https:\/\/centroferreterofarvel.com\/index.php\/wp-json\/wp\/v2\/product_tag?post=6759"}],"curies":[{"name":"wp","href":"https:\/\/api.w.org\/{rel}","templated":true}]}}