{"id":6774,"date":"2024-02-16T14:28:47","date_gmt":"2024-02-16T19:28:47","guid":{"rendered":"https:\/\/centroferreterofarvel.com\/?post_type=product&#038;p=6774"},"modified":"2024-07-15T14:59:21","modified_gmt":"2024-07-15T19:59:21","slug":"cinta-amarilla-de-precaucion-90mt","status":"publish","type":"product","link":"https:\/\/centroferreterofarvel.com\/index.php\/producto\/cinta-amarilla-de-precaucion-90mt\/","title":{"rendered":"CINTA AMARILLA DE PRECAUCI\u00d3N 90MT ROLLO"},"content":{"rendered":"<p>Nuestra cinta amarilla de precauci\u00f3n de 90 metros es la elecci\u00f3n ideal para proporcionar se\u00f1alizaci\u00f3n confiable en situaciones de emergencia y \u00e1reas de precauci\u00f3n. Utiliza nuestra cinta amarilla para establecer l\u00edmites, advertir sobre peligros o dirigir el tr\u00e1fico de manera segura en situaciones de emergencia. Conf\u00eda en nuestra cinta amarilla de precauci\u00f3n de 90 metros para proporcionar se\u00f1alizaci\u00f3n efectiva y confiable en una variedad de entornos. Ya sea que est\u00e9s organizando un evento, realizando trabajos de construcci\u00f3n o gestionando situaciones de emergencia, esta cinta es una herramienta esencial para la seguridad y la se\u00f1alizaci\u00f3n adecuada.<\/p>\n","protected":false},"excerpt":{"rendered":"<p>Cinta Amarilla de Precauci\u00f3n de 90 metros: Se\u00f1alizaci\u00f3n Confiable para Situaciones de Emergencia.<\/p>\n","protected":false},"featured_media":6775,"comment_status":"open","ping_status":"closed","template":"","meta":{"_uag_custom_page_level_css":""},"product_cat":[15,158],"product_tag":[852,851,853,855,854],"jetpack_sharing_enabled":true,"uagb_featured_image_src":{"full":["https:\/\/centroferreterofarvel.com\/wp-content\/uploads\/2024\/02\/CINTA-AMARILLA-DE-PRECAUCION-90MT.png",1417,1890,false],"thumbnail":["https:\/\/centroferreterofarvel.com\/wp-content\/uploads\/2024\/02\/CINTA-AMARILLA-DE-PRECAUCION-90MT-150x150.png",150,150,true],"medium":["https:\/\/centroferreterofarvel.com\/wp-content\/uploads\/2024\/02\/CINTA-AMARILLA-DE-PRECAUCION-90MT-225x300.png",225,300,true],"medium_large":["https:\/\/centroferreterofarvel.com\/wp-content\/uploads\/2024\/02\/CINTA-AMARILLA-DE-PRECAUCION-90MT-768x1024.png",768,1024,true],"large":["https:\/\/centroferreterofarvel.com\/wp-content\/uploads\/2024\/02\/CINTA-AMARILLA-DE-PRECAUCION-90MT-768x1024.png",768,1024,true],"1536x1536":["https:\/\/centroferreterofarvel.com\/wp-content\/uploads\/2024\/02\/CINTA-AMARILLA-DE-PRECAUCION-90MT-1152x1536.png",1152,1536,true],"2048x2048":["https:\/\/centroferreterofarvel.com\/wp-content\/uploads\/2024\/02\/CINTA-AMARILLA-DE-PRECAUCION-90MT.png",1417,1890,false],"mailpoet_newsletter_max":["https:\/\/centroferreterofarvel.com\/wp-content\/uploads\/2024\/02\/CINTA-AMARILLA-DE-PRECAUCION-90MT-1320x1761.png",1320,1761,true],"woocommerce_thumbnail":["https:\/\/centroferreterofarvel.com\/wp-content\/uploads\/2024\/02\/CINTA-AMARILLA-DE-PRECAUCION-90MT-450x450.png",450,450,true],"woocommerce_single":["https:\/\/centroferreterofarvel.com\/wp-content\/uploads\/2024\/02\/CINTA-AMARILLA-DE-PRECAUCION-90MT-600x800.png",600,800,true],"woocommerce_gallery_thumbnail":["https:\/\/centroferreterofarvel.com\/wp-content\/uploads\/2024\/02\/CINTA-AMARILLA-DE-PRECAUCION-90MT-100x100.png",100,100,true]},"uagb_author_info":{"display_name":"centroferreterofarvel","author_link":"https:\/\/centroferreterofarvel.com\/index.php\/author\/"},"uagb_comment_info":0,"uagb_excerpt":"Cinta Amarilla de Precauci\u00f3n de 90 metros: Se\u00f1alizaci\u00f3n Confiable para Situaciones de Emergencia.","_links":{"self":[{"href":"https:\/\/centroferreterofarvel.com\/index.php\/wp-json\/wp\/v2\/product\/6774"}],"collection":[{"href":"https:\/\/centroferreterofarvel.com\/index.php\/wp-json\/wp\/v2\/product"}],"about":[{"href":"https:\/\/centroferreterofarvel.com\/index.php\/wp-json\/wp\/v2\/types\/product"}],"replies":[{"embeddable":true,"href":"https:\/\/centroferreterofarvel.com\/index.php\/wp-json\/wp\/v2\/comments?post=6774"}],"version-history":[{"count":4,"href":"https:\/\/centroferreterofarvel.com\/index.php\/wp-json\/wp\/v2\/product\/6774\/revisions"}],"predecessor-version":[{"id":11210,"href":"https:\/\/centroferreterofarvel.com\/index.php\/wp-json\/wp\/v2\/product\/6774\/revisions\/11210"}],"wp:featuredmedia":[{"embeddable":true,"href":"https:\/\/centroferreterofarvel.com\/index.php\/wp-json\/wp\/v2\/media\/6775"}],"wp:attachment":[{"href":"https:\/\/centroferreterofarvel.com\/index.php\/wp-json\/wp\/v2\/media?parent=6774"}],"wp:term":[{"taxonomy":"product_cat","embeddable":true,"href":"https:\/\/centroferreterofarvel.com\/index.php\/wp-json\/wp\/v2\/product_cat?post=6774"},{"taxonomy":"product_tag","embeddable":true,"href":"https:\/\/centroferreterofarvel.com\/index.php\/wp-json\/wp\/v2\/product_tag?post=6774"}],"curies":[{"name":"wp","href":"https:\/\/api.w.org\/{rel}","templated":true}]}}