{"id":6795,"date":"2024-02-16T15:33:14","date_gmt":"2024-02-16T20:33:14","guid":{"rendered":"https:\/\/centroferreterofarvel.com\/?post_type=product&#038;p=6795"},"modified":"2024-04-10T23:04:32","modified_gmt":"2024-04-11T04:04:32","slug":"clavo-acero-blanco-1-paquete-de-10-u","status":"publish","type":"product","link":"https:\/\/centroferreterofarvel.com\/index.php\/producto\/clavo-acero-blanco-1-paquete-de-10-u\/","title":{"rendered":"CLAVO ACERO BLANCO 1 PAQUETE DE 10 UNIDADES"},"content":{"rendered":"<p>Experimenta la combinaci\u00f3n perfecta de solidez y estilo con nuestro clavo de acero blanco, disponible en un pr\u00e1ctico paquete de 10 unidades. Estos clavos est\u00e1n dise\u00f1ados para proporcionar una fijaci\u00f3n firme y confiable, contribuyendo a la solidez de tus estructuras. Ya sea que est\u00e9s trabajando en proyectos de construcci\u00f3n, carpinter\u00eda o cualquier aplicaci\u00f3n industrial, nuestros clavos de acero blanco son la elecci\u00f3n perfecta. La combinaci\u00f3n de robustez y estilo garantiza que tus proyectos no solo sean s\u00f3lidos y seguros, sino tambi\u00e9n est\u00e9ticamente atractivos.<\/p>\n","protected":false},"excerpt":{"rendered":"<p>Clavo de Acero Blanco: Solidez y Estilo en un Paquete de 10 Unidades.<\/p>\n","protected":false},"featured_media":6796,"comment_status":"open","ping_status":"closed","template":"","meta":{"_uag_custom_page_level_css":""},"product_cat":[15,124],"product_tag":[316,876,875,874,873,318,319,317,642],"jetpack_sharing_enabled":true,"uagb_featured_image_src":{"full":["https:\/\/centroferreterofarvel.com\/wp-content\/uploads\/2024\/02\/CLAVO-ACERO-BLANCO-1-PAQUETE-DE-10-U.png",1417,1890,false],"thumbnail":["https:\/\/centroferreterofarvel.com\/wp-content\/uploads\/2024\/02\/CLAVO-ACERO-BLANCO-1-PAQUETE-DE-10-U-150x150.png",150,150,true],"medium":["https:\/\/centroferreterofarvel.com\/wp-content\/uploads\/2024\/02\/CLAVO-ACERO-BLANCO-1-PAQUETE-DE-10-U-225x300.png",225,300,true],"medium_large":["https:\/\/centroferreterofarvel.com\/wp-content\/uploads\/2024\/02\/CLAVO-ACERO-BLANCO-1-PAQUETE-DE-10-U-768x1024.png",768,1024,true],"large":["https:\/\/centroferreterofarvel.com\/wp-content\/uploads\/2024\/02\/CLAVO-ACERO-BLANCO-1-PAQUETE-DE-10-U-768x1024.png",768,1024,true],"1536x1536":["https:\/\/centroferreterofarvel.com\/wp-content\/uploads\/2024\/02\/CLAVO-ACERO-BLANCO-1-PAQUETE-DE-10-U-1152x1536.png",1152,1536,true],"2048x2048":["https:\/\/centroferreterofarvel.com\/wp-content\/uploads\/2024\/02\/CLAVO-ACERO-BLANCO-1-PAQUETE-DE-10-U.png",1417,1890,false],"mailpoet_newsletter_max":["https:\/\/centroferreterofarvel.com\/wp-content\/uploads\/2024\/02\/CLAVO-ACERO-BLANCO-1-PAQUETE-DE-10-U-1320x1761.png",1320,1761,true],"woocommerce_thumbnail":["https:\/\/centroferreterofarvel.com\/wp-content\/uploads\/2024\/02\/CLAVO-ACERO-BLANCO-1-PAQUETE-DE-10-U-450x450.png",450,450,true],"woocommerce_single":["https:\/\/centroferreterofarvel.com\/wp-content\/uploads\/2024\/02\/CLAVO-ACERO-BLANCO-1-PAQUETE-DE-10-U-600x800.png",600,800,true],"woocommerce_gallery_thumbnail":["https:\/\/centroferreterofarvel.com\/wp-content\/uploads\/2024\/02\/CLAVO-ACERO-BLANCO-1-PAQUETE-DE-10-U-100x100.png",100,100,true]},"uagb_author_info":{"display_name":"centroferreterofarvel","author_link":"https:\/\/centroferreterofarvel.com\/index.php\/author\/"},"uagb_comment_info":0,"uagb_excerpt":"Clavo de Acero Blanco: Solidez y Estilo en un Paquete de 10 Unidades.","_links":{"self":[{"href":"https:\/\/centroferreterofarvel.com\/index.php\/wp-json\/wp\/v2\/product\/6795"}],"collection":[{"href":"https:\/\/centroferreterofarvel.com\/index.php\/wp-json\/wp\/v2\/product"}],"about":[{"href":"https:\/\/centroferreterofarvel.com\/index.php\/wp-json\/wp\/v2\/types\/product"}],"replies":[{"embeddable":true,"href":"https:\/\/centroferreterofarvel.com\/index.php\/wp-json\/wp\/v2\/comments?post=6795"}],"version-history":[{"count":3,"href":"https:\/\/centroferreterofarvel.com\/index.php\/wp-json\/wp\/v2\/product\/6795\/revisions"}],"predecessor-version":[{"id":9813,"href":"https:\/\/centroferreterofarvel.com\/index.php\/wp-json\/wp\/v2\/product\/6795\/revisions\/9813"}],"wp:featuredmedia":[{"embeddable":true,"href":"https:\/\/centroferreterofarvel.com\/index.php\/wp-json\/wp\/v2\/media\/6796"}],"wp:attachment":[{"href":"https:\/\/centroferreterofarvel.com\/index.php\/wp-json\/wp\/v2\/media?parent=6795"}],"wp:term":[{"taxonomy":"product_cat","embeddable":true,"href":"https:\/\/centroferreterofarvel.com\/index.php\/wp-json\/wp\/v2\/product_cat?post=6795"},{"taxonomy":"product_tag","embeddable":true,"href":"https:\/\/centroferreterofarvel.com\/index.php\/wp-json\/wp\/v2\/product_tag?post=6795"}],"curies":[{"name":"wp","href":"https:\/\/api.w.org\/{rel}","templated":true}]}}