{"id":6815,"date":"2024-02-16T16:03:49","date_gmt":"2024-02-16T21:03:49","guid":{"rendered":"https:\/\/centroferreterofarvel.com\/?post_type=product&#038;p=6815"},"modified":"2024-04-04T17:10:52","modified_gmt":"2024-04-04T22:10:52","slug":"codo-cachimba-1-2-rival-ac","status":"publish","type":"product","link":"https:\/\/centroferreterofarvel.com\/index.php\/producto\/codo-cachimba-1-2-rival-ac\/","title":{"rendered":"CODO CACHIMBA 1\/2 RIVAL AC"},"content":{"rendered":"<p>El Codo Cachimba 1\/2 Rival AC es la soluci\u00f3n ideal para optimizar tus sistemas de plomer\u00eda, brindando eficiencia y fiabilidad. Este accesorio, dise\u00f1ado para tuber\u00edas de 1\/2 pulgada, este Codo Cachimba 1\/2 Rival AC es un accesorio esencial para optimizar la direcci\u00f3n del flujo en sistemas de cachimbas. Ya sea para proyectos residenciales o industriales, este codo garantiza conexiones seguras y eficientes. Simplifica tus instalaciones de plomer\u00eda con este accesorio de calidad que cumple con tus expectativas exigentes.<\/p>\n","protected":false},"excerpt":{"rendered":"<p>Codo Cachimba 1\/2 Rival AC: Eficiencia y Fiabilidad en Plomer\u00eda.<\/p>\n","protected":false},"featured_media":6816,"comment_status":"open","ping_status":"closed","template":"","meta":{"_uag_custom_page_level_css":""},"product_cat":[22,172],"product_tag":[313,898,895,897,896,324],"jetpack_sharing_enabled":true,"uagb_featured_image_src":{"full":["https:\/\/centroferreterofarvel.com\/wp-content\/uploads\/2024\/02\/CODO-CACHIMBA-12-RIVAL-AC.png",1417,1890,false],"thumbnail":["https:\/\/centroferreterofarvel.com\/wp-content\/uploads\/2024\/02\/CODO-CACHIMBA-12-RIVAL-AC-150x150.png",150,150,true],"medium":["https:\/\/centroferreterofarvel.com\/wp-content\/uploads\/2024\/02\/CODO-CACHIMBA-12-RIVAL-AC-225x300.png",225,300,true],"medium_large":["https:\/\/centroferreterofarvel.com\/wp-content\/uploads\/2024\/02\/CODO-CACHIMBA-12-RIVAL-AC-768x1024.png",768,1024,true],"large":["https:\/\/centroferreterofarvel.com\/wp-content\/uploads\/2024\/02\/CODO-CACHIMBA-12-RIVAL-AC-768x1024.png",768,1024,true],"1536x1536":["https:\/\/centroferreterofarvel.com\/wp-content\/uploads\/2024\/02\/CODO-CACHIMBA-12-RIVAL-AC-1152x1536.png",1152,1536,true],"2048x2048":["https:\/\/centroferreterofarvel.com\/wp-content\/uploads\/2024\/02\/CODO-CACHIMBA-12-RIVAL-AC.png",1417,1890,false],"mailpoet_newsletter_max":["https:\/\/centroferreterofarvel.com\/wp-content\/uploads\/2024\/02\/CODO-CACHIMBA-12-RIVAL-AC-1320x1761.png",1320,1761,true],"woocommerce_thumbnail":["https:\/\/centroferreterofarvel.com\/wp-content\/uploads\/2024\/02\/CODO-CACHIMBA-12-RIVAL-AC-450x450.png",450,450,true],"woocommerce_single":["https:\/\/centroferreterofarvel.com\/wp-content\/uploads\/2024\/02\/CODO-CACHIMBA-12-RIVAL-AC-600x800.png",600,800,true],"woocommerce_gallery_thumbnail":["https:\/\/centroferreterofarvel.com\/wp-content\/uploads\/2024\/02\/CODO-CACHIMBA-12-RIVAL-AC-100x100.png",100,100,true]},"uagb_author_info":{"display_name":"centroferreterofarvel","author_link":"https:\/\/centroferreterofarvel.com\/index.php\/author\/"},"uagb_comment_info":0,"uagb_excerpt":"Codo Cachimba 1\/2 Rival AC: Eficiencia y Fiabilidad en Plomer\u00eda.","_links":{"self":[{"href":"https:\/\/centroferreterofarvel.com\/index.php\/wp-json\/wp\/v2\/product\/6815"}],"collection":[{"href":"https:\/\/centroferreterofarvel.com\/index.php\/wp-json\/wp\/v2\/product"}],"about":[{"href":"https:\/\/centroferreterofarvel.com\/index.php\/wp-json\/wp\/v2\/types\/product"}],"replies":[{"embeddable":true,"href":"https:\/\/centroferreterofarvel.com\/index.php\/wp-json\/wp\/v2\/comments?post=6815"}],"version-history":[{"count":2,"href":"https:\/\/centroferreterofarvel.com\/index.php\/wp-json\/wp\/v2\/product\/6815\/revisions"}],"predecessor-version":[{"id":6984,"href":"https:\/\/centroferreterofarvel.com\/index.php\/wp-json\/wp\/v2\/product\/6815\/revisions\/6984"}],"wp:featuredmedia":[{"embeddable":true,"href":"https:\/\/centroferreterofarvel.com\/index.php\/wp-json\/wp\/v2\/media\/6816"}],"wp:attachment":[{"href":"https:\/\/centroferreterofarvel.com\/index.php\/wp-json\/wp\/v2\/media?parent=6815"}],"wp:term":[{"taxonomy":"product_cat","embeddable":true,"href":"https:\/\/centroferreterofarvel.com\/index.php\/wp-json\/wp\/v2\/product_cat?post=6815"},{"taxonomy":"product_tag","embeddable":true,"href":"https:\/\/centroferreterofarvel.com\/index.php\/wp-json\/wp\/v2\/product_tag?post=6815"}],"curies":[{"name":"wp","href":"https:\/\/api.w.org\/{rel}","templated":true}]}}