{"id":6928,"date":"2024-02-19T12:38:23","date_gmt":"2024-02-19T17:38:23","guid":{"rendered":"https:\/\/centroferreterofarvel.com\/?post_type=product&#038;p=6928"},"modified":"2024-05-21T15:36:47","modified_gmt":"2024-05-21T20:36:47","slug":"codo-roscable-1-2x90-rival-ac","status":"publish","type":"product","link":"https:\/\/centroferreterofarvel.com\/index.php\/producto\/codo-roscable-1-2x90-rival-ac\/","title":{"rendered":"CODO ROSCABLE 1\/2X90 RIVAL AC"},"content":{"rendered":"<p>El codo roscable Rival AC de 1\/2&#215;90 es la opci\u00f3n ideal para tus proyectos de plomer\u00eda y fontaner\u00eda. Fabricado con materiales de alta calidad, este codo garantiza una instalaci\u00f3n resistente y duradera. Su dise\u00f1o roscable facilita la conexi\u00f3n con otros elementos de tuber\u00eda, asegurando un ajuste preciso y seguro. Conf\u00eda en el codo roscable Rival AC para obtener resultados confiables y de calidad en tus instalaciones.<\/p>\n","protected":false},"excerpt":{"rendered":"<p>Codo Roscable 1\/2&#215;90 Rival AC: Soluci\u00f3n Duradera para tus Instalaciones.<\/p>\n","protected":false},"featured_media":6929,"comment_status":"open","ping_status":"closed","template":"","meta":{"_uag_custom_page_level_css":""},"product_cat":[22,172],"product_tag":[313,312,883,1689,322,324,769,315],"jetpack_sharing_enabled":true,"uagb_featured_image_src":{"full":["https:\/\/centroferreterofarvel.com\/wp-content\/uploads\/2024\/02\/CODO-ROSCABLE-12X90-RIVAL-AC.png",1417,1890,false],"thumbnail":["https:\/\/centroferreterofarvel.com\/wp-content\/uploads\/2024\/02\/CODO-ROSCABLE-12X90-RIVAL-AC-150x150.png",150,150,true],"medium":["https:\/\/centroferreterofarvel.com\/wp-content\/uploads\/2024\/02\/CODO-ROSCABLE-12X90-RIVAL-AC-225x300.png",225,300,true],"medium_large":["https:\/\/centroferreterofarvel.com\/wp-content\/uploads\/2024\/02\/CODO-ROSCABLE-12X90-RIVAL-AC-768x1024.png",768,1024,true],"large":["https:\/\/centroferreterofarvel.com\/wp-content\/uploads\/2024\/02\/CODO-ROSCABLE-12X90-RIVAL-AC-768x1024.png",768,1024,true],"1536x1536":["https:\/\/centroferreterofarvel.com\/wp-content\/uploads\/2024\/02\/CODO-ROSCABLE-12X90-RIVAL-AC-1152x1536.png",1152,1536,true],"2048x2048":["https:\/\/centroferreterofarvel.com\/wp-content\/uploads\/2024\/02\/CODO-ROSCABLE-12X90-RIVAL-AC.png",1417,1890,false],"mailpoet_newsletter_max":["https:\/\/centroferreterofarvel.com\/wp-content\/uploads\/2024\/02\/CODO-ROSCABLE-12X90-RIVAL-AC-1320x1761.png",1320,1761,true],"woocommerce_thumbnail":["https:\/\/centroferreterofarvel.com\/wp-content\/uploads\/2024\/02\/CODO-ROSCABLE-12X90-RIVAL-AC-450x450.png",450,450,true],"woocommerce_single":["https:\/\/centroferreterofarvel.com\/wp-content\/uploads\/2024\/02\/CODO-ROSCABLE-12X90-RIVAL-AC-600x800.png",600,800,true],"woocommerce_gallery_thumbnail":["https:\/\/centroferreterofarvel.com\/wp-content\/uploads\/2024\/02\/CODO-ROSCABLE-12X90-RIVAL-AC-100x100.png",100,100,true]},"uagb_author_info":{"display_name":"centroferreterofarvel","author_link":"https:\/\/centroferreterofarvel.com\/index.php\/author\/"},"uagb_comment_info":0,"uagb_excerpt":"Codo Roscable 1\/2x90 Rival AC: Soluci\u00f3n Duradera para tus Instalaciones.","_links":{"self":[{"href":"https:\/\/centroferreterofarvel.com\/index.php\/wp-json\/wp\/v2\/product\/6928"}],"collection":[{"href":"https:\/\/centroferreterofarvel.com\/index.php\/wp-json\/wp\/v2\/product"}],"about":[{"href":"https:\/\/centroferreterofarvel.com\/index.php\/wp-json\/wp\/v2\/types\/product"}],"replies":[{"embeddable":true,"href":"https:\/\/centroferreterofarvel.com\/index.php\/wp-json\/wp\/v2\/comments?post=6928"}],"version-history":[{"count":2,"href":"https:\/\/centroferreterofarvel.com\/index.php\/wp-json\/wp\/v2\/product\/6928\/revisions"}],"predecessor-version":[{"id":9271,"href":"https:\/\/centroferreterofarvel.com\/index.php\/wp-json\/wp\/v2\/product\/6928\/revisions\/9271"}],"wp:featuredmedia":[{"embeddable":true,"href":"https:\/\/centroferreterofarvel.com\/index.php\/wp-json\/wp\/v2\/media\/6929"}],"wp:attachment":[{"href":"https:\/\/centroferreterofarvel.com\/index.php\/wp-json\/wp\/v2\/media?parent=6928"}],"wp:term":[{"taxonomy":"product_cat","embeddable":true,"href":"https:\/\/centroferreterofarvel.com\/index.php\/wp-json\/wp\/v2\/product_cat?post=6928"},{"taxonomy":"product_tag","embeddable":true,"href":"https:\/\/centroferreterofarvel.com\/index.php\/wp-json\/wp\/v2\/product_tag?post=6928"}],"curies":[{"name":"wp","href":"https:\/\/api.w.org\/{rel}","templated":true}]}}