{"id":6932,"date":"2024-02-19T12:40:56","date_gmt":"2024-02-19T17:40:56","guid":{"rendered":"https:\/\/centroferreterofarvel.com\/?post_type=product&#038;p=6932"},"modified":"2024-04-11T00:09:24","modified_gmt":"2024-04-11T05:09:24","slug":"comprobador-corriente-azteca","status":"publish","type":"product","link":"https:\/\/centroferreterofarvel.com\/index.php\/producto\/comprobador-corriente-azteca\/","title":{"rendered":"COMPROBADOR CORRIENTE AZTECA"},"content":{"rendered":"<p>El Comprobador de Corriente Azteca es la herramienta esencial para asegurar la seguridad y confianza en tus mediciones el\u00e9ctricas. Tanto para profesionales como para entusiastas del bricolaje, ya sea que est\u00e9s realizando tareas de mantenimiento en el hogar o proyectos el\u00e9ctricos m\u00e1s complejos, el Comprobador de Corriente Azteca es la herramienta confiable que necesitas. Asegura un entorno el\u00e9ctrico seguro y toma el control de tus mediciones con esta herramienta de calidad.<\/p>\n","protected":false},"excerpt":{"rendered":"<p>Comprobador de Corriente Azteca: Seguridad y Confianza en tus Mediciones El\u00e9ctricas.<\/p>\n","protected":false},"featured_media":6933,"comment_status":"open","ping_status":"closed","template":"","meta":{"_uag_custom_page_level_css":""},"product_cat":[33,117],"product_tag":[905,904,908,906,907],"jetpack_sharing_enabled":true,"uagb_featured_image_src":{"full":["https:\/\/centroferreterofarvel.com\/wp-content\/uploads\/2024\/02\/COMPROBADOR-CORRIENTE-AZTECA.png",1417,1890,false],"thumbnail":["https:\/\/centroferreterofarvel.com\/wp-content\/uploads\/2024\/02\/COMPROBADOR-CORRIENTE-AZTECA-150x150.png",150,150,true],"medium":["https:\/\/centroferreterofarvel.com\/wp-content\/uploads\/2024\/02\/COMPROBADOR-CORRIENTE-AZTECA-225x300.png",225,300,true],"medium_large":["https:\/\/centroferreterofarvel.com\/wp-content\/uploads\/2024\/02\/COMPROBADOR-CORRIENTE-AZTECA-768x1024.png",768,1024,true],"large":["https:\/\/centroferreterofarvel.com\/wp-content\/uploads\/2024\/02\/COMPROBADOR-CORRIENTE-AZTECA-768x1024.png",768,1024,true],"1536x1536":["https:\/\/centroferreterofarvel.com\/wp-content\/uploads\/2024\/02\/COMPROBADOR-CORRIENTE-AZTECA-1152x1536.png",1152,1536,true],"2048x2048":["https:\/\/centroferreterofarvel.com\/wp-content\/uploads\/2024\/02\/COMPROBADOR-CORRIENTE-AZTECA.png",1417,1890,false],"mailpoet_newsletter_max":["https:\/\/centroferreterofarvel.com\/wp-content\/uploads\/2024\/02\/COMPROBADOR-CORRIENTE-AZTECA-1320x1761.png",1320,1761,true],"woocommerce_thumbnail":["https:\/\/centroferreterofarvel.com\/wp-content\/uploads\/2024\/02\/COMPROBADOR-CORRIENTE-AZTECA-450x450.png",450,450,true],"woocommerce_single":["https:\/\/centroferreterofarvel.com\/wp-content\/uploads\/2024\/02\/COMPROBADOR-CORRIENTE-AZTECA-600x800.png",600,800,true],"woocommerce_gallery_thumbnail":["https:\/\/centroferreterofarvel.com\/wp-content\/uploads\/2024\/02\/COMPROBADOR-CORRIENTE-AZTECA-100x100.png",100,100,true]},"uagb_author_info":{"display_name":"centroferreterofarvel","author_link":"https:\/\/centroferreterofarvel.com\/index.php\/author\/"},"uagb_comment_info":0,"uagb_excerpt":"Comprobador de Corriente Azteca: Seguridad y Confianza en tus Mediciones El\u00e9ctricas.","_links":{"self":[{"href":"https:\/\/centroferreterofarvel.com\/index.php\/wp-json\/wp\/v2\/product\/6932"}],"collection":[{"href":"https:\/\/centroferreterofarvel.com\/index.php\/wp-json\/wp\/v2\/product"}],"about":[{"href":"https:\/\/centroferreterofarvel.com\/index.php\/wp-json\/wp\/v2\/types\/product"}],"replies":[{"embeddable":true,"href":"https:\/\/centroferreterofarvel.com\/index.php\/wp-json\/wp\/v2\/comments?post=6932"}],"version-history":[{"count":2,"href":"https:\/\/centroferreterofarvel.com\/index.php\/wp-json\/wp\/v2\/product\/6932\/revisions"}],"predecessor-version":[{"id":7022,"href":"https:\/\/centroferreterofarvel.com\/index.php\/wp-json\/wp\/v2\/product\/6932\/revisions\/7022"}],"wp:featuredmedia":[{"embeddable":true,"href":"https:\/\/centroferreterofarvel.com\/index.php\/wp-json\/wp\/v2\/media\/6933"}],"wp:attachment":[{"href":"https:\/\/centroferreterofarvel.com\/index.php\/wp-json\/wp\/v2\/media?parent=6932"}],"wp:term":[{"taxonomy":"product_cat","embeddable":true,"href":"https:\/\/centroferreterofarvel.com\/index.php\/wp-json\/wp\/v2\/product_cat?post=6932"},{"taxonomy":"product_tag","embeddable":true,"href":"https:\/\/centroferreterofarvel.com\/index.php\/wp-json\/wp\/v2\/product_tag?post=6932"}],"curies":[{"name":"wp","href":"https:\/\/api.w.org\/{rel}","templated":true}]}}