{"id":6938,"date":"2024-02-19T12:43:35","date_gmt":"2024-02-19T17:43:35","guid":{"rendered":"https:\/\/centroferreterofarvel.com\/?post_type=product&#038;p=6938"},"modified":"2024-04-11T00:08:22","modified_gmt":"2024-04-11T05:08:22","slug":"comprobador-de-corriente-stanley","status":"publish","type":"product","link":"https:\/\/centroferreterofarvel.com\/index.php\/producto\/comprobador-de-corriente-stanley\/","title":{"rendered":"COMPROBADOR DE CORRIENTE STANLEY"},"content":{"rendered":"<p>El Comprobador de Corriente Stanley es una herramienta confiable que garantiza precisi\u00f3n y seguridad en tus mediciones el\u00e9ctricas. Tanto si eres un profesional experimentado como un entusiasta del bricolaje, ya sea que est\u00e9s trabajando en el hogar o en proyectos el\u00e9ctricos m\u00e1s complejos, el Comprobador de Corriente Stanley es una herramienta esencial para asegurar un entorno el\u00e9ctrico seguro. Toma el control de tus mediciones con esta herramienta confiable y de calidad.<\/p>\n","protected":false},"excerpt":{"rendered":"<p>Comprobador de Corriente Stanley: Fiabilidad y Seguridad en tus Mediciones El\u00e9ctricas.<\/p>\n","protected":false},"featured_media":9319,"comment_status":"open","ping_status":"closed","template":"","meta":{"_uag_custom_page_level_css":""},"product_cat":[33,117],"product_tag":[905,904,908,906,907,909],"jetpack_sharing_enabled":true,"uagb_featured_image_src":{"full":["https:\/\/centroferreterofarvel.com\/wp-content\/uploads\/2024\/02\/COMPROBADOR-DE-CORRIENTE-STANLEY-1.png",1080,1350,false],"thumbnail":["https:\/\/centroferreterofarvel.com\/wp-content\/uploads\/2024\/02\/COMPROBADOR-DE-CORRIENTE-STANLEY-1-150x150.png",150,150,true],"medium":["https:\/\/centroferreterofarvel.com\/wp-content\/uploads\/2024\/02\/COMPROBADOR-DE-CORRIENTE-STANLEY-1-240x300.png",240,300,true],"medium_large":["https:\/\/centroferreterofarvel.com\/wp-content\/uploads\/2024\/02\/COMPROBADOR-DE-CORRIENTE-STANLEY-1-768x960.png",768,960,true],"large":["https:\/\/centroferreterofarvel.com\/wp-content\/uploads\/2024\/02\/COMPROBADOR-DE-CORRIENTE-STANLEY-1-819x1024.png",819,1024,true],"1536x1536":["https:\/\/centroferreterofarvel.com\/wp-content\/uploads\/2024\/02\/COMPROBADOR-DE-CORRIENTE-STANLEY-1.png",1080,1350,false],"2048x2048":["https:\/\/centroferreterofarvel.com\/wp-content\/uploads\/2024\/02\/COMPROBADOR-DE-CORRIENTE-STANLEY-1.png",1080,1350,false],"mailpoet_newsletter_max":["https:\/\/centroferreterofarvel.com\/wp-content\/uploads\/2024\/02\/COMPROBADOR-DE-CORRIENTE-STANLEY-1.png",1080,1350,false],"woocommerce_thumbnail":["https:\/\/centroferreterofarvel.com\/wp-content\/uploads\/2024\/02\/COMPROBADOR-DE-CORRIENTE-STANLEY-1-450x450.png",450,450,true],"woocommerce_single":["https:\/\/centroferreterofarvel.com\/wp-content\/uploads\/2024\/02\/COMPROBADOR-DE-CORRIENTE-STANLEY-1-600x750.png",600,750,true],"woocommerce_gallery_thumbnail":["https:\/\/centroferreterofarvel.com\/wp-content\/uploads\/2024\/02\/COMPROBADOR-DE-CORRIENTE-STANLEY-1-100x100.png",100,100,true]},"uagb_author_info":{"display_name":"centroferreterofarvel","author_link":"https:\/\/centroferreterofarvel.com\/index.php\/author\/"},"uagb_comment_info":0,"uagb_excerpt":"Comprobador de Corriente Stanley: Fiabilidad y Seguridad en tus Mediciones El\u00e9ctricas.","_links":{"self":[{"href":"https:\/\/centroferreterofarvel.com\/index.php\/wp-json\/wp\/v2\/product\/6938"}],"collection":[{"href":"https:\/\/centroferreterofarvel.com\/index.php\/wp-json\/wp\/v2\/product"}],"about":[{"href":"https:\/\/centroferreterofarvel.com\/index.php\/wp-json\/wp\/v2\/types\/product"}],"replies":[{"embeddable":true,"href":"https:\/\/centroferreterofarvel.com\/index.php\/wp-json\/wp\/v2\/comments?post=6938"}],"version-history":[{"count":2,"href":"https:\/\/centroferreterofarvel.com\/index.php\/wp-json\/wp\/v2\/product\/6938\/revisions"}],"predecessor-version":[{"id":7024,"href":"https:\/\/centroferreterofarvel.com\/index.php\/wp-json\/wp\/v2\/product\/6938\/revisions\/7024"}],"wp:featuredmedia":[{"embeddable":true,"href":"https:\/\/centroferreterofarvel.com\/index.php\/wp-json\/wp\/v2\/media\/9319"}],"wp:attachment":[{"href":"https:\/\/centroferreterofarvel.com\/index.php\/wp-json\/wp\/v2\/media?parent=6938"}],"wp:term":[{"taxonomy":"product_cat","embeddable":true,"href":"https:\/\/centroferreterofarvel.com\/index.php\/wp-json\/wp\/v2\/product_cat?post=6938"},{"taxonomy":"product_tag","embeddable":true,"href":"https:\/\/centroferreterofarvel.com\/index.php\/wp-json\/wp\/v2\/product_tag?post=6938"}],"curies":[{"name":"wp","href":"https:\/\/api.w.org\/{rel}","templated":true}]}}