{"id":6949,"date":"2024-02-19T12:56:20","date_gmt":"2024-02-19T17:56:20","guid":{"rendered":"https:\/\/centroferreterofarvel.com\/?post_type=product&#038;p=6949"},"modified":"2024-05-20T14:35:35","modified_gmt":"2024-05-20T19:35:35","slug":"conector-y-pretul","status":"publish","type":"product","link":"https:\/\/centroferreterofarvel.com\/index.php\/producto\/conector-y-pretul\/","title":{"rendered":"CONECTOR &#8220;Y&#8221; PRETUL"},"content":{"rendered":"<p>El Conector \u201cY\u201d para Lavadora Pretul es la soluci\u00f3n ideal para optimizar la conexi\u00f3n de tu lavadora de ropa. Este pr\u00e1ctico accesorio simplifica y mejora la eficiencia en la instalaci\u00f3n de tu lavadora. El Conector \u201cY\u201d para Lavadora es la elecci\u00f3n perfecta para garantizar una conexi\u00f3n eficiente y segura de tu lavadora de ropa. Simplifica la instalaci\u00f3n y mejora el rendimiento de tu lavadora con este pr\u00e1ctico accesorio.<\/p>\n","protected":false},"excerpt":{"rendered":"<p>Conector \u201cY\u201d para Lavadora Pretul: Optimiza la Conexi\u00f3n de tu Lavadora de Ropa.<\/p>\n","protected":false},"featured_media":6950,"comment_status":"open","ping_status":"closed","template":"","meta":{"_uag_custom_page_level_css":""},"product_cat":[15,130],"product_tag":[266,913,917,910,916,911,915,912,914],"jetpack_sharing_enabled":true,"uagb_featured_image_src":{"full":["https:\/\/centroferreterofarvel.com\/wp-content\/uploads\/2024\/02\/CONECTOR-Y-PRETUL.png",1080,1350,false],"thumbnail":["https:\/\/centroferreterofarvel.com\/wp-content\/uploads\/2024\/02\/CONECTOR-Y-PRETUL-150x150.png",150,150,true],"medium":["https:\/\/centroferreterofarvel.com\/wp-content\/uploads\/2024\/02\/CONECTOR-Y-PRETUL-240x300.png",240,300,true],"medium_large":["https:\/\/centroferreterofarvel.com\/wp-content\/uploads\/2024\/02\/CONECTOR-Y-PRETUL-768x960.png",768,960,true],"large":["https:\/\/centroferreterofarvel.com\/wp-content\/uploads\/2024\/02\/CONECTOR-Y-PRETUL-819x1024.png",819,1024,true],"1536x1536":["https:\/\/centroferreterofarvel.com\/wp-content\/uploads\/2024\/02\/CONECTOR-Y-PRETUL.png",1080,1350,false],"2048x2048":["https:\/\/centroferreterofarvel.com\/wp-content\/uploads\/2024\/02\/CONECTOR-Y-PRETUL.png",1080,1350,false],"mailpoet_newsletter_max":["https:\/\/centroferreterofarvel.com\/wp-content\/uploads\/2024\/02\/CONECTOR-Y-PRETUL.png",1080,1350,false],"woocommerce_thumbnail":["https:\/\/centroferreterofarvel.com\/wp-content\/uploads\/2024\/02\/CONECTOR-Y-PRETUL-450x450.png",450,450,true],"woocommerce_single":["https:\/\/centroferreterofarvel.com\/wp-content\/uploads\/2024\/02\/CONECTOR-Y-PRETUL-600x750.png",600,750,true],"woocommerce_gallery_thumbnail":["https:\/\/centroferreterofarvel.com\/wp-content\/uploads\/2024\/02\/CONECTOR-Y-PRETUL-100x100.png",100,100,true]},"uagb_author_info":{"display_name":"centroferreterofarvel","author_link":"https:\/\/centroferreterofarvel.com\/index.php\/author\/"},"uagb_comment_info":0,"uagb_excerpt":"Conector \u201cY\u201d para Lavadora Pretul: Optimiza la Conexi\u00f3n de tu Lavadora de Ropa.","_links":{"self":[{"href":"https:\/\/centroferreterofarvel.com\/index.php\/wp-json\/wp\/v2\/product\/6949"}],"collection":[{"href":"https:\/\/centroferreterofarvel.com\/index.php\/wp-json\/wp\/v2\/product"}],"about":[{"href":"https:\/\/centroferreterofarvel.com\/index.php\/wp-json\/wp\/v2\/types\/product"}],"replies":[{"embeddable":true,"href":"https:\/\/centroferreterofarvel.com\/index.php\/wp-json\/wp\/v2\/comments?post=6949"}],"version-history":[{"count":4,"href":"https:\/\/centroferreterofarvel.com\/index.php\/wp-json\/wp\/v2\/product\/6949\/revisions"}],"predecessor-version":[{"id":7029,"href":"https:\/\/centroferreterofarvel.com\/index.php\/wp-json\/wp\/v2\/product\/6949\/revisions\/7029"}],"wp:featuredmedia":[{"embeddable":true,"href":"https:\/\/centroferreterofarvel.com\/index.php\/wp-json\/wp\/v2\/media\/6950"}],"wp:attachment":[{"href":"https:\/\/centroferreterofarvel.com\/index.php\/wp-json\/wp\/v2\/media?parent=6949"}],"wp:term":[{"taxonomy":"product_cat","embeddable":true,"href":"https:\/\/centroferreterofarvel.com\/index.php\/wp-json\/wp\/v2\/product_cat?post=6949"},{"taxonomy":"product_tag","embeddable":true,"href":"https:\/\/centroferreterofarvel.com\/index.php\/wp-json\/wp\/v2\/product_tag?post=6949"}],"curies":[{"name":"wp","href":"https:\/\/api.w.org\/{rel}","templated":true}]}}