{"id":6957,"date":"2024-02-19T13:32:23","date_gmt":"2024-02-19T18:32:23","guid":{"rendered":"https:\/\/centroferreterofarvel.com\/?post_type=product&#038;p=6957"},"modified":"2024-09-11T17:40:13","modified_gmt":"2024-09-11T22:40:13","slug":"conector-y-pretul-metalico","status":"publish","type":"product","link":"https:\/\/centroferreterofarvel.com\/index.php\/producto\/conector-y-pretul-metalico\/","title":{"rendered":"CONECTOR &#8221; Y&#8221; PRETUL MET\u00c1LICO"},"content":{"rendered":"<p>El Conector &#8220;Y&#8221; Met\u00e1lico Pretul es la elecci\u00f3n ideal para mejorar la eficiencia y durabilidad de la conexi\u00f3n de tu lavadora de ropa. El Conector &#8220;Y&#8221; Met\u00e1lico Pretul es una opci\u00f3n confiable para garantizar una conexi\u00f3n eficiente y duradera en tu lavadora de ropa. Su construcci\u00f3n met\u00e1lica proporciona una mayor resistencia, asegurando un rendimiento constante. Simplifica la instalaci\u00f3n y mejora el rendimiento de tu lavadora con este pr\u00e1ctico accesorio de calidad.<\/p>\n","protected":false},"excerpt":{"rendered":"<p>Conector &#8220;Y&#8221; Met\u00e1lico Pretul: Eficiencia y Durabilidad en tu Lavadora de Ropa.<\/p>\n","protected":false},"featured_media":6960,"comment_status":"open","ping_status":"closed","template":"","meta":{"_uag_custom_page_level_css":""},"product_cat":[15,130],"product_tag":[266,913,917,910,916,911,915,912,914],"jetpack_sharing_enabled":true,"uagb_featured_image_src":{"full":["https:\/\/centroferreterofarvel.com\/wp-content\/uploads\/2024\/02\/CONECTOR-Y-PRETUL-METALICO-1.png",1080,1350,false],"thumbnail":["https:\/\/centroferreterofarvel.com\/wp-content\/uploads\/2024\/02\/CONECTOR-Y-PRETUL-METALICO-1-150x150.png",150,150,true],"medium":["https:\/\/centroferreterofarvel.com\/wp-content\/uploads\/2024\/02\/CONECTOR-Y-PRETUL-METALICO-1-240x300.png",240,300,true],"medium_large":["https:\/\/centroferreterofarvel.com\/wp-content\/uploads\/2024\/02\/CONECTOR-Y-PRETUL-METALICO-1-768x960.png",768,960,true],"large":["https:\/\/centroferreterofarvel.com\/wp-content\/uploads\/2024\/02\/CONECTOR-Y-PRETUL-METALICO-1-819x1024.png",819,1024,true],"1536x1536":["https:\/\/centroferreterofarvel.com\/wp-content\/uploads\/2024\/02\/CONECTOR-Y-PRETUL-METALICO-1.png",1080,1350,false],"2048x2048":["https:\/\/centroferreterofarvel.com\/wp-content\/uploads\/2024\/02\/CONECTOR-Y-PRETUL-METALICO-1.png",1080,1350,false],"mailpoet_newsletter_max":["https:\/\/centroferreterofarvel.com\/wp-content\/uploads\/2024\/02\/CONECTOR-Y-PRETUL-METALICO-1.png",1080,1350,false],"woocommerce_thumbnail":["https:\/\/centroferreterofarvel.com\/wp-content\/uploads\/2024\/02\/CONECTOR-Y-PRETUL-METALICO-1-450x450.png",450,450,true],"woocommerce_single":["https:\/\/centroferreterofarvel.com\/wp-content\/uploads\/2024\/02\/CONECTOR-Y-PRETUL-METALICO-1-600x750.png",600,750,true],"woocommerce_gallery_thumbnail":["https:\/\/centroferreterofarvel.com\/wp-content\/uploads\/2024\/02\/CONECTOR-Y-PRETUL-METALICO-1-100x100.png",100,100,true]},"uagb_author_info":{"display_name":"centroferreterofarvel","author_link":"https:\/\/centroferreterofarvel.com\/index.php\/author\/"},"uagb_comment_info":0,"uagb_excerpt":"Conector \"Y\" Met\u00e1lico Pretul: Eficiencia y Durabilidad en tu Lavadora de Ropa.","_links":{"self":[{"href":"https:\/\/centroferreterofarvel.com\/index.php\/wp-json\/wp\/v2\/product\/6957"}],"collection":[{"href":"https:\/\/centroferreterofarvel.com\/index.php\/wp-json\/wp\/v2\/product"}],"about":[{"href":"https:\/\/centroferreterofarvel.com\/index.php\/wp-json\/wp\/v2\/types\/product"}],"replies":[{"embeddable":true,"href":"https:\/\/centroferreterofarvel.com\/index.php\/wp-json\/wp\/v2\/comments?post=6957"}],"version-history":[{"count":4,"href":"https:\/\/centroferreterofarvel.com\/index.php\/wp-json\/wp\/v2\/product\/6957\/revisions"}],"predecessor-version":[{"id":9908,"href":"https:\/\/centroferreterofarvel.com\/index.php\/wp-json\/wp\/v2\/product\/6957\/revisions\/9908"}],"wp:featuredmedia":[{"embeddable":true,"href":"https:\/\/centroferreterofarvel.com\/index.php\/wp-json\/wp\/v2\/media\/6960"}],"wp:attachment":[{"href":"https:\/\/centroferreterofarvel.com\/index.php\/wp-json\/wp\/v2\/media?parent=6957"}],"wp:term":[{"taxonomy":"product_cat","embeddable":true,"href":"https:\/\/centroferreterofarvel.com\/index.php\/wp-json\/wp\/v2\/product_cat?post=6957"},{"taxonomy":"product_tag","embeddable":true,"href":"https:\/\/centroferreterofarvel.com\/index.php\/wp-json\/wp\/v2\/product_tag?post=6957"}],"curies":[{"name":"wp","href":"https:\/\/api.w.org\/{rel}","templated":true}]}}