{"id":6969,"date":"2024-02-19T13:36:50","date_gmt":"2024-02-19T18:36:50","guid":{"rendered":"https:\/\/centroferreterofarvel.com\/?post_type=product&#038;p=6969"},"modified":"2024-04-11T00:02:27","modified_gmt":"2024-04-11T05:02:27","slug":"conjunto-desague-e2460-01-ra1-1-4bl-fv","status":"publish","type":"product","link":"https:\/\/centroferreterofarvel.com\/index.php\/producto\/conjunto-desague-e2460-01-ra1-1-4bl-fv\/","title":{"rendered":"CONJUNTO DESAG\u00dcE E2460.01 RA1 1\/4BL FV"},"content":{"rendered":"<p>El Conjunto Desag\u00fce 1 1\/2BL FV es la elecci\u00f3n perfecta para garantizar eficiencia y calidad en tus sistemas de desag\u00fce. Este conjunto, dise\u00f1ado para tuber\u00edas de 1 1\/2 pulgadas, Ya sea que est\u00e9s realizando tareas de mantenimiento o instalaciones nuevas, el Conjunto Desag\u00fce 1 1\/2BL FV es una soluci\u00f3n confiable que cumple con los est\u00e1ndares de la industria. Asegura un sistema de desag\u00fce eficiente y duradero con este conjunto de calidad.<\/p>\n","protected":false},"excerpt":{"rendered":"<p>Conjunto Desag\u00fce 1 1\/2BL FV: Eficiencia y Calidad en Plomer\u00eda.<\/p>\n","protected":false},"featured_media":6970,"comment_status":"open","ping_status":"closed","template":"","meta":{"_uag_custom_page_level_css":""},"product_cat":[22,178],"product_tag":[313,918,919,331,322,324,315],"jetpack_sharing_enabled":true,"uagb_featured_image_src":{"full":["https:\/\/centroferreterofarvel.com\/wp-content\/uploads\/2024\/02\/CONJUNTO-DESAGUE-E2460.01-RA1-14BL-FV.png",1417,1890,false],"thumbnail":["https:\/\/centroferreterofarvel.com\/wp-content\/uploads\/2024\/02\/CONJUNTO-DESAGUE-E2460.01-RA1-14BL-FV-150x150.png",150,150,true],"medium":["https:\/\/centroferreterofarvel.com\/wp-content\/uploads\/2024\/02\/CONJUNTO-DESAGUE-E2460.01-RA1-14BL-FV-225x300.png",225,300,true],"medium_large":["https:\/\/centroferreterofarvel.com\/wp-content\/uploads\/2024\/02\/CONJUNTO-DESAGUE-E2460.01-RA1-14BL-FV-768x1024.png",768,1024,true],"large":["https:\/\/centroferreterofarvel.com\/wp-content\/uploads\/2024\/02\/CONJUNTO-DESAGUE-E2460.01-RA1-14BL-FV-768x1024.png",768,1024,true],"1536x1536":["https:\/\/centroferreterofarvel.com\/wp-content\/uploads\/2024\/02\/CONJUNTO-DESAGUE-E2460.01-RA1-14BL-FV-1152x1536.png",1152,1536,true],"2048x2048":["https:\/\/centroferreterofarvel.com\/wp-content\/uploads\/2024\/02\/CONJUNTO-DESAGUE-E2460.01-RA1-14BL-FV.png",1417,1890,false],"mailpoet_newsletter_max":["https:\/\/centroferreterofarvel.com\/wp-content\/uploads\/2024\/02\/CONJUNTO-DESAGUE-E2460.01-RA1-14BL-FV-1320x1761.png",1320,1761,true],"woocommerce_thumbnail":["https:\/\/centroferreterofarvel.com\/wp-content\/uploads\/2024\/02\/CONJUNTO-DESAGUE-E2460.01-RA1-14BL-FV-450x450.png",450,450,true],"woocommerce_single":["https:\/\/centroferreterofarvel.com\/wp-content\/uploads\/2024\/02\/CONJUNTO-DESAGUE-E2460.01-RA1-14BL-FV-600x800.png",600,800,true],"woocommerce_gallery_thumbnail":["https:\/\/centroferreterofarvel.com\/wp-content\/uploads\/2024\/02\/CONJUNTO-DESAGUE-E2460.01-RA1-14BL-FV-100x100.png",100,100,true]},"uagb_author_info":{"display_name":"centroferreterofarvel","author_link":"https:\/\/centroferreterofarvel.com\/index.php\/author\/"},"uagb_comment_info":0,"uagb_excerpt":"Conjunto Desag\u00fce 1 1\/2BL FV: Eficiencia y Calidad en Plomer\u00eda.","_links":{"self":[{"href":"https:\/\/centroferreterofarvel.com\/index.php\/wp-json\/wp\/v2\/product\/6969"}],"collection":[{"href":"https:\/\/centroferreterofarvel.com\/index.php\/wp-json\/wp\/v2\/product"}],"about":[{"href":"https:\/\/centroferreterofarvel.com\/index.php\/wp-json\/wp\/v2\/types\/product"}],"replies":[{"embeddable":true,"href":"https:\/\/centroferreterofarvel.com\/index.php\/wp-json\/wp\/v2\/comments?post=6969"}],"version-history":[{"count":3,"href":"https:\/\/centroferreterofarvel.com\/index.php\/wp-json\/wp\/v2\/product\/6969\/revisions"}],"predecessor-version":[{"id":9907,"href":"https:\/\/centroferreterofarvel.com\/index.php\/wp-json\/wp\/v2\/product\/6969\/revisions\/9907"}],"wp:featuredmedia":[{"embeddable":true,"href":"https:\/\/centroferreterofarvel.com\/index.php\/wp-json\/wp\/v2\/media\/6970"}],"wp:attachment":[{"href":"https:\/\/centroferreterofarvel.com\/index.php\/wp-json\/wp\/v2\/media?parent=6969"}],"wp:term":[{"taxonomy":"product_cat","embeddable":true,"href":"https:\/\/centroferreterofarvel.com\/index.php\/wp-json\/wp\/v2\/product_cat?post=6969"},{"taxonomy":"product_tag","embeddable":true,"href":"https:\/\/centroferreterofarvel.com\/index.php\/wp-json\/wp\/v2\/product_tag?post=6969"}],"curies":[{"name":"wp","href":"https:\/\/api.w.org\/{rel}","templated":true}]}}