{"id":6989,"date":"2024-02-19T14:11:47","date_gmt":"2024-02-19T19:11:47","guid":{"rendered":"https:\/\/centroferreterofarvel.com\/?post_type=product&#038;p=6989"},"modified":"2024-04-11T00:00:44","modified_gmt":"2024-04-11T05:00:44","slug":"copa-para-taladro-10-5-16-comando","status":"publish","type":"product","link":"https:\/\/centroferreterofarvel.com\/index.php\/producto\/copa-para-taladro-10-5-16-comando\/","title":{"rendered":"COPA PARA TALADRO 10.5\/16 COMANDO"},"content":{"rendered":"<p>La Copa para Taladro 10.5\/16 Comando es la herramienta esencial para lograr perforaciones precisas con un control total. Dise\u00f1ada para adaptarse a tu taladro, Ya sea que est\u00e9s trabajando en proyectos de construcci\u00f3n, El dise\u00f1o de la copa garantiza cortes limpios y precisos, permiti\u00e9ndote realizar perforaciones con la m\u00e1xima exactitud. Carpinter\u00eda o cualquier otra tarea que requiera perforaciones, la Copa para Taladro 10.5\/16 Comando es tu aliado perfecto. Asegura perforaciones precisas y control total con esta herramienta de calidad.<\/p>\n","protected":false},"excerpt":{"rendered":"<p>Copa para Taladro 10.5\/16 Comando: Perforaciones Precisas con Control Total.<\/p>\n","protected":false},"featured_media":6990,"comment_status":"open","ping_status":"closed","template":"","meta":{"_uag_custom_page_level_css":""},"product_cat":[133,132],"product_tag":[920,643,625,921,761],"jetpack_sharing_enabled":true,"uagb_featured_image_src":{"full":["https:\/\/centroferreterofarvel.com\/wp-content\/uploads\/2024\/02\/COPA-PARA-TALADRO-10.-516-COMANDO.png",1417,1890,false],"thumbnail":["https:\/\/centroferreterofarvel.com\/wp-content\/uploads\/2024\/02\/COPA-PARA-TALADRO-10.-516-COMANDO-150x150.png",150,150,true],"medium":["https:\/\/centroferreterofarvel.com\/wp-content\/uploads\/2024\/02\/COPA-PARA-TALADRO-10.-516-COMANDO-225x300.png",225,300,true],"medium_large":["https:\/\/centroferreterofarvel.com\/wp-content\/uploads\/2024\/02\/COPA-PARA-TALADRO-10.-516-COMANDO-768x1024.png",768,1024,true],"large":["https:\/\/centroferreterofarvel.com\/wp-content\/uploads\/2024\/02\/COPA-PARA-TALADRO-10.-516-COMANDO-768x1024.png",768,1024,true],"1536x1536":["https:\/\/centroferreterofarvel.com\/wp-content\/uploads\/2024\/02\/COPA-PARA-TALADRO-10.-516-COMANDO-1152x1536.png",1152,1536,true],"2048x2048":["https:\/\/centroferreterofarvel.com\/wp-content\/uploads\/2024\/02\/COPA-PARA-TALADRO-10.-516-COMANDO.png",1417,1890,false],"mailpoet_newsletter_max":["https:\/\/centroferreterofarvel.com\/wp-content\/uploads\/2024\/02\/COPA-PARA-TALADRO-10.-516-COMANDO-1320x1761.png",1320,1761,true],"woocommerce_thumbnail":["https:\/\/centroferreterofarvel.com\/wp-content\/uploads\/2024\/02\/COPA-PARA-TALADRO-10.-516-COMANDO-450x450.png",450,450,true],"woocommerce_single":["https:\/\/centroferreterofarvel.com\/wp-content\/uploads\/2024\/02\/COPA-PARA-TALADRO-10.-516-COMANDO-600x800.png",600,800,true],"woocommerce_gallery_thumbnail":["https:\/\/centroferreterofarvel.com\/wp-content\/uploads\/2024\/02\/COPA-PARA-TALADRO-10.-516-COMANDO-100x100.png",100,100,true]},"uagb_author_info":{"display_name":"centroferreterofarvel","author_link":"https:\/\/centroferreterofarvel.com\/index.php\/author\/"},"uagb_comment_info":0,"uagb_excerpt":"Copa para Taladro 10.5\/16 Comando: Perforaciones Precisas con Control Total.","_links":{"self":[{"href":"https:\/\/centroferreterofarvel.com\/index.php\/wp-json\/wp\/v2\/product\/6989"}],"collection":[{"href":"https:\/\/centroferreterofarvel.com\/index.php\/wp-json\/wp\/v2\/product"}],"about":[{"href":"https:\/\/centroferreterofarvel.com\/index.php\/wp-json\/wp\/v2\/types\/product"}],"replies":[{"embeddable":true,"href":"https:\/\/centroferreterofarvel.com\/index.php\/wp-json\/wp\/v2\/comments?post=6989"}],"version-history":[{"count":4,"href":"https:\/\/centroferreterofarvel.com\/index.php\/wp-json\/wp\/v2\/product\/6989\/revisions"}],"predecessor-version":[{"id":9792,"href":"https:\/\/centroferreterofarvel.com\/index.php\/wp-json\/wp\/v2\/product\/6989\/revisions\/9792"}],"wp:featuredmedia":[{"embeddable":true,"href":"https:\/\/centroferreterofarvel.com\/index.php\/wp-json\/wp\/v2\/media\/6990"}],"wp:attachment":[{"href":"https:\/\/centroferreterofarvel.com\/index.php\/wp-json\/wp\/v2\/media?parent=6989"}],"wp:term":[{"taxonomy":"product_cat","embeddable":true,"href":"https:\/\/centroferreterofarvel.com\/index.php\/wp-json\/wp\/v2\/product_cat?post=6989"},{"taxonomy":"product_tag","embeddable":true,"href":"https:\/\/centroferreterofarvel.com\/index.php\/wp-json\/wp\/v2\/product_tag?post=6989"}],"curies":[{"name":"wp","href":"https:\/\/api.w.org\/{rel}","templated":true}]}}