{"id":7017,"date":"2024-02-19T14:30:15","date_gmt":"2024-02-19T19:30:15","guid":{"rendered":"https:\/\/centroferreterofarvel.com\/?post_type=product&#038;p=7017"},"modified":"2024-04-10T23:52:43","modified_gmt":"2024-04-11T04:52:43","slug":"destornillador-x2-de-mano","status":"publish","type":"product","link":"https:\/\/centroferreterofarvel.com\/index.php\/producto\/destornillador-x2-de-mano\/","title":{"rendered":"DESTORNILLADOR X2 DE MANO"},"content":{"rendered":"<p>El Conjunto de Destornillador X2 de Mano es la opci\u00f3n perfecta para abordar una amplia variedad de tareas con facilidad y precisi\u00f3n. Este conjunto incluye destornilladores planos y de estrella, proporcionando versatilidad para cualquier proyecto que tengas en mente. Con dos destornilladores esenciales en un conjunto, tienes la versatilidad de abordar tanto tornillos planos como de estrella con este conjunto de herramientas. Con el Conjunto de Destornillador X2 de Mano, estar\u00e1s preparado para enfrentar cualquier tarea que se presente. Simplifica tus proyectos y realiza ajustes con precisi\u00f3n utilizando esta herramienta manual vers\u00e1til y duradera.<\/p>\n","protected":false},"excerpt":{"rendered":"<p>Destornillador X2 de Mano: Conjunto Vers\u00e1til para tus Tareas Diarias.<\/p>\n","protected":false},"featured_media":9390,"comment_status":"open","ping_status":"closed","template":"","meta":{"_uag_custom_page_level_css":""},"product_cat":[143,139],"product_tag":[939,926,940,942,941,920,936,625,623],"jetpack_sharing_enabled":true,"uagb_featured_image_src":{"full":["https:\/\/centroferreterofarvel.com\/wp-content\/uploads\/2024\/02\/DESTORNILLADOR-X2-DE-MANO-1.png",1080,1350,false],"thumbnail":["https:\/\/centroferreterofarvel.com\/wp-content\/uploads\/2024\/02\/DESTORNILLADOR-X2-DE-MANO-1-150x150.png",150,150,true],"medium":["https:\/\/centroferreterofarvel.com\/wp-content\/uploads\/2024\/02\/DESTORNILLADOR-X2-DE-MANO-1-240x300.png",240,300,true],"medium_large":["https:\/\/centroferreterofarvel.com\/wp-content\/uploads\/2024\/02\/DESTORNILLADOR-X2-DE-MANO-1-768x960.png",768,960,true],"large":["https:\/\/centroferreterofarvel.com\/wp-content\/uploads\/2024\/02\/DESTORNILLADOR-X2-DE-MANO-1-819x1024.png",819,1024,true],"1536x1536":["https:\/\/centroferreterofarvel.com\/wp-content\/uploads\/2024\/02\/DESTORNILLADOR-X2-DE-MANO-1.png",1080,1350,false],"2048x2048":["https:\/\/centroferreterofarvel.com\/wp-content\/uploads\/2024\/02\/DESTORNILLADOR-X2-DE-MANO-1.png",1080,1350,false],"mailpoet_newsletter_max":["https:\/\/centroferreterofarvel.com\/wp-content\/uploads\/2024\/02\/DESTORNILLADOR-X2-DE-MANO-1.png",1080,1350,false],"woocommerce_thumbnail":["https:\/\/centroferreterofarvel.com\/wp-content\/uploads\/2024\/02\/DESTORNILLADOR-X2-DE-MANO-1-450x450.png",450,450,true],"woocommerce_single":["https:\/\/centroferreterofarvel.com\/wp-content\/uploads\/2024\/02\/DESTORNILLADOR-X2-DE-MANO-1-600x750.png",600,750,true],"woocommerce_gallery_thumbnail":["https:\/\/centroferreterofarvel.com\/wp-content\/uploads\/2024\/02\/DESTORNILLADOR-X2-DE-MANO-1-100x100.png",100,100,true]},"uagb_author_info":{"display_name":"centroferreterofarvel","author_link":"https:\/\/centroferreterofarvel.com\/index.php\/author\/"},"uagb_comment_info":0,"uagb_excerpt":"Destornillador X2 de Mano: Conjunto Vers\u00e1til para tus Tareas Diarias.","_links":{"self":[{"href":"https:\/\/centroferreterofarvel.com\/index.php\/wp-json\/wp\/v2\/product\/7017"}],"collection":[{"href":"https:\/\/centroferreterofarvel.com\/index.php\/wp-json\/wp\/v2\/product"}],"about":[{"href":"https:\/\/centroferreterofarvel.com\/index.php\/wp-json\/wp\/v2\/types\/product"}],"replies":[{"embeddable":true,"href":"https:\/\/centroferreterofarvel.com\/index.php\/wp-json\/wp\/v2\/comments?post=7017"}],"version-history":[{"count":2,"href":"https:\/\/centroferreterofarvel.com\/index.php\/wp-json\/wp\/v2\/product\/7017\/revisions"}],"predecessor-version":[{"id":7908,"href":"https:\/\/centroferreterofarvel.com\/index.php\/wp-json\/wp\/v2\/product\/7017\/revisions\/7908"}],"wp:featuredmedia":[{"embeddable":true,"href":"https:\/\/centroferreterofarvel.com\/index.php\/wp-json\/wp\/v2\/media\/9390"}],"wp:attachment":[{"href":"https:\/\/centroferreterofarvel.com\/index.php\/wp-json\/wp\/v2\/media?parent=7017"}],"wp:term":[{"taxonomy":"product_cat","embeddable":true,"href":"https:\/\/centroferreterofarvel.com\/index.php\/wp-json\/wp\/v2\/product_cat?post=7017"},{"taxonomy":"product_tag","embeddable":true,"href":"https:\/\/centroferreterofarvel.com\/index.php\/wp-json\/wp\/v2\/product_tag?post=7017"}],"curies":[{"name":"wp","href":"https:\/\/api.w.org\/{rel}","templated":true}]}}