{"id":7050,"date":"2024-02-19T16:36:00","date_gmt":"2024-02-19T21:36:00","guid":{"rendered":"https:\/\/centroferreterofarvel.com\/?post_type=product&#038;p=7050"},"modified":"2024-07-22T13:07:47","modified_gmt":"2024-07-22T18:07:47","slug":"disco-economico-diamante-seg-4-comando","status":"publish","type":"product","link":"https:\/\/centroferreterofarvel.com\/index.php\/producto\/disco-economico-diamante-seg-4-comando\/","title":{"rendered":"DISCO ECON\u00d3MICO DIAMANTE SEG 4 COMANDO"},"content":{"rendered":"<p>El Disco Econ\u00f3mico de Diamante Segmentado (SEG) 4 Comando es la herramienta esencial para lograr cortes eficientes y precisos en una variedad de materiales, desde concreto hasta ladrillo y bloque de granito. Ya sea que est\u00e9s trabajando en la construcci\u00f3n, renovaci\u00f3n o cualquier proyecto que requiera cortes precisos, el Disco Econ\u00f3mico de Diamante Segmentado (SEG) 4 Comando es la elecci\u00f3n ideal. Asegura resultados de calidad con esta herramienta vers\u00e1til y eficiente en tus tareas de corte.<\/p>\n","protected":false},"excerpt":{"rendered":"<p>Disco Econ\u00f3mico de Diamante Segmentado (SEG) 4 Comando: Cortes Eficientes y Precisos.<\/p>\n","protected":false},"featured_media":7051,"comment_status":"open","ping_status":"closed","template":"","meta":{"_uag_custom_page_level_css":""},"product_cat":[135,132],"product_tag":[948,945,946,947,943,944,734],"jetpack_sharing_enabled":true,"uagb_featured_image_src":{"full":["https:\/\/centroferreterofarvel.com\/wp-content\/uploads\/2024\/02\/DISCO-ECONOMICO-DIAMANTE-SEG-4-COMANDO.png",1417,1890,false],"thumbnail":["https:\/\/centroferreterofarvel.com\/wp-content\/uploads\/2024\/02\/DISCO-ECONOMICO-DIAMANTE-SEG-4-COMANDO-150x150.png",150,150,true],"medium":["https:\/\/centroferreterofarvel.com\/wp-content\/uploads\/2024\/02\/DISCO-ECONOMICO-DIAMANTE-SEG-4-COMANDO-225x300.png",225,300,true],"medium_large":["https:\/\/centroferreterofarvel.com\/wp-content\/uploads\/2024\/02\/DISCO-ECONOMICO-DIAMANTE-SEG-4-COMANDO-768x1024.png",768,1024,true],"large":["https:\/\/centroferreterofarvel.com\/wp-content\/uploads\/2024\/02\/DISCO-ECONOMICO-DIAMANTE-SEG-4-COMANDO-768x1024.png",768,1024,true],"1536x1536":["https:\/\/centroferreterofarvel.com\/wp-content\/uploads\/2024\/02\/DISCO-ECONOMICO-DIAMANTE-SEG-4-COMANDO-1152x1536.png",1152,1536,true],"2048x2048":["https:\/\/centroferreterofarvel.com\/wp-content\/uploads\/2024\/02\/DISCO-ECONOMICO-DIAMANTE-SEG-4-COMANDO.png",1417,1890,false],"mailpoet_newsletter_max":["https:\/\/centroferreterofarvel.com\/wp-content\/uploads\/2024\/02\/DISCO-ECONOMICO-DIAMANTE-SEG-4-COMANDO-1320x1761.png",1320,1761,true],"woocommerce_thumbnail":["https:\/\/centroferreterofarvel.com\/wp-content\/uploads\/2024\/02\/DISCO-ECONOMICO-DIAMANTE-SEG-4-COMANDO-450x450.png",450,450,true],"woocommerce_single":["https:\/\/centroferreterofarvel.com\/wp-content\/uploads\/2024\/02\/DISCO-ECONOMICO-DIAMANTE-SEG-4-COMANDO-600x800.png",600,800,true],"woocommerce_gallery_thumbnail":["https:\/\/centroferreterofarvel.com\/wp-content\/uploads\/2024\/02\/DISCO-ECONOMICO-DIAMANTE-SEG-4-COMANDO-100x100.png",100,100,true]},"uagb_author_info":{"display_name":"centroferreterofarvel","author_link":"https:\/\/centroferreterofarvel.com\/index.php\/author\/"},"uagb_comment_info":0,"uagb_excerpt":"Disco Econ\u00f3mico de Diamante Segmentado (SEG) 4 Comando: Cortes Eficientes y Precisos.","_links":{"self":[{"href":"https:\/\/centroferreterofarvel.com\/index.php\/wp-json\/wp\/v2\/product\/7050"}],"collection":[{"href":"https:\/\/centroferreterofarvel.com\/index.php\/wp-json\/wp\/v2\/product"}],"about":[{"href":"https:\/\/centroferreterofarvel.com\/index.php\/wp-json\/wp\/v2\/types\/product"}],"replies":[{"embeddable":true,"href":"https:\/\/centroferreterofarvel.com\/index.php\/wp-json\/wp\/v2\/comments?post=7050"}],"version-history":[{"count":5,"href":"https:\/\/centroferreterofarvel.com\/index.php\/wp-json\/wp\/v2\/product\/7050\/revisions"}],"predecessor-version":[{"id":9838,"href":"https:\/\/centroferreterofarvel.com\/index.php\/wp-json\/wp\/v2\/product\/7050\/revisions\/9838"}],"wp:featuredmedia":[{"embeddable":true,"href":"https:\/\/centroferreterofarvel.com\/index.php\/wp-json\/wp\/v2\/media\/7051"}],"wp:attachment":[{"href":"https:\/\/centroferreterofarvel.com\/index.php\/wp-json\/wp\/v2\/media?parent=7050"}],"wp:term":[{"taxonomy":"product_cat","embeddable":true,"href":"https:\/\/centroferreterofarvel.com\/index.php\/wp-json\/wp\/v2\/product_cat?post=7050"},{"taxonomy":"product_tag","embeddable":true,"href":"https:\/\/centroferreterofarvel.com\/index.php\/wp-json\/wp\/v2\/product_tag?post=7050"}],"curies":[{"name":"wp","href":"https:\/\/api.w.org\/{rel}","templated":true}]}}