{"id":7066,"date":"2024-02-19T16:46:59","date_gmt":"2024-02-19T21:46:59","guid":{"rendered":"https:\/\/centroferreterofarvel.com\/?post_type=product&#038;p=7066"},"modified":"2024-07-08T12:58:35","modified_gmt":"2024-07-08T17:58:35","slug":"disco-de-lija-60-fandeli","status":"publish","type":"product","link":"https:\/\/centroferreterofarvel.com\/index.php\/producto\/disco-de-lija-60-fandeli\/","title":{"rendered":"DISCO DE LIJA 60 FANDELI"},"content":{"rendered":"<p>El Disco de Lija Fandeli es la herramienta esencial para lograr acabados profesionales y suaves en una variedad de superficies. Con la calidad reconocida de la marca Fandeli, Ya sea que est\u00e9s trabajando en proyectos de carpinter\u00eda, metalurgia o renovaci\u00f3n, el Disco de Lija Fandeli es la elecci\u00f3n perfecta para obtener superficies lisas y profesionales. Conf\u00eda en la marca l\u00edder en abrasivos y experimenta la excelencia en cada proyecto de lijado.<\/p>\n","protected":false},"excerpt":{"rendered":"<p>Disco de Lija 80 Fandeli: Acabados Profesionales con Calidad Garantizada.<\/p>\n","protected":false},"featured_media":7067,"comment_status":"open","ping_status":"closed","template":"","meta":{"_uag_custom_page_level_css":""},"product_cat":[163,35],"product_tag":[969,971,972,967,966,968,970],"jetpack_sharing_enabled":true,"uagb_featured_image_src":{"full":["https:\/\/centroferreterofarvel.com\/wp-content\/uploads\/2024\/02\/DISCO-DE-LIJA-60-FANDELI.png",1417,1890,false],"thumbnail":["https:\/\/centroferreterofarvel.com\/wp-content\/uploads\/2024\/02\/DISCO-DE-LIJA-60-FANDELI-150x150.png",150,150,true],"medium":["https:\/\/centroferreterofarvel.com\/wp-content\/uploads\/2024\/02\/DISCO-DE-LIJA-60-FANDELI-225x300.png",225,300,true],"medium_large":["https:\/\/centroferreterofarvel.com\/wp-content\/uploads\/2024\/02\/DISCO-DE-LIJA-60-FANDELI-768x1024.png",768,1024,true],"large":["https:\/\/centroferreterofarvel.com\/wp-content\/uploads\/2024\/02\/DISCO-DE-LIJA-60-FANDELI-768x1024.png",768,1024,true],"1536x1536":["https:\/\/centroferreterofarvel.com\/wp-content\/uploads\/2024\/02\/DISCO-DE-LIJA-60-FANDELI-1152x1536.png",1152,1536,true],"2048x2048":["https:\/\/centroferreterofarvel.com\/wp-content\/uploads\/2024\/02\/DISCO-DE-LIJA-60-FANDELI.png",1417,1890,false],"mailpoet_newsletter_max":["https:\/\/centroferreterofarvel.com\/wp-content\/uploads\/2024\/02\/DISCO-DE-LIJA-60-FANDELI-1320x1761.png",1320,1761,true],"woocommerce_thumbnail":["https:\/\/centroferreterofarvel.com\/wp-content\/uploads\/2024\/02\/DISCO-DE-LIJA-60-FANDELI-450x450.png",450,450,true],"woocommerce_single":["https:\/\/centroferreterofarvel.com\/wp-content\/uploads\/2024\/02\/DISCO-DE-LIJA-60-FANDELI-600x800.png",600,800,true],"woocommerce_gallery_thumbnail":["https:\/\/centroferreterofarvel.com\/wp-content\/uploads\/2024\/02\/DISCO-DE-LIJA-60-FANDELI-100x100.png",100,100,true]},"uagb_author_info":{"display_name":"centroferreterofarvel","author_link":"https:\/\/centroferreterofarvel.com\/index.php\/author\/"},"uagb_comment_info":0,"uagb_excerpt":"Disco de Lija 80 Fandeli: Acabados Profesionales con Calidad Garantizada.","_links":{"self":[{"href":"https:\/\/centroferreterofarvel.com\/index.php\/wp-json\/wp\/v2\/product\/7066"}],"collection":[{"href":"https:\/\/centroferreterofarvel.com\/index.php\/wp-json\/wp\/v2\/product"}],"about":[{"href":"https:\/\/centroferreterofarvel.com\/index.php\/wp-json\/wp\/v2\/types\/product"}],"replies":[{"embeddable":true,"href":"https:\/\/centroferreterofarvel.com\/index.php\/wp-json\/wp\/v2\/comments?post=7066"}],"version-history":[{"count":3,"href":"https:\/\/centroferreterofarvel.com\/index.php\/wp-json\/wp\/v2\/product\/7066\/revisions"}],"predecessor-version":[{"id":7924,"href":"https:\/\/centroferreterofarvel.com\/index.php\/wp-json\/wp\/v2\/product\/7066\/revisions\/7924"}],"wp:featuredmedia":[{"embeddable":true,"href":"https:\/\/centroferreterofarvel.com\/index.php\/wp-json\/wp\/v2\/media\/7067"}],"wp:attachment":[{"href":"https:\/\/centroferreterofarvel.com\/index.php\/wp-json\/wp\/v2\/media?parent=7066"}],"wp:term":[{"taxonomy":"product_cat","embeddable":true,"href":"https:\/\/centroferreterofarvel.com\/index.php\/wp-json\/wp\/v2\/product_cat?post=7066"},{"taxonomy":"product_tag","embeddable":true,"href":"https:\/\/centroferreterofarvel.com\/index.php\/wp-json\/wp\/v2\/product_tag?post=7066"}],"curies":[{"name":"wp","href":"https:\/\/api.w.org\/{rel}","templated":true}]}}