{"id":7073,"date":"2024-02-19T16:56:53","date_gmt":"2024-02-19T21:56:53","guid":{"rendered":"https:\/\/centroferreterofarvel.com\/?post_type=product&#038;p=7073"},"modified":"2024-03-28T17:23:32","modified_gmt":"2024-03-28T22:23:32","slug":"disco-flap-de-zirconia-60-dewalt","status":"publish","type":"product","link":"https:\/\/centroferreterofarvel.com\/index.php\/producto\/disco-flap-de-zirconia-60-dewalt\/","title":{"rendered":"DISCO FLAP DE ZIRCONIA 60 DEWALT"},"content":{"rendered":"<p>El Disco Flap de Zirconia 60 DeWalt es la elecci\u00f3n ideal para quienes buscan un rendimiento superior en el lijado profesional. Con la calidad y la innovaci\u00f3n que respalda la marca DeWalt, el dise\u00f1o flap proporciona mayor flexibilidad y conformabilidad, permitiendo un lijado suave y consistente en superficies irregulares. Cuando se trata de obtener resultados de lijado superiores, conf\u00eda en la calidad del Disco Flap de Zirconia 60 DeWalt. Eleva la calidad de tus proyectos de lijado con la innovaci\u00f3n y el rendimiento confiable de DeWalt.<\/p>\n","protected":false},"excerpt":{"rendered":"<p>Disco Flap de Zirconia 60 DeWalt: Rendimiento Superior en Lijado Profesional.<\/p>\n","protected":false},"featured_media":9357,"comment_status":"open","ping_status":"closed","template":"","meta":{"_uag_custom_page_level_css":""},"product_cat":[135,132],"product_tag":[980,975,974,973,977,976,979,978],"jetpack_sharing_enabled":true,"uagb_featured_image_src":{"full":["https:\/\/centroferreterofarvel.com\/wp-content\/uploads\/2024\/02\/DISCO-FLAP-DE-ZIRCONIA-60-DEWALT-2.png",1080,1350,false],"thumbnail":["https:\/\/centroferreterofarvel.com\/wp-content\/uploads\/2024\/02\/DISCO-FLAP-DE-ZIRCONIA-60-DEWALT-2-150x150.png",150,150,true],"medium":["https:\/\/centroferreterofarvel.com\/wp-content\/uploads\/2024\/02\/DISCO-FLAP-DE-ZIRCONIA-60-DEWALT-2-240x300.png",240,300,true],"medium_large":["https:\/\/centroferreterofarvel.com\/wp-content\/uploads\/2024\/02\/DISCO-FLAP-DE-ZIRCONIA-60-DEWALT-2-768x960.png",768,960,true],"large":["https:\/\/centroferreterofarvel.com\/wp-content\/uploads\/2024\/02\/DISCO-FLAP-DE-ZIRCONIA-60-DEWALT-2-819x1024.png",819,1024,true],"1536x1536":["https:\/\/centroferreterofarvel.com\/wp-content\/uploads\/2024\/02\/DISCO-FLAP-DE-ZIRCONIA-60-DEWALT-2.png",1080,1350,false],"2048x2048":["https:\/\/centroferreterofarvel.com\/wp-content\/uploads\/2024\/02\/DISCO-FLAP-DE-ZIRCONIA-60-DEWALT-2.png",1080,1350,false],"mailpoet_newsletter_max":["https:\/\/centroferreterofarvel.com\/wp-content\/uploads\/2024\/02\/DISCO-FLAP-DE-ZIRCONIA-60-DEWALT-2.png",1080,1350,false],"woocommerce_thumbnail":["https:\/\/centroferreterofarvel.com\/wp-content\/uploads\/2024\/02\/DISCO-FLAP-DE-ZIRCONIA-60-DEWALT-2-450x450.png",450,450,true],"woocommerce_single":["https:\/\/centroferreterofarvel.com\/wp-content\/uploads\/2024\/02\/DISCO-FLAP-DE-ZIRCONIA-60-DEWALT-2-600x750.png",600,750,true],"woocommerce_gallery_thumbnail":["https:\/\/centroferreterofarvel.com\/wp-content\/uploads\/2024\/02\/DISCO-FLAP-DE-ZIRCONIA-60-DEWALT-2-100x100.png",100,100,true]},"uagb_author_info":{"display_name":"centroferreterofarvel","author_link":"https:\/\/centroferreterofarvel.com\/index.php\/author\/"},"uagb_comment_info":0,"uagb_excerpt":"Disco Flap de Zirconia 60 DeWalt: Rendimiento Superior en Lijado Profesional.","_links":{"self":[{"href":"https:\/\/centroferreterofarvel.com\/index.php\/wp-json\/wp\/v2\/product\/7073"}],"collection":[{"href":"https:\/\/centroferreterofarvel.com\/index.php\/wp-json\/wp\/v2\/product"}],"about":[{"href":"https:\/\/centroferreterofarvel.com\/index.php\/wp-json\/wp\/v2\/types\/product"}],"replies":[{"embeddable":true,"href":"https:\/\/centroferreterofarvel.com\/index.php\/wp-json\/wp\/v2\/comments?post=7073"}],"version-history":[{"count":3,"href":"https:\/\/centroferreterofarvel.com\/index.php\/wp-json\/wp\/v2\/product\/7073\/revisions"}],"predecessor-version":[{"id":9648,"href":"https:\/\/centroferreterofarvel.com\/index.php\/wp-json\/wp\/v2\/product\/7073\/revisions\/9648"}],"wp:featuredmedia":[{"embeddable":true,"href":"https:\/\/centroferreterofarvel.com\/index.php\/wp-json\/wp\/v2\/media\/9357"}],"wp:attachment":[{"href":"https:\/\/centroferreterofarvel.com\/index.php\/wp-json\/wp\/v2\/media?parent=7073"}],"wp:term":[{"taxonomy":"product_cat","embeddable":true,"href":"https:\/\/centroferreterofarvel.com\/index.php\/wp-json\/wp\/v2\/product_cat?post=7073"},{"taxonomy":"product_tag","embeddable":true,"href":"https:\/\/centroferreterofarvel.com\/index.php\/wp-json\/wp\/v2\/product_tag?post=7073"}],"curies":[{"name":"wp","href":"https:\/\/api.w.org\/{rel}","templated":true}]}}