{"id":7089,"date":"2024-02-20T12:29:09","date_gmt":"2024-02-20T17:29:09","guid":{"rendered":"https:\/\/centroferreterofarvel.com\/?post_type=product&#038;p=7089"},"modified":"2024-04-11T00:47:02","modified_gmt":"2024-04-11T05:47:02","slug":"ducha-4-gris-127v-c-miniducha-5400w-super-ducha","status":"publish","type":"product","link":"https:\/\/centroferreterofarvel.com\/index.php\/producto\/ducha-4-gris-127v-c-miniducha-5400w-super-ducha\/","title":{"rendered":"DUCHA 4 GRIS 127V CON MINIDUCHA 5400W SUPER DUCHA"},"content":{"rendered":"<p>La Super Ducha 4 Gris 127V con Mini Ducha es la elecci\u00f3n perfecta para aquellos que buscan una experiencia de ba\u00f1o completa y potente. Ofrece un rango de potencia desde 2000 W hasta un m\u00e1ximo de 5400 W, permiti\u00e9ndote adaptar la temperatura del agua seg\u00fan tus preferencias y necesidades. Su combinaci\u00f3n de colores gris y blanco aporta un toque contempor\u00e1neo y elegante a tu ba\u00f1o. Disfruta de un ba\u00f1o c\u00f3modo y ajustado a tus preferencias en cualquier momento del d\u00eda.<\/p>\n","protected":false},"excerpt":{"rendered":"<p>Super Ducha 4 Gris 127V con Mini Ducha 5400W: Experiencia de Ba\u00f1o de Alta Potencia y Versatilidad<\/p>\n","protected":false},"featured_media":8469,"comment_status":"open","ping_status":"closed","template":"","meta":{"_uag_custom_page_level_css":""},"product_cat":[98,101],"product_tag":[391,487,1004,995,1003,1001,1002],"jetpack_sharing_enabled":true,"uagb_featured_image_src":{"full":["https:\/\/centroferreterofarvel.com\/wp-content\/uploads\/2024\/02\/DUCHA-4-GRIS-127V-C-MINIDUCHA-5400W-SUPER-DUCHA.png",1080,1350,false],"thumbnail":["https:\/\/centroferreterofarvel.com\/wp-content\/uploads\/2024\/02\/DUCHA-4-GRIS-127V-C-MINIDUCHA-5400W-SUPER-DUCHA-150x150.png",150,150,true],"medium":["https:\/\/centroferreterofarvel.com\/wp-content\/uploads\/2024\/02\/DUCHA-4-GRIS-127V-C-MINIDUCHA-5400W-SUPER-DUCHA-240x300.png",240,300,true],"medium_large":["https:\/\/centroferreterofarvel.com\/wp-content\/uploads\/2024\/02\/DUCHA-4-GRIS-127V-C-MINIDUCHA-5400W-SUPER-DUCHA-768x960.png",768,960,true],"large":["https:\/\/centroferreterofarvel.com\/wp-content\/uploads\/2024\/02\/DUCHA-4-GRIS-127V-C-MINIDUCHA-5400W-SUPER-DUCHA-819x1024.png",819,1024,true],"1536x1536":["https:\/\/centroferreterofarvel.com\/wp-content\/uploads\/2024\/02\/DUCHA-4-GRIS-127V-C-MINIDUCHA-5400W-SUPER-DUCHA.png",1080,1350,false],"2048x2048":["https:\/\/centroferreterofarvel.com\/wp-content\/uploads\/2024\/02\/DUCHA-4-GRIS-127V-C-MINIDUCHA-5400W-SUPER-DUCHA.png",1080,1350,false],"mailpoet_newsletter_max":["https:\/\/centroferreterofarvel.com\/wp-content\/uploads\/2024\/02\/DUCHA-4-GRIS-127V-C-MINIDUCHA-5400W-SUPER-DUCHA.png",1080,1350,false],"woocommerce_thumbnail":["https:\/\/centroferreterofarvel.com\/wp-content\/uploads\/2024\/02\/DUCHA-4-GRIS-127V-C-MINIDUCHA-5400W-SUPER-DUCHA-450x450.png",450,450,true],"woocommerce_single":["https:\/\/centroferreterofarvel.com\/wp-content\/uploads\/2024\/02\/DUCHA-4-GRIS-127V-C-MINIDUCHA-5400W-SUPER-DUCHA-600x750.png",600,750,true],"woocommerce_gallery_thumbnail":["https:\/\/centroferreterofarvel.com\/wp-content\/uploads\/2024\/02\/DUCHA-4-GRIS-127V-C-MINIDUCHA-5400W-SUPER-DUCHA-100x100.png",100,100,true]},"uagb_author_info":{"display_name":"centroferreterofarvel","author_link":"https:\/\/centroferreterofarvel.com\/index.php\/author\/"},"uagb_comment_info":0,"uagb_excerpt":"Super Ducha 4 Gris 127V con Mini Ducha 5400W: Experiencia de Ba\u00f1o de Alta Potencia y Versatilidad","_links":{"self":[{"href":"https:\/\/centroferreterofarvel.com\/index.php\/wp-json\/wp\/v2\/product\/7089"}],"collection":[{"href":"https:\/\/centroferreterofarvel.com\/index.php\/wp-json\/wp\/v2\/product"}],"about":[{"href":"https:\/\/centroferreterofarvel.com\/index.php\/wp-json\/wp\/v2\/types\/product"}],"replies":[{"embeddable":true,"href":"https:\/\/centroferreterofarvel.com\/index.php\/wp-json\/wp\/v2\/comments?post=7089"}],"version-history":[{"count":3,"href":"https:\/\/centroferreterofarvel.com\/index.php\/wp-json\/wp\/v2\/product\/7089\/revisions"}],"predecessor-version":[{"id":7942,"href":"https:\/\/centroferreterofarvel.com\/index.php\/wp-json\/wp\/v2\/product\/7089\/revisions\/7942"}],"wp:featuredmedia":[{"embeddable":true,"href":"https:\/\/centroferreterofarvel.com\/index.php\/wp-json\/wp\/v2\/media\/8469"}],"wp:attachment":[{"href":"https:\/\/centroferreterofarvel.com\/index.php\/wp-json\/wp\/v2\/media?parent=7089"}],"wp:term":[{"taxonomy":"product_cat","embeddable":true,"href":"https:\/\/centroferreterofarvel.com\/index.php\/wp-json\/wp\/v2\/product_cat?post=7089"},{"taxonomy":"product_tag","embeddable":true,"href":"https:\/\/centroferreterofarvel.com\/index.php\/wp-json\/wp\/v2\/product_tag?post=7089"}],"curies":[{"name":"wp","href":"https:\/\/api.w.org\/{rel}","templated":true}]}}