{"id":7098,"date":"2024-02-20T12:43:49","date_gmt":"2024-02-20T17:43:49","guid":{"rendered":"https:\/\/centroferreterofarvel.com\/?post_type=product&#038;p=7098"},"modified":"2024-06-20T14:42:45","modified_gmt":"2024-06-20T19:42:45","slug":"ducha-lorenzetti","status":"publish","type":"product","link":"https:\/\/centroferreterofarvel.com\/index.php\/producto\/ducha-lorenzetti\/","title":{"rendered":"DUCHA LORENZETTI"},"content":{"rendered":"<p>La Ducha Lorenzetti es sin\u00f3nimo de innovaci\u00f3n y confort en el mundo de las duchas el\u00e9ctricas. Dise\u00f1ada para brindar una experiencia de ba\u00f1o placentera, la ducha Lorenzetti destaca por sus caracter\u00edsticas avanzadas y su sencillo proceso de instalaci\u00f3n. Con tecnolog\u00eda avanzada, la ducha Lorenzetti est\u00e1 dise\u00f1ada para ser eficiente en el consumo de energ\u00eda, ofreciendo un rendimiento \u00f3ptimo sin excesos. Transforma tu rutina diaria con la calidad y confianza que brinda Lorenzetti.<\/p>\n","protected":false},"excerpt":{"rendered":"<p>Ducha Lorenzetti: Innovaci\u00f3n y Confort para tu Ba\u00f1o.<\/p>\n","protected":false},"featured_media":7101,"comment_status":"open","ping_status":"closed","template":"","meta":{"_uag_custom_page_level_css":""},"product_cat":[98,101],"product_tag":[391,1004,995,1023,1022,1020,1024,1021,1011],"jetpack_sharing_enabled":true,"uagb_featured_image_src":{"full":["https:\/\/centroferreterofarvel.com\/wp-content\/uploads\/2024\/02\/DUCHA-LORENZETTI-1.png",1080,1350,false],"thumbnail":["https:\/\/centroferreterofarvel.com\/wp-content\/uploads\/2024\/02\/DUCHA-LORENZETTI-1-150x150.png",150,150,true],"medium":["https:\/\/centroferreterofarvel.com\/wp-content\/uploads\/2024\/02\/DUCHA-LORENZETTI-1-240x300.png",240,300,true],"medium_large":["https:\/\/centroferreterofarvel.com\/wp-content\/uploads\/2024\/02\/DUCHA-LORENZETTI-1-768x960.png",768,960,true],"large":["https:\/\/centroferreterofarvel.com\/wp-content\/uploads\/2024\/02\/DUCHA-LORENZETTI-1-819x1024.png",819,1024,true],"1536x1536":["https:\/\/centroferreterofarvel.com\/wp-content\/uploads\/2024\/02\/DUCHA-LORENZETTI-1.png",1080,1350,false],"2048x2048":["https:\/\/centroferreterofarvel.com\/wp-content\/uploads\/2024\/02\/DUCHA-LORENZETTI-1.png",1080,1350,false],"mailpoet_newsletter_max":["https:\/\/centroferreterofarvel.com\/wp-content\/uploads\/2024\/02\/DUCHA-LORENZETTI-1.png",1080,1350,false],"woocommerce_thumbnail":["https:\/\/centroferreterofarvel.com\/wp-content\/uploads\/2024\/02\/DUCHA-LORENZETTI-1-450x450.png",450,450,true],"woocommerce_single":["https:\/\/centroferreterofarvel.com\/wp-content\/uploads\/2024\/02\/DUCHA-LORENZETTI-1-600x750.png",600,750,true],"woocommerce_gallery_thumbnail":["https:\/\/centroferreterofarvel.com\/wp-content\/uploads\/2024\/02\/DUCHA-LORENZETTI-1-100x100.png",100,100,true]},"uagb_author_info":{"display_name":"centroferreterofarvel","author_link":"https:\/\/centroferreterofarvel.com\/index.php\/author\/"},"uagb_comment_info":0,"uagb_excerpt":"Ducha Lorenzetti: Innovaci\u00f3n y Confort para tu Ba\u00f1o.","_links":{"self":[{"href":"https:\/\/centroferreterofarvel.com\/index.php\/wp-json\/wp\/v2\/product\/7098"}],"collection":[{"href":"https:\/\/centroferreterofarvel.com\/index.php\/wp-json\/wp\/v2\/product"}],"about":[{"href":"https:\/\/centroferreterofarvel.com\/index.php\/wp-json\/wp\/v2\/types\/product"}],"replies":[{"embeddable":true,"href":"https:\/\/centroferreterofarvel.com\/index.php\/wp-json\/wp\/v2\/comments?post=7098"}],"version-history":[{"count":4,"href":"https:\/\/centroferreterofarvel.com\/index.php\/wp-json\/wp\/v2\/product\/7098\/revisions"}],"predecessor-version":[{"id":11096,"href":"https:\/\/centroferreterofarvel.com\/index.php\/wp-json\/wp\/v2\/product\/7098\/revisions\/11096"}],"wp:featuredmedia":[{"embeddable":true,"href":"https:\/\/centroferreterofarvel.com\/index.php\/wp-json\/wp\/v2\/media\/7101"}],"wp:attachment":[{"href":"https:\/\/centroferreterofarvel.com\/index.php\/wp-json\/wp\/v2\/media?parent=7098"}],"wp:term":[{"taxonomy":"product_cat","embeddable":true,"href":"https:\/\/centroferreterofarvel.com\/index.php\/wp-json\/wp\/v2\/product_cat?post=7098"},{"taxonomy":"product_tag","embeddable":true,"href":"https:\/\/centroferreterofarvel.com\/index.php\/wp-json\/wp\/v2\/product_tag?post=7098"}],"curies":[{"name":"wp","href":"https:\/\/api.w.org\/{rel}","templated":true}]}}