{"id":7107,"date":"2024-02-20T14:00:18","date_gmt":"2024-02-20T19:00:18","guid":{"rendered":"https:\/\/centroferreterofarvel.com\/?post_type=product&#038;p=7107"},"modified":"2024-04-02T15:21:46","modified_gmt":"2024-04-02T20:21:46","slug":"empaque-fregadero","status":"publish","type":"product","link":"https:\/\/centroferreterofarvel.com\/index.php\/producto\/empaque-fregadero\/","title":{"rendered":"EMPAQUE FREGADERO"},"content":{"rendered":"<p>El empaque para llave de fregadero es una pieza esencial para asegurar un sellado seguro y libre de fugas en la parte media del fregadero. Su funci\u00f3n principal es proporcionar un aislamiento herm\u00e9tico entre las conexiones, evitando posibles escapes de agua y contribuyendo al funcionamiento eficiente de la llave. El empaque est\u00e1 fabricado con materiales resistentes al agua y a la humedad, garantizando un sellado efectivo incluso en entornos h\u00famedos como el \u00e1rea del fregadero. Con un empaque de calidad, puedes disfrutar de un funcionamiento sin preocupaciones en la parte media de tu fregadero.<\/p>\n","protected":false},"excerpt":{"rendered":"<p>Empaque para Llave de Fregadero: Garantizando un Sello Seguro en la Parte Media del Fregadero.<\/p>\n","protected":false},"featured_media":9416,"comment_status":"open","ping_status":"closed","template":"","meta":{"_uag_custom_page_level_css":""},"product_cat":[22,178],"product_tag":[1026,1030,1033,1032,1029,1031],"jetpack_sharing_enabled":true,"uagb_featured_image_src":{"full":["https:\/\/centroferreterofarvel.com\/wp-content\/uploads\/2024\/02\/EMPAQUE-FREGADERO-1.png",1080,1350,false],"thumbnail":["https:\/\/centroferreterofarvel.com\/wp-content\/uploads\/2024\/02\/EMPAQUE-FREGADERO-1-150x150.png",150,150,true],"medium":["https:\/\/centroferreterofarvel.com\/wp-content\/uploads\/2024\/02\/EMPAQUE-FREGADERO-1-240x300.png",240,300,true],"medium_large":["https:\/\/centroferreterofarvel.com\/wp-content\/uploads\/2024\/02\/EMPAQUE-FREGADERO-1-768x960.png",768,960,true],"large":["https:\/\/centroferreterofarvel.com\/wp-content\/uploads\/2024\/02\/EMPAQUE-FREGADERO-1-819x1024.png",819,1024,true],"1536x1536":["https:\/\/centroferreterofarvel.com\/wp-content\/uploads\/2024\/02\/EMPAQUE-FREGADERO-1.png",1080,1350,false],"2048x2048":["https:\/\/centroferreterofarvel.com\/wp-content\/uploads\/2024\/02\/EMPAQUE-FREGADERO-1.png",1080,1350,false],"mailpoet_newsletter_max":["https:\/\/centroferreterofarvel.com\/wp-content\/uploads\/2024\/02\/EMPAQUE-FREGADERO-1.png",1080,1350,false],"woocommerce_thumbnail":["https:\/\/centroferreterofarvel.com\/wp-content\/uploads\/2024\/02\/EMPAQUE-FREGADERO-1-450x450.png",450,450,true],"woocommerce_single":["https:\/\/centroferreterofarvel.com\/wp-content\/uploads\/2024\/02\/EMPAQUE-FREGADERO-1-600x750.png",600,750,true],"woocommerce_gallery_thumbnail":["https:\/\/centroferreterofarvel.com\/wp-content\/uploads\/2024\/02\/EMPAQUE-FREGADERO-1-100x100.png",100,100,true]},"uagb_author_info":{"display_name":"centroferreterofarvel","author_link":"https:\/\/centroferreterofarvel.com\/index.php\/author\/"},"uagb_comment_info":0,"uagb_excerpt":"Empaque para Llave de Fregadero: Garantizando un Sello Seguro en la Parte Media del Fregadero.","_links":{"self":[{"href":"https:\/\/centroferreterofarvel.com\/index.php\/wp-json\/wp\/v2\/product\/7107"}],"collection":[{"href":"https:\/\/centroferreterofarvel.com\/index.php\/wp-json\/wp\/v2\/product"}],"about":[{"href":"https:\/\/centroferreterofarvel.com\/index.php\/wp-json\/wp\/v2\/types\/product"}],"replies":[{"embeddable":true,"href":"https:\/\/centroferreterofarvel.com\/index.php\/wp-json\/wp\/v2\/comments?post=7107"}],"version-history":[{"count":3,"href":"https:\/\/centroferreterofarvel.com\/index.php\/wp-json\/wp\/v2\/product\/7107\/revisions"}],"predecessor-version":[{"id":9721,"href":"https:\/\/centroferreterofarvel.com\/index.php\/wp-json\/wp\/v2\/product\/7107\/revisions\/9721"}],"wp:featuredmedia":[{"embeddable":true,"href":"https:\/\/centroferreterofarvel.com\/index.php\/wp-json\/wp\/v2\/media\/9416"}],"wp:attachment":[{"href":"https:\/\/centroferreterofarvel.com\/index.php\/wp-json\/wp\/v2\/media?parent=7107"}],"wp:term":[{"taxonomy":"product_cat","embeddable":true,"href":"https:\/\/centroferreterofarvel.com\/index.php\/wp-json\/wp\/v2\/product_cat?post=7107"},{"taxonomy":"product_tag","embeddable":true,"href":"https:\/\/centroferreterofarvel.com\/index.php\/wp-json\/wp\/v2\/product_tag?post=7107"}],"curies":[{"name":"wp","href":"https:\/\/api.w.org\/{rel}","templated":true}]}}