{"id":7117,"date":"2024-02-20T14:31:32","date_gmt":"2024-02-20T19:31:32","guid":{"rendered":"https:\/\/centroferreterofarvel.com\/?post_type=product&#038;p=7117"},"modified":"2024-04-11T00:39:43","modified_gmt":"2024-04-11T05:39:43","slug":"empaque-para-manguera-y-y-de-lavadora","status":"publish","type":"product","link":"https:\/\/centroferreterofarvel.com\/index.php\/producto\/empaque-para-manguera-y-y-de-lavadora\/","title":{"rendered":"EMPAQUE PARA MANGUERA Y DE LAVADORA"},"content":{"rendered":"<p>El empaque para manguera y &#8220;Y&#8221; de lavadora es una pieza fundamental para asegurar conexiones estancas y sin fugas en tu sistema de lavander\u00eda. Este componente juega un papel crucial en prevenir p\u00e9rdidas de agua, manteniendo seco y seguro el \u00e1rea alrededor de tu lavadora. Dise\u00f1ado para adaptarse a mangueras de lavadora y conectores en forma de Y, este empaque es compatible con una variedad de modelos y marcas de lavadoras. Disfruta de un proceso de lavado eficiente y sin preocupaciones.<\/p>\n","protected":false},"excerpt":{"rendered":"<p>Empaque para Manguera y &#8220;Y&#8221; de Lavadora: Garantizando Conexiones Sin Fugas.<\/p>\n","protected":false},"featured_media":7118,"comment_status":"open","ping_status":"closed","template":"","meta":{"_uag_custom_page_level_css":""},"product_cat":[166,22],"product_tag":[1040,1038,1037,1039,912,1041,341],"jetpack_sharing_enabled":true,"uagb_featured_image_src":{"full":["https:\/\/centroferreterofarvel.com\/wp-content\/uploads\/2024\/02\/EMPAQUE-PARA-MANGUERA-Y-Y-DE-LAVADORA.png",1080,1350,false],"thumbnail":["https:\/\/centroferreterofarvel.com\/wp-content\/uploads\/2024\/02\/EMPAQUE-PARA-MANGUERA-Y-Y-DE-LAVADORA-150x150.png",150,150,true],"medium":["https:\/\/centroferreterofarvel.com\/wp-content\/uploads\/2024\/02\/EMPAQUE-PARA-MANGUERA-Y-Y-DE-LAVADORA-240x300.png",240,300,true],"medium_large":["https:\/\/centroferreterofarvel.com\/wp-content\/uploads\/2024\/02\/EMPAQUE-PARA-MANGUERA-Y-Y-DE-LAVADORA-768x960.png",768,960,true],"large":["https:\/\/centroferreterofarvel.com\/wp-content\/uploads\/2024\/02\/EMPAQUE-PARA-MANGUERA-Y-Y-DE-LAVADORA-819x1024.png",819,1024,true],"1536x1536":["https:\/\/centroferreterofarvel.com\/wp-content\/uploads\/2024\/02\/EMPAQUE-PARA-MANGUERA-Y-Y-DE-LAVADORA.png",1080,1350,false],"2048x2048":["https:\/\/centroferreterofarvel.com\/wp-content\/uploads\/2024\/02\/EMPAQUE-PARA-MANGUERA-Y-Y-DE-LAVADORA.png",1080,1350,false],"mailpoet_newsletter_max":["https:\/\/centroferreterofarvel.com\/wp-content\/uploads\/2024\/02\/EMPAQUE-PARA-MANGUERA-Y-Y-DE-LAVADORA.png",1080,1350,false],"woocommerce_thumbnail":["https:\/\/centroferreterofarvel.com\/wp-content\/uploads\/2024\/02\/EMPAQUE-PARA-MANGUERA-Y-Y-DE-LAVADORA-450x450.png",450,450,true],"woocommerce_single":["https:\/\/centroferreterofarvel.com\/wp-content\/uploads\/2024\/02\/EMPAQUE-PARA-MANGUERA-Y-Y-DE-LAVADORA-600x750.png",600,750,true],"woocommerce_gallery_thumbnail":["https:\/\/centroferreterofarvel.com\/wp-content\/uploads\/2024\/02\/EMPAQUE-PARA-MANGUERA-Y-Y-DE-LAVADORA-100x100.png",100,100,true]},"uagb_author_info":{"display_name":"centroferreterofarvel","author_link":"https:\/\/centroferreterofarvel.com\/index.php\/author\/"},"uagb_comment_info":0,"uagb_excerpt":"Empaque para Manguera y \"Y\" de Lavadora: Garantizando Conexiones Sin Fugas.","_links":{"self":[{"href":"https:\/\/centroferreterofarvel.com\/index.php\/wp-json\/wp\/v2\/product\/7117"}],"collection":[{"href":"https:\/\/centroferreterofarvel.com\/index.php\/wp-json\/wp\/v2\/product"}],"about":[{"href":"https:\/\/centroferreterofarvel.com\/index.php\/wp-json\/wp\/v2\/types\/product"}],"replies":[{"embeddable":true,"href":"https:\/\/centroferreterofarvel.com\/index.php\/wp-json\/wp\/v2\/comments?post=7117"}],"version-history":[{"count":5,"href":"https:\/\/centroferreterofarvel.com\/index.php\/wp-json\/wp\/v2\/product\/7117\/revisions"}],"predecessor-version":[{"id":10127,"href":"https:\/\/centroferreterofarvel.com\/index.php\/wp-json\/wp\/v2\/product\/7117\/revisions\/10127"}],"wp:featuredmedia":[{"embeddable":true,"href":"https:\/\/centroferreterofarvel.com\/index.php\/wp-json\/wp\/v2\/media\/7118"}],"wp:attachment":[{"href":"https:\/\/centroferreterofarvel.com\/index.php\/wp-json\/wp\/v2\/media?parent=7117"}],"wp:term":[{"taxonomy":"product_cat","embeddable":true,"href":"https:\/\/centroferreterofarvel.com\/index.php\/wp-json\/wp\/v2\/product_cat?post=7117"},{"taxonomy":"product_tag","embeddable":true,"href":"https:\/\/centroferreterofarvel.com\/index.php\/wp-json\/wp\/v2\/product_tag?post=7117"}],"curies":[{"name":"wp","href":"https:\/\/api.w.org\/{rel}","templated":true}]}}