{"id":7140,"date":"2024-02-20T15:20:54","date_gmt":"2024-02-20T20:20:54","guid":{"rendered":"https:\/\/centroferreterofarvel.com\/?post_type=product&#038;p=7140"},"modified":"2024-04-11T00:35:44","modified_gmt":"2024-04-11T05:35:44","slug":"enchufe-polarizado-azteca-3-patas","status":"publish","type":"product","link":"https:\/\/centroferreterofarvel.com\/index.php\/producto\/enchufe-polarizado-azteca-3-patas\/","title":{"rendered":"ENCHUFE POLARIZADO AZTECA 3 PATAS"},"content":{"rendered":"<p>El enchufe polarizado Azteca de 3 patas es la soluci\u00f3n ideal para asegurar una conexi\u00f3n el\u00e9ctrica segura y eficiente en tu hogar o lugar de trabajo. Dise\u00f1ado para proporcionar estabilidad y reducir riesgos, este enchufe es una opci\u00f3n confiable. El enchufe cuenta con un dise\u00f1o polarizado que garantiza una conexi\u00f3n el\u00e9ctrica segura al asegurar que la corriente fluya en una direcci\u00f3n espec\u00edfica. Esto ayuda a prevenir posibles riesgos el\u00e9ctricos.<\/p>\n","protected":false},"excerpt":{"rendered":"<p>Enchufe Polarizado Azteca de 3 Patas: Conexi\u00f3n Segura y Eficiente.<\/p>\n","protected":false},"featured_media":7141,"comment_status":"open","ping_status":"closed","template":"","meta":{"_uag_custom_page_level_css":""},"product_cat":[112,33],"product_tag":[1052,273,266,237,1053,231],"jetpack_sharing_enabled":true,"uagb_featured_image_src":{"full":["https:\/\/centroferreterofarvel.com\/wp-content\/uploads\/2024\/02\/ENCHUFE-POLARIZADO-AZTECA-3-PATAS.png",1080,1350,false],"thumbnail":["https:\/\/centroferreterofarvel.com\/wp-content\/uploads\/2024\/02\/ENCHUFE-POLARIZADO-AZTECA-3-PATAS-150x150.png",150,150,true],"medium":["https:\/\/centroferreterofarvel.com\/wp-content\/uploads\/2024\/02\/ENCHUFE-POLARIZADO-AZTECA-3-PATAS-240x300.png",240,300,true],"medium_large":["https:\/\/centroferreterofarvel.com\/wp-content\/uploads\/2024\/02\/ENCHUFE-POLARIZADO-AZTECA-3-PATAS-768x960.png",768,960,true],"large":["https:\/\/centroferreterofarvel.com\/wp-content\/uploads\/2024\/02\/ENCHUFE-POLARIZADO-AZTECA-3-PATAS-819x1024.png",819,1024,true],"1536x1536":["https:\/\/centroferreterofarvel.com\/wp-content\/uploads\/2024\/02\/ENCHUFE-POLARIZADO-AZTECA-3-PATAS.png",1080,1350,false],"2048x2048":["https:\/\/centroferreterofarvel.com\/wp-content\/uploads\/2024\/02\/ENCHUFE-POLARIZADO-AZTECA-3-PATAS.png",1080,1350,false],"mailpoet_newsletter_max":["https:\/\/centroferreterofarvel.com\/wp-content\/uploads\/2024\/02\/ENCHUFE-POLARIZADO-AZTECA-3-PATAS.png",1080,1350,false],"woocommerce_thumbnail":["https:\/\/centroferreterofarvel.com\/wp-content\/uploads\/2024\/02\/ENCHUFE-POLARIZADO-AZTECA-3-PATAS-450x450.png",450,450,true],"woocommerce_single":["https:\/\/centroferreterofarvel.com\/wp-content\/uploads\/2024\/02\/ENCHUFE-POLARIZADO-AZTECA-3-PATAS-600x750.png",600,750,true],"woocommerce_gallery_thumbnail":["https:\/\/centroferreterofarvel.com\/wp-content\/uploads\/2024\/02\/ENCHUFE-POLARIZADO-AZTECA-3-PATAS-100x100.png",100,100,true]},"uagb_author_info":{"display_name":"centroferreterofarvel","author_link":"https:\/\/centroferreterofarvel.com\/index.php\/author\/"},"uagb_comment_info":0,"uagb_excerpt":"Enchufe Polarizado Azteca de 3 Patas: Conexi\u00f3n Segura y Eficiente.","_links":{"self":[{"href":"https:\/\/centroferreterofarvel.com\/index.php\/wp-json\/wp\/v2\/product\/7140"}],"collection":[{"href":"https:\/\/centroferreterofarvel.com\/index.php\/wp-json\/wp\/v2\/product"}],"about":[{"href":"https:\/\/centroferreterofarvel.com\/index.php\/wp-json\/wp\/v2\/types\/product"}],"replies":[{"embeddable":true,"href":"https:\/\/centroferreterofarvel.com\/index.php\/wp-json\/wp\/v2\/comments?post=7140"}],"version-history":[{"count":2,"href":"https:\/\/centroferreterofarvel.com\/index.php\/wp-json\/wp\/v2\/product\/7140\/revisions"}],"predecessor-version":[{"id":7963,"href":"https:\/\/centroferreterofarvel.com\/index.php\/wp-json\/wp\/v2\/product\/7140\/revisions\/7963"}],"wp:featuredmedia":[{"embeddable":true,"href":"https:\/\/centroferreterofarvel.com\/index.php\/wp-json\/wp\/v2\/media\/7141"}],"wp:attachment":[{"href":"https:\/\/centroferreterofarvel.com\/index.php\/wp-json\/wp\/v2\/media?parent=7140"}],"wp:term":[{"taxonomy":"product_cat","embeddable":true,"href":"https:\/\/centroferreterofarvel.com\/index.php\/wp-json\/wp\/v2\/product_cat?post=7140"},{"taxonomy":"product_tag","embeddable":true,"href":"https:\/\/centroferreterofarvel.com\/index.php\/wp-json\/wp\/v2\/product_tag?post=7140"}],"curies":[{"name":"wp","href":"https:\/\/api.w.org\/{rel}","templated":true}]}}