{"id":7152,"date":"2024-02-20T15:54:07","date_gmt":"2024-02-20T20:54:07","guid":{"rendered":"https:\/\/centroferreterofarvel.com\/?post_type=product&#038;p=7152"},"modified":"2024-04-11T00:30:34","modified_gmt":"2024-04-11T05:30:34","slug":"espatula-flexible-6-truper","status":"publish","type":"product","link":"https:\/\/centroferreterofarvel.com\/index.php\/producto\/espatula-flexible-6-truper\/","title":{"rendered":"ESP\u00c1TULA FLEXIBLE 6&#8243; TRUPER"},"content":{"rendered":"<p>La Esp\u00e1tula Flexible 6&#8243; Truper es la elecci\u00f3n perfecta para todas tus necesidades de aplicaci\u00f3n y alisado. Dise\u00f1ada con los m\u00e1s altos est\u00e1ndares de calidad, esta herramienta se destaca por su versatilidad y durabilidad. Con una longitud de 6 pulgadas, esta esp\u00e1tula es lo suficientemente compacta para maniobrar en espacios peque\u00f1os y detallados, proporcionando precisi\u00f3n en cada aplicaci\u00f3n. A\u00f1ade esta esp\u00e1tula vers\u00e1til a tu conjunto de herramientas y experimenta la calidad que ofrece Truper.<\/p>\n","protected":false},"excerpt":{"rendered":"<p>Esp\u00e1tula Flexible 6&#8243; Truper: Herramienta Vers\u00e1til y Duradera<\/p>\n","protected":false},"featured_media":7153,"comment_status":"open","ping_status":"closed","template":"","meta":{"_uag_custom_page_level_css":""},"product_cat":[144,139],"product_tag":[1064,1062,1063,643,623,642,832],"jetpack_sharing_enabled":true,"uagb_featured_image_src":{"full":["https:\/\/centroferreterofarvel.com\/wp-content\/uploads\/2024\/02\/ESPATULA-FLEXIBLE-6-TRUPER.png",1080,1350,false],"thumbnail":["https:\/\/centroferreterofarvel.com\/wp-content\/uploads\/2024\/02\/ESPATULA-FLEXIBLE-6-TRUPER-150x150.png",150,150,true],"medium":["https:\/\/centroferreterofarvel.com\/wp-content\/uploads\/2024\/02\/ESPATULA-FLEXIBLE-6-TRUPER-240x300.png",240,300,true],"medium_large":["https:\/\/centroferreterofarvel.com\/wp-content\/uploads\/2024\/02\/ESPATULA-FLEXIBLE-6-TRUPER-768x960.png",768,960,true],"large":["https:\/\/centroferreterofarvel.com\/wp-content\/uploads\/2024\/02\/ESPATULA-FLEXIBLE-6-TRUPER-819x1024.png",819,1024,true],"1536x1536":["https:\/\/centroferreterofarvel.com\/wp-content\/uploads\/2024\/02\/ESPATULA-FLEXIBLE-6-TRUPER.png",1080,1350,false],"2048x2048":["https:\/\/centroferreterofarvel.com\/wp-content\/uploads\/2024\/02\/ESPATULA-FLEXIBLE-6-TRUPER.png",1080,1350,false],"mailpoet_newsletter_max":["https:\/\/centroferreterofarvel.com\/wp-content\/uploads\/2024\/02\/ESPATULA-FLEXIBLE-6-TRUPER.png",1080,1350,false],"woocommerce_thumbnail":["https:\/\/centroferreterofarvel.com\/wp-content\/uploads\/2024\/02\/ESPATULA-FLEXIBLE-6-TRUPER-450x450.png",450,450,true],"woocommerce_single":["https:\/\/centroferreterofarvel.com\/wp-content\/uploads\/2024\/02\/ESPATULA-FLEXIBLE-6-TRUPER-600x750.png",600,750,true],"woocommerce_gallery_thumbnail":["https:\/\/centroferreterofarvel.com\/wp-content\/uploads\/2024\/02\/ESPATULA-FLEXIBLE-6-TRUPER-100x100.png",100,100,true]},"uagb_author_info":{"display_name":"centroferreterofarvel","author_link":"https:\/\/centroferreterofarvel.com\/index.php\/author\/"},"uagb_comment_info":0,"uagb_excerpt":"Esp\u00e1tula Flexible 6\" Truper: Herramienta Vers\u00e1til y Duradera","_links":{"self":[{"href":"https:\/\/centroferreterofarvel.com\/index.php\/wp-json\/wp\/v2\/product\/7152"}],"collection":[{"href":"https:\/\/centroferreterofarvel.com\/index.php\/wp-json\/wp\/v2\/product"}],"about":[{"href":"https:\/\/centroferreterofarvel.com\/index.php\/wp-json\/wp\/v2\/types\/product"}],"replies":[{"embeddable":true,"href":"https:\/\/centroferreterofarvel.com\/index.php\/wp-json\/wp\/v2\/comments?post=7152"}],"version-history":[{"count":4,"href":"https:\/\/centroferreterofarvel.com\/index.php\/wp-json\/wp\/v2\/product\/7152\/revisions"}],"predecessor-version":[{"id":9910,"href":"https:\/\/centroferreterofarvel.com\/index.php\/wp-json\/wp\/v2\/product\/7152\/revisions\/9910"}],"wp:featuredmedia":[{"embeddable":true,"href":"https:\/\/centroferreterofarvel.com\/index.php\/wp-json\/wp\/v2\/media\/7153"}],"wp:attachment":[{"href":"https:\/\/centroferreterofarvel.com\/index.php\/wp-json\/wp\/v2\/media?parent=7152"}],"wp:term":[{"taxonomy":"product_cat","embeddable":true,"href":"https:\/\/centroferreterofarvel.com\/index.php\/wp-json\/wp\/v2\/product_cat?post=7152"},{"taxonomy":"product_tag","embeddable":true,"href":"https:\/\/centroferreterofarvel.com\/index.php\/wp-json\/wp\/v2\/product_tag?post=7152"}],"curies":[{"name":"wp","href":"https:\/\/api.w.org\/{rel}","templated":true}]}}