{"id":7271,"date":"2024-02-23T14:38:45","date_gmt":"2024-02-23T19:38:45","guid":{"rendered":"https:\/\/centroferreterofarvel.com\/?post_type=product&#038;p=7271"},"modified":"2024-04-11T01:27:58","modified_gmt":"2024-04-11T06:27:58","slug":"foco-led-9w-durka","status":"publish","type":"product","link":"https:\/\/centroferreterofarvel.com\/index.php\/producto\/foco-led-9w-durka\/","title":{"rendered":"FOCO LED 9W DURKA"},"content":{"rendered":"<p>El Foco LED 9W Durka es una soluci\u00f3n de iluminaci\u00f3n eficiente y vers\u00e1til que combina un rendimiento lum\u00ednico potente con la durabilidad y la econom\u00eda de energ\u00eda asociadas con la tecnolog\u00eda LED. Equipado con tecnolog\u00eda LED, este foco ofrece una vida \u00fatil excepcionalmente larga. Los LED son conocidos por su durabilidad, lo que significa menos reemplazos y una iluminaci\u00f3n fiable a lo largo del tiempo. Descubre una iluminaci\u00f3n eficiente y fiable con el Foco LED 9W Durka.<\/p>\n","protected":false},"excerpt":{"rendered":"<p>Foco LED 9W Durka: Iluminaci\u00f3n Eficiente y Vers\u00e1til.<\/p>\n","protected":false},"featured_media":7272,"comment_status":"open","ping_status":"closed","template":"","meta":{"_uag_custom_page_level_css":""},"product_cat":[152,24,33],"product_tag":[439,438,1099,437,1097,349,1098,400,401],"jetpack_sharing_enabled":true,"uagb_featured_image_src":{"full":["https:\/\/centroferreterofarvel.com\/wp-content\/uploads\/2024\/02\/FOCO-LED-9W-DURKA.png",1080,1350,false],"thumbnail":["https:\/\/centroferreterofarvel.com\/wp-content\/uploads\/2024\/02\/FOCO-LED-9W-DURKA-150x150.png",150,150,true],"medium":["https:\/\/centroferreterofarvel.com\/wp-content\/uploads\/2024\/02\/FOCO-LED-9W-DURKA-240x300.png",240,300,true],"medium_large":["https:\/\/centroferreterofarvel.com\/wp-content\/uploads\/2024\/02\/FOCO-LED-9W-DURKA-768x960.png",768,960,true],"large":["https:\/\/centroferreterofarvel.com\/wp-content\/uploads\/2024\/02\/FOCO-LED-9W-DURKA-819x1024.png",819,1024,true],"1536x1536":["https:\/\/centroferreterofarvel.com\/wp-content\/uploads\/2024\/02\/FOCO-LED-9W-DURKA.png",1080,1350,false],"2048x2048":["https:\/\/centroferreterofarvel.com\/wp-content\/uploads\/2024\/02\/FOCO-LED-9W-DURKA.png",1080,1350,false],"mailpoet_newsletter_max":["https:\/\/centroferreterofarvel.com\/wp-content\/uploads\/2024\/02\/FOCO-LED-9W-DURKA.png",1080,1350,false],"woocommerce_thumbnail":["https:\/\/centroferreterofarvel.com\/wp-content\/uploads\/2024\/02\/FOCO-LED-9W-DURKA-450x450.png",450,450,true],"woocommerce_single":["https:\/\/centroferreterofarvel.com\/wp-content\/uploads\/2024\/02\/FOCO-LED-9W-DURKA-600x750.png",600,750,true],"woocommerce_gallery_thumbnail":["https:\/\/centroferreterofarvel.com\/wp-content\/uploads\/2024\/02\/FOCO-LED-9W-DURKA-100x100.png",100,100,true]},"uagb_author_info":{"display_name":"centroferreterofarvel","author_link":"https:\/\/centroferreterofarvel.com\/index.php\/author\/"},"uagb_comment_info":0,"uagb_excerpt":"Foco LED 9W Durka: Iluminaci\u00f3n Eficiente y Vers\u00e1til.","_links":{"self":[{"href":"https:\/\/centroferreterofarvel.com\/index.php\/wp-json\/wp\/v2\/product\/7271"}],"collection":[{"href":"https:\/\/centroferreterofarvel.com\/index.php\/wp-json\/wp\/v2\/product"}],"about":[{"href":"https:\/\/centroferreterofarvel.com\/index.php\/wp-json\/wp\/v2\/types\/product"}],"replies":[{"embeddable":true,"href":"https:\/\/centroferreterofarvel.com\/index.php\/wp-json\/wp\/v2\/comments?post=7271"}],"version-history":[{"count":2,"href":"https:\/\/centroferreterofarvel.com\/index.php\/wp-json\/wp\/v2\/product\/7271\/revisions"}],"predecessor-version":[{"id":8148,"href":"https:\/\/centroferreterofarvel.com\/index.php\/wp-json\/wp\/v2\/product\/7271\/revisions\/8148"}],"wp:featuredmedia":[{"embeddable":true,"href":"https:\/\/centroferreterofarvel.com\/index.php\/wp-json\/wp\/v2\/media\/7272"}],"wp:attachment":[{"href":"https:\/\/centroferreterofarvel.com\/index.php\/wp-json\/wp\/v2\/media?parent=7271"}],"wp:term":[{"taxonomy":"product_cat","embeddable":true,"href":"https:\/\/centroferreterofarvel.com\/index.php\/wp-json\/wp\/v2\/product_cat?post=7271"},{"taxonomy":"product_tag","embeddable":true,"href":"https:\/\/centroferreterofarvel.com\/index.php\/wp-json\/wp\/v2\/product_tag?post=7271"}],"curies":[{"name":"wp","href":"https:\/\/api.w.org\/{rel}","templated":true}]}}