{"id":7274,"date":"2024-02-23T14:46:21","date_gmt":"2024-02-23T19:46:21","guid":{"rendered":"https:\/\/centroferreterofarvel.com\/?post_type=product&#038;p=7274"},"modified":"2024-04-11T01:26:01","modified_gmt":"2024-04-11T06:26:01","slug":"foco-led-a100-14w-luz-blanca-blitz","status":"publish","type":"product","link":"https:\/\/centroferreterofarvel.com\/index.php\/producto\/foco-led-a100-14w-luz-blanca-blitz\/","title":{"rendered":"FOCO LED A100 14W LUZ  BLANCA BLITZ"},"content":{"rendered":"<p>Descubre la potencia y eficiencia de la iluminaci\u00f3n con el Foco LED Blitz. Este foco LED proporciona una luz blanca intensa y n\u00edtida, perfecta para destacar espacios y resaltar detalles. Con tecnolog\u00eda LED de vanguardia, este foco garantiza un bajo consumo de energ\u00eda y una larga vida \u00fatil. Ilumina tus ambientes con la calidad y durabilidad que ofrece el Foco LED Blitz, una elecci\u00f3n brillante para tus necesidades de iluminaci\u00f3n. Contribuye a la eficiencia energ\u00e9tica y ahorra costos a lo largo del tiempo.<\/p>\n","protected":false},"excerpt":{"rendered":"<p>Foco LED Luz Blanca Blitz: Iluminaci\u00f3n Poderosa y Eficiente.<\/p>\n","protected":false},"featured_media":7276,"comment_status":"open","ping_status":"closed","template":"","meta":{"_uag_custom_page_level_css":""},"product_cat":[24,153],"product_tag":[438,1103,1101,1100,440,349,403,1102,400,401],"jetpack_sharing_enabled":true,"uagb_featured_image_src":{"full":["https:\/\/centroferreterofarvel.com\/wp-content\/uploads\/2024\/02\/FOCO-LED-A100-14W-LUZ-BLANCA-BLITZ.png",1080,1350,false],"thumbnail":["https:\/\/centroferreterofarvel.com\/wp-content\/uploads\/2024\/02\/FOCO-LED-A100-14W-LUZ-BLANCA-BLITZ-150x150.png",150,150,true],"medium":["https:\/\/centroferreterofarvel.com\/wp-content\/uploads\/2024\/02\/FOCO-LED-A100-14W-LUZ-BLANCA-BLITZ-240x300.png",240,300,true],"medium_large":["https:\/\/centroferreterofarvel.com\/wp-content\/uploads\/2024\/02\/FOCO-LED-A100-14W-LUZ-BLANCA-BLITZ-768x960.png",768,960,true],"large":["https:\/\/centroferreterofarvel.com\/wp-content\/uploads\/2024\/02\/FOCO-LED-A100-14W-LUZ-BLANCA-BLITZ-819x1024.png",819,1024,true],"1536x1536":["https:\/\/centroferreterofarvel.com\/wp-content\/uploads\/2024\/02\/FOCO-LED-A100-14W-LUZ-BLANCA-BLITZ.png",1080,1350,false],"2048x2048":["https:\/\/centroferreterofarvel.com\/wp-content\/uploads\/2024\/02\/FOCO-LED-A100-14W-LUZ-BLANCA-BLITZ.png",1080,1350,false],"mailpoet_newsletter_max":["https:\/\/centroferreterofarvel.com\/wp-content\/uploads\/2024\/02\/FOCO-LED-A100-14W-LUZ-BLANCA-BLITZ.png",1080,1350,false],"woocommerce_thumbnail":["https:\/\/centroferreterofarvel.com\/wp-content\/uploads\/2024\/02\/FOCO-LED-A100-14W-LUZ-BLANCA-BLITZ-450x450.png",450,450,true],"woocommerce_single":["https:\/\/centroferreterofarvel.com\/wp-content\/uploads\/2024\/02\/FOCO-LED-A100-14W-LUZ-BLANCA-BLITZ-600x750.png",600,750,true],"woocommerce_gallery_thumbnail":["https:\/\/centroferreterofarvel.com\/wp-content\/uploads\/2024\/02\/FOCO-LED-A100-14W-LUZ-BLANCA-BLITZ-100x100.png",100,100,true]},"uagb_author_info":{"display_name":"centroferreterofarvel","author_link":"https:\/\/centroferreterofarvel.com\/index.php\/author\/"},"uagb_comment_info":0,"uagb_excerpt":"Foco LED Luz Blanca Blitz: Iluminaci\u00f3n Poderosa y Eficiente.","_links":{"self":[{"href":"https:\/\/centroferreterofarvel.com\/index.php\/wp-json\/wp\/v2\/product\/7274"}],"collection":[{"href":"https:\/\/centroferreterofarvel.com\/index.php\/wp-json\/wp\/v2\/product"}],"about":[{"href":"https:\/\/centroferreterofarvel.com\/index.php\/wp-json\/wp\/v2\/types\/product"}],"replies":[{"embeddable":true,"href":"https:\/\/centroferreterofarvel.com\/index.php\/wp-json\/wp\/v2\/comments?post=7274"}],"version-history":[{"count":3,"href":"https:\/\/centroferreterofarvel.com\/index.php\/wp-json\/wp\/v2\/product\/7274\/revisions"}],"predecessor-version":[{"id":8154,"href":"https:\/\/centroferreterofarvel.com\/index.php\/wp-json\/wp\/v2\/product\/7274\/revisions\/8154"}],"wp:featuredmedia":[{"embeddable":true,"href":"https:\/\/centroferreterofarvel.com\/index.php\/wp-json\/wp\/v2\/media\/7276"}],"wp:attachment":[{"href":"https:\/\/centroferreterofarvel.com\/index.php\/wp-json\/wp\/v2\/media?parent=7274"}],"wp:term":[{"taxonomy":"product_cat","embeddable":true,"href":"https:\/\/centroferreterofarvel.com\/index.php\/wp-json\/wp\/v2\/product_cat?post=7274"},{"taxonomy":"product_tag","embeddable":true,"href":"https:\/\/centroferreterofarvel.com\/index.php\/wp-json\/wp\/v2\/product_tag?post=7274"}],"curies":[{"name":"wp","href":"https:\/\/api.w.org\/{rel}","templated":true}]}}