{"id":7278,"date":"2024-02-23T14:58:07","date_gmt":"2024-02-23T19:58:07","guid":{"rendered":"https:\/\/centroferreterofarvel.com\/?post_type=product&#038;p=7278"},"modified":"2024-04-11T01:23:25","modified_gmt":"2024-04-11T06:23:25","slug":"foco-led-a100-14w-luz-calida-blitz","status":"publish","type":"product","link":"https:\/\/centroferreterofarvel.com\/index.php\/producto\/foco-led-a100-14w-luz-calida-blitz\/","title":{"rendered":"FOCO LED A100 14W LUZ C\u00c1LIDA BLITZ"},"content":{"rendered":"<p>Experimenta la calidez y confort de la iluminaci\u00f3n con el Foco Luz C\u00e1lida Blitz. Este foco ofrece una luz suave y acogedora, ideal para crear ambientes relajantes y acogedores en tu hogar u oficina. Con la calidad y confiabilidad de los productos Blitz, este foco proporciona una iluminaci\u00f3n eficiente y duradera. Ilumina tus espacios con la calidez que brinda el Foco Luz C\u00e1lida Blitz, una elecci\u00f3n perfecta para aquellos que buscan una iluminaci\u00f3n agradable y envolvente.<\/p>\n","protected":false},"excerpt":{"rendered":"<p>Foco Led Luz Calida Brillante: Iluminaci\u00f3n Eficiente.<\/p>\n","protected":false},"featured_media":7988,"comment_status":"open","ping_status":"closed","template":"","meta":{"_uag_custom_page_level_css":""},"product_cat":[24,153],"product_tag":[1094,438,1103,440,1104,349,361,369,1105],"jetpack_sharing_enabled":true,"uagb_featured_image_src":{"full":["https:\/\/centroferreterofarvel.com\/wp-content\/uploads\/2024\/02\/FOCO-LED-A40-5.5W-LUZ-CALIDA-BLITZ.png",1080,1350,false],"thumbnail":["https:\/\/centroferreterofarvel.com\/wp-content\/uploads\/2024\/02\/FOCO-LED-A40-5.5W-LUZ-CALIDA-BLITZ-150x150.png",150,150,true],"medium":["https:\/\/centroferreterofarvel.com\/wp-content\/uploads\/2024\/02\/FOCO-LED-A40-5.5W-LUZ-CALIDA-BLITZ-240x300.png",240,300,true],"medium_large":["https:\/\/centroferreterofarvel.com\/wp-content\/uploads\/2024\/02\/FOCO-LED-A40-5.5W-LUZ-CALIDA-BLITZ-768x960.png",768,960,true],"large":["https:\/\/centroferreterofarvel.com\/wp-content\/uploads\/2024\/02\/FOCO-LED-A40-5.5W-LUZ-CALIDA-BLITZ-819x1024.png",819,1024,true],"1536x1536":["https:\/\/centroferreterofarvel.com\/wp-content\/uploads\/2024\/02\/FOCO-LED-A40-5.5W-LUZ-CALIDA-BLITZ.png",1080,1350,false],"2048x2048":["https:\/\/centroferreterofarvel.com\/wp-content\/uploads\/2024\/02\/FOCO-LED-A40-5.5W-LUZ-CALIDA-BLITZ.png",1080,1350,false],"mailpoet_newsletter_max":["https:\/\/centroferreterofarvel.com\/wp-content\/uploads\/2024\/02\/FOCO-LED-A40-5.5W-LUZ-CALIDA-BLITZ.png",1080,1350,false],"woocommerce_thumbnail":["https:\/\/centroferreterofarvel.com\/wp-content\/uploads\/2024\/02\/FOCO-LED-A40-5.5W-LUZ-CALIDA-BLITZ-450x450.png",450,450,true],"woocommerce_single":["https:\/\/centroferreterofarvel.com\/wp-content\/uploads\/2024\/02\/FOCO-LED-A40-5.5W-LUZ-CALIDA-BLITZ-600x750.png",600,750,true],"woocommerce_gallery_thumbnail":["https:\/\/centroferreterofarvel.com\/wp-content\/uploads\/2024\/02\/FOCO-LED-A40-5.5W-LUZ-CALIDA-BLITZ-100x100.png",100,100,true]},"uagb_author_info":{"display_name":"centroferreterofarvel","author_link":"https:\/\/centroferreterofarvel.com\/index.php\/author\/"},"uagb_comment_info":0,"uagb_excerpt":"Foco Led Luz Calida Brillante: Iluminaci\u00f3n Eficiente.","_links":{"self":[{"href":"https:\/\/centroferreterofarvel.com\/index.php\/wp-json\/wp\/v2\/product\/7278"}],"collection":[{"href":"https:\/\/centroferreterofarvel.com\/index.php\/wp-json\/wp\/v2\/product"}],"about":[{"href":"https:\/\/centroferreterofarvel.com\/index.php\/wp-json\/wp\/v2\/types\/product"}],"replies":[{"embeddable":true,"href":"https:\/\/centroferreterofarvel.com\/index.php\/wp-json\/wp\/v2\/comments?post=7278"}],"version-history":[{"count":4,"href":"https:\/\/centroferreterofarvel.com\/index.php\/wp-json\/wp\/v2\/product\/7278\/revisions"}],"predecessor-version":[{"id":9789,"href":"https:\/\/centroferreterofarvel.com\/index.php\/wp-json\/wp\/v2\/product\/7278\/revisions\/9789"}],"wp:featuredmedia":[{"embeddable":true,"href":"https:\/\/centroferreterofarvel.com\/index.php\/wp-json\/wp\/v2\/media\/7988"}],"wp:attachment":[{"href":"https:\/\/centroferreterofarvel.com\/index.php\/wp-json\/wp\/v2\/media?parent=7278"}],"wp:term":[{"taxonomy":"product_cat","embeddable":true,"href":"https:\/\/centroferreterofarvel.com\/index.php\/wp-json\/wp\/v2\/product_cat?post=7278"},{"taxonomy":"product_tag","embeddable":true,"href":"https:\/\/centroferreterofarvel.com\/index.php\/wp-json\/wp\/v2\/product_tag?post=7278"}],"curies":[{"name":"wp","href":"https:\/\/api.w.org\/{rel}","templated":true}]}}