{"id":7372,"date":"2024-02-24T21:00:29","date_gmt":"2024-02-25T02:00:29","guid":{"rendered":"https:\/\/centroferreterofarvel.com\/?post_type=product&#038;p=7372"},"modified":"2024-04-11T01:19:59","modified_gmt":"2024-04-11T06:19:59","slug":"grapa-para-cable-8mm","status":"publish","type":"product","link":"https:\/\/centroferreterofarvel.com\/index.php\/producto\/grapa-para-cable-8mm\/","title":{"rendered":"GRAPA PARA CABLE"},"content":{"rendered":"<p>Mant\u00e9n tus cables ordenados y seguros con nuestras grapas para cable, la soluci\u00f3n perfecta para mantener un entorno organizado y libre de enredos. Dise\u00f1adas para brindar sujeci\u00f3n y protecci\u00f3n, estas grapas son ideales para instalaciones el\u00e9ctricas, telecomunicaciones y cualquier proyecto que requiera una gesti\u00f3n eficiente de cables. Dise\u00f1o que facilita la instalaci\u00f3n, ahorrando tiempo y esfuerzo.<\/p>\n","protected":false},"excerpt":{"rendered":"<p>Grapas pl\u00e1sticas para cables: seguridad y organizaci\u00f3n en tus instalaciones.<\/p>\n","protected":false},"featured_media":7373,"comment_status":"open","ping_status":"closed","template":"","meta":{"_uag_custom_page_level_css":""},"product_cat":[120,33],"product_tag":[1107,1108,1106,1109],"jetpack_sharing_enabled":true,"uagb_featured_image_src":{"full":["https:\/\/centroferreterofarvel.com\/wp-content\/uploads\/2024\/02\/GRAPA-PARA-CABLE-8MM.png",1080,1350,false],"thumbnail":["https:\/\/centroferreterofarvel.com\/wp-content\/uploads\/2024\/02\/GRAPA-PARA-CABLE-8MM-150x150.png",150,150,true],"medium":["https:\/\/centroferreterofarvel.com\/wp-content\/uploads\/2024\/02\/GRAPA-PARA-CABLE-8MM-240x300.png",240,300,true],"medium_large":["https:\/\/centroferreterofarvel.com\/wp-content\/uploads\/2024\/02\/GRAPA-PARA-CABLE-8MM-768x960.png",768,960,true],"large":["https:\/\/centroferreterofarvel.com\/wp-content\/uploads\/2024\/02\/GRAPA-PARA-CABLE-8MM-819x1024.png",819,1024,true],"1536x1536":["https:\/\/centroferreterofarvel.com\/wp-content\/uploads\/2024\/02\/GRAPA-PARA-CABLE-8MM.png",1080,1350,false],"2048x2048":["https:\/\/centroferreterofarvel.com\/wp-content\/uploads\/2024\/02\/GRAPA-PARA-CABLE-8MM.png",1080,1350,false],"mailpoet_newsletter_max":["https:\/\/centroferreterofarvel.com\/wp-content\/uploads\/2024\/02\/GRAPA-PARA-CABLE-8MM.png",1080,1350,false],"woocommerce_thumbnail":["https:\/\/centroferreterofarvel.com\/wp-content\/uploads\/2024\/02\/GRAPA-PARA-CABLE-8MM-450x450.png",450,450,true],"woocommerce_single":["https:\/\/centroferreterofarvel.com\/wp-content\/uploads\/2024\/02\/GRAPA-PARA-CABLE-8MM-600x750.png",600,750,true],"woocommerce_gallery_thumbnail":["https:\/\/centroferreterofarvel.com\/wp-content\/uploads\/2024\/02\/GRAPA-PARA-CABLE-8MM-100x100.png",100,100,true]},"uagb_author_info":{"display_name":"centroferreterofarvel","author_link":"https:\/\/centroferreterofarvel.com\/index.php\/author\/"},"uagb_comment_info":0,"uagb_excerpt":"Grapas pl\u00e1sticas para cables: seguridad y organizaci\u00f3n en tus instalaciones.","_links":{"self":[{"href":"https:\/\/centroferreterofarvel.com\/index.php\/wp-json\/wp\/v2\/product\/7372"}],"collection":[{"href":"https:\/\/centroferreterofarvel.com\/index.php\/wp-json\/wp\/v2\/product"}],"about":[{"href":"https:\/\/centroferreterofarvel.com\/index.php\/wp-json\/wp\/v2\/types\/product"}],"replies":[{"embeddable":true,"href":"https:\/\/centroferreterofarvel.com\/index.php\/wp-json\/wp\/v2\/comments?post=7372"}],"version-history":[{"count":3,"href":"https:\/\/centroferreterofarvel.com\/index.php\/wp-json\/wp\/v2\/product\/7372\/revisions"}],"predecessor-version":[{"id":8267,"href":"https:\/\/centroferreterofarvel.com\/index.php\/wp-json\/wp\/v2\/product\/7372\/revisions\/8267"}],"wp:featuredmedia":[{"embeddable":true,"href":"https:\/\/centroferreterofarvel.com\/index.php\/wp-json\/wp\/v2\/media\/7373"}],"wp:attachment":[{"href":"https:\/\/centroferreterofarvel.com\/index.php\/wp-json\/wp\/v2\/media?parent=7372"}],"wp:term":[{"taxonomy":"product_cat","embeddable":true,"href":"https:\/\/centroferreterofarvel.com\/index.php\/wp-json\/wp\/v2\/product_cat?post=7372"},{"taxonomy":"product_tag","embeddable":true,"href":"https:\/\/centroferreterofarvel.com\/index.php\/wp-json\/wp\/v2\/product_tag?post=7372"}],"curies":[{"name":"wp","href":"https:\/\/api.w.org\/{rel}","templated":true}]}}