{"id":7383,"date":"2024-02-24T22:21:54","date_gmt":"2024-02-25T03:21:54","guid":{"rendered":"https:\/\/centroferreterofarvel.com\/?post_type=product&#038;p=7383"},"modified":"2024-04-11T01:14:26","modified_gmt":"2024-04-11T06:14:26","slug":"guante-tejido-caucho-corrugado-m","status":"publish","type":"product","link":"https:\/\/centroferreterofarvel.com\/index.php\/producto\/guante-tejido-caucho-corrugado-m\/","title":{"rendered":"GUANTE TEJIDO CAUCHO CORRUGADO MASTER"},"content":{"rendered":"<p>Experimenta la combinaci\u00f3n ideal de protecci\u00f3n y versatilidad con el Guante Tejido de Caucho Corrugado Master. Dise\u00f1ado para ofrecer un rendimiento excepcional en diversas situaciones, este guante destaca por su durabilidad, comodidad y capacidad de adaptarse a diferentes tareas.El tejido flexible y el caucho corrugado se combinan para brindar una comodidad \u00f3ptima, permitiendo un uso prolongado sin comprometer la destreza.<\/p>\n","protected":false},"excerpt":{"rendered":"<p>Guante Tejido Caucho Corrugado Master: Protecci\u00f3n Y Versatilidad.<\/p>\n","protected":false},"featured_media":9442,"comment_status":"open","ping_status":"closed","template":"","meta":{"_uag_custom_page_level_css":""},"product_cat":[179],"product_tag":[1120,1124,1125,1114],"jetpack_sharing_enabled":true,"uagb_featured_image_src":{"full":["https:\/\/centroferreterofarvel.com\/wp-content\/uploads\/2024\/02\/GUANTE-TEJIDO-CAUCHO-CORRUGADO-M-2.png",1080,1350,false],"thumbnail":["https:\/\/centroferreterofarvel.com\/wp-content\/uploads\/2024\/02\/GUANTE-TEJIDO-CAUCHO-CORRUGADO-M-2-150x150.png",150,150,true],"medium":["https:\/\/centroferreterofarvel.com\/wp-content\/uploads\/2024\/02\/GUANTE-TEJIDO-CAUCHO-CORRUGADO-M-2-240x300.png",240,300,true],"medium_large":["https:\/\/centroferreterofarvel.com\/wp-content\/uploads\/2024\/02\/GUANTE-TEJIDO-CAUCHO-CORRUGADO-M-2-768x960.png",768,960,true],"large":["https:\/\/centroferreterofarvel.com\/wp-content\/uploads\/2024\/02\/GUANTE-TEJIDO-CAUCHO-CORRUGADO-M-2-819x1024.png",819,1024,true],"1536x1536":["https:\/\/centroferreterofarvel.com\/wp-content\/uploads\/2024\/02\/GUANTE-TEJIDO-CAUCHO-CORRUGADO-M-2.png",1080,1350,false],"2048x2048":["https:\/\/centroferreterofarvel.com\/wp-content\/uploads\/2024\/02\/GUANTE-TEJIDO-CAUCHO-CORRUGADO-M-2.png",1080,1350,false],"mailpoet_newsletter_max":["https:\/\/centroferreterofarvel.com\/wp-content\/uploads\/2024\/02\/GUANTE-TEJIDO-CAUCHO-CORRUGADO-M-2.png",1080,1350,false],"woocommerce_thumbnail":["https:\/\/centroferreterofarvel.com\/wp-content\/uploads\/2024\/02\/GUANTE-TEJIDO-CAUCHO-CORRUGADO-M-2-450x450.png",450,450,true],"woocommerce_single":["https:\/\/centroferreterofarvel.com\/wp-content\/uploads\/2024\/02\/GUANTE-TEJIDO-CAUCHO-CORRUGADO-M-2-600x750.png",600,750,true],"woocommerce_gallery_thumbnail":["https:\/\/centroferreterofarvel.com\/wp-content\/uploads\/2024\/02\/GUANTE-TEJIDO-CAUCHO-CORRUGADO-M-2-100x100.png",100,100,true]},"uagb_author_info":{"display_name":"centroferreterofarvel","author_link":"https:\/\/centroferreterofarvel.com\/index.php\/author\/"},"uagb_comment_info":0,"uagb_excerpt":"Guante Tejido Caucho Corrugado Master: Protecci\u00f3n Y Versatilidad.","_links":{"self":[{"href":"https:\/\/centroferreterofarvel.com\/index.php\/wp-json\/wp\/v2\/product\/7383"}],"collection":[{"href":"https:\/\/centroferreterofarvel.com\/index.php\/wp-json\/wp\/v2\/product"}],"about":[{"href":"https:\/\/centroferreterofarvel.com\/index.php\/wp-json\/wp\/v2\/types\/product"}],"replies":[{"embeddable":true,"href":"https:\/\/centroferreterofarvel.com\/index.php\/wp-json\/wp\/v2\/comments?post=7383"}],"version-history":[{"count":4,"href":"https:\/\/centroferreterofarvel.com\/index.php\/wp-json\/wp\/v2\/product\/7383\/revisions"}],"predecessor-version":[{"id":9761,"href":"https:\/\/centroferreterofarvel.com\/index.php\/wp-json\/wp\/v2\/product\/7383\/revisions\/9761"}],"wp:featuredmedia":[{"embeddable":true,"href":"https:\/\/centroferreterofarvel.com\/index.php\/wp-json\/wp\/v2\/media\/9442"}],"wp:attachment":[{"href":"https:\/\/centroferreterofarvel.com\/index.php\/wp-json\/wp\/v2\/media?parent=7383"}],"wp:term":[{"taxonomy":"product_cat","embeddable":true,"href":"https:\/\/centroferreterofarvel.com\/index.php\/wp-json\/wp\/v2\/product_cat?post=7383"},{"taxonomy":"product_tag","embeddable":true,"href":"https:\/\/centroferreterofarvel.com\/index.php\/wp-json\/wp\/v2\/product_tag?post=7383"}],"curies":[{"name":"wp","href":"https:\/\/api.w.org\/{rel}","templated":true}]}}