{"id":7386,"date":"2024-02-24T22:30:09","date_gmt":"2024-02-25T03:30:09","guid":{"rendered":"https:\/\/centroferreterofarvel.com\/?post_type=product&#038;p=7386"},"modified":"2024-04-03T13:20:12","modified_gmt":"2024-04-03T18:20:12","slug":"guantes-nitrilo-naylon-negro-rojo","status":"publish","type":"product","link":"https:\/\/centroferreterofarvel.com\/index.php\/producto\/guantes-nitrilo-naylon-negro-rojo\/","title":{"rendered":"GUANTES NITRILO\/ NAYLON NEGRO"},"content":{"rendered":"<p>Los Guantes de Nitrilo\/Naylon Negro son la elecci\u00f3n ideal para garantizar una protecci\u00f3n efectiva y comodidad en entornos de trabajo variados. Dise\u00f1ados con materiales de alta calidad, estos guantes ofrecen resistencia, flexibilidad y durabilidad para satisfacer las demandas de diversas aplicaciones. El nitrilo proporciona resistencia a sustancias qu\u00edmicas, aceites y solventes, ofreciendo una protecci\u00f3n fiable en entornos industriales y laborales. Opta por la calidad y seguridad con los Guantes de Nitrilo\/Naylon Negro.<\/p>\n","protected":false},"excerpt":{"rendered":"<p>Guantes De Nitrilo\/Naylon Negro: Protecci\u00f3n Y Comodidad.<\/p>\n","protected":false},"featured_media":9443,"comment_status":"open","ping_status":"closed","template":"","meta":{"_uag_custom_page_level_css":""},"product_cat":[179],"product_tag":[1116,1113,1115,1112,1111,1110,642,1117,1114,1118],"jetpack_sharing_enabled":true,"uagb_featured_image_src":{"full":["https:\/\/centroferreterofarvel.com\/wp-content\/uploads\/2024\/02\/GUANTES-NITRILO-NAYLON-NEGRO-1.png",1080,1350,false],"thumbnail":["https:\/\/centroferreterofarvel.com\/wp-content\/uploads\/2024\/02\/GUANTES-NITRILO-NAYLON-NEGRO-1-150x150.png",150,150,true],"medium":["https:\/\/centroferreterofarvel.com\/wp-content\/uploads\/2024\/02\/GUANTES-NITRILO-NAYLON-NEGRO-1-240x300.png",240,300,true],"medium_large":["https:\/\/centroferreterofarvel.com\/wp-content\/uploads\/2024\/02\/GUANTES-NITRILO-NAYLON-NEGRO-1-768x960.png",768,960,true],"large":["https:\/\/centroferreterofarvel.com\/wp-content\/uploads\/2024\/02\/GUANTES-NITRILO-NAYLON-NEGRO-1-819x1024.png",819,1024,true],"1536x1536":["https:\/\/centroferreterofarvel.com\/wp-content\/uploads\/2024\/02\/GUANTES-NITRILO-NAYLON-NEGRO-1.png",1080,1350,false],"2048x2048":["https:\/\/centroferreterofarvel.com\/wp-content\/uploads\/2024\/02\/GUANTES-NITRILO-NAYLON-NEGRO-1.png",1080,1350,false],"mailpoet_newsletter_max":["https:\/\/centroferreterofarvel.com\/wp-content\/uploads\/2024\/02\/GUANTES-NITRILO-NAYLON-NEGRO-1.png",1080,1350,false],"woocommerce_thumbnail":["https:\/\/centroferreterofarvel.com\/wp-content\/uploads\/2024\/02\/GUANTES-NITRILO-NAYLON-NEGRO-1-450x450.png",450,450,true],"woocommerce_single":["https:\/\/centroferreterofarvel.com\/wp-content\/uploads\/2024\/02\/GUANTES-NITRILO-NAYLON-NEGRO-1-600x750.png",600,750,true],"woocommerce_gallery_thumbnail":["https:\/\/centroferreterofarvel.com\/wp-content\/uploads\/2024\/02\/GUANTES-NITRILO-NAYLON-NEGRO-1-100x100.png",100,100,true]},"uagb_author_info":{"display_name":"centroferreterofarvel","author_link":"https:\/\/centroferreterofarvel.com\/index.php\/author\/"},"uagb_comment_info":0,"uagb_excerpt":"Guantes De Nitrilo\/Naylon Negro: Protecci\u00f3n Y Comodidad.","_links":{"self":[{"href":"https:\/\/centroferreterofarvel.com\/index.php\/wp-json\/wp\/v2\/product\/7386"}],"collection":[{"href":"https:\/\/centroferreterofarvel.com\/index.php\/wp-json\/wp\/v2\/product"}],"about":[{"href":"https:\/\/centroferreterofarvel.com\/index.php\/wp-json\/wp\/v2\/types\/product"}],"replies":[{"embeddable":true,"href":"https:\/\/centroferreterofarvel.com\/index.php\/wp-json\/wp\/v2\/comments?post=7386"}],"version-history":[{"count":4,"href":"https:\/\/centroferreterofarvel.com\/index.php\/wp-json\/wp\/v2\/product\/7386\/revisions"}],"predecessor-version":[{"id":8279,"href":"https:\/\/centroferreterofarvel.com\/index.php\/wp-json\/wp\/v2\/product\/7386\/revisions\/8279"}],"wp:featuredmedia":[{"embeddable":true,"href":"https:\/\/centroferreterofarvel.com\/index.php\/wp-json\/wp\/v2\/media\/9443"}],"wp:attachment":[{"href":"https:\/\/centroferreterofarvel.com\/index.php\/wp-json\/wp\/v2\/media?parent=7386"}],"wp:term":[{"taxonomy":"product_cat","embeddable":true,"href":"https:\/\/centroferreterofarvel.com\/index.php\/wp-json\/wp\/v2\/product_cat?post=7386"},{"taxonomy":"product_tag","embeddable":true,"href":"https:\/\/centroferreterofarvel.com\/index.php\/wp-json\/wp\/v2\/product_tag?post=7386"}],"curies":[{"name":"wp","href":"https:\/\/api.w.org\/{rel}","templated":true}]}}