{"id":7389,"date":"2024-02-24T22:35:30","date_gmt":"2024-02-25T03:35:30","guid":{"rendered":"https:\/\/centroferreterofarvel.com\/?post_type=product&#038;p=7389"},"modified":"2024-04-11T01:12:11","modified_gmt":"2024-04-11T06:12:11","slug":"herraje-universal-con-valvula-admision-pilotada","status":"publish","type":"product","link":"https:\/\/centroferreterofarvel.com\/index.php\/producto\/herraje-universal-con-valvula-admision-pilotada\/","title":{"rendered":"HERRAJE UNIVERSAL CON V\u00c1LVULA DE ADMISI\u00d3N PILOTADA"},"content":{"rendered":"<p>Optimiza tu sistema de fontaner\u00eda con el Herraje Universal que incluye una V\u00e1lvula de Admisi\u00f3n Pilotada. Este conjunto ofrece una soluci\u00f3n eficiente y confiable para tus necesidades de suministro de agua. Dise\u00f1ado para brindar un rendimiento excepcional, este herraje garantiza un flujo de agua controlado y seguro en todo momento. Asegura un suministro de agua controlado y confiable en cada uso.<\/p>\n","protected":false},"excerpt":{"rendered":"<p>Herraje Universal Con V\u00e1lvula De Admisi\u00f3n Pilotada: Soluci\u00f3n Eficiente Para Tu Sistema De Fontaner\u00eda.<\/p>\n","protected":false},"featured_media":7390,"comment_status":"open","ping_status":"closed","template":"","meta":{"_uag_custom_page_level_css":""},"product_cat":[167,22],"product_tag":[313,1127,322,324,530,1126],"jetpack_sharing_enabled":true,"uagb_featured_image_src":{"full":["https:\/\/centroferreterofarvel.com\/wp-content\/uploads\/2024\/02\/HERRAJE-UNIVERSAL-CON-VALVULA-ADMISION-PILOTADA.png",1080,1350,false],"thumbnail":["https:\/\/centroferreterofarvel.com\/wp-content\/uploads\/2024\/02\/HERRAJE-UNIVERSAL-CON-VALVULA-ADMISION-PILOTADA-150x150.png",150,150,true],"medium":["https:\/\/centroferreterofarvel.com\/wp-content\/uploads\/2024\/02\/HERRAJE-UNIVERSAL-CON-VALVULA-ADMISION-PILOTADA-240x300.png",240,300,true],"medium_large":["https:\/\/centroferreterofarvel.com\/wp-content\/uploads\/2024\/02\/HERRAJE-UNIVERSAL-CON-VALVULA-ADMISION-PILOTADA-768x960.png",768,960,true],"large":["https:\/\/centroferreterofarvel.com\/wp-content\/uploads\/2024\/02\/HERRAJE-UNIVERSAL-CON-VALVULA-ADMISION-PILOTADA-819x1024.png",819,1024,true],"1536x1536":["https:\/\/centroferreterofarvel.com\/wp-content\/uploads\/2024\/02\/HERRAJE-UNIVERSAL-CON-VALVULA-ADMISION-PILOTADA.png",1080,1350,false],"2048x2048":["https:\/\/centroferreterofarvel.com\/wp-content\/uploads\/2024\/02\/HERRAJE-UNIVERSAL-CON-VALVULA-ADMISION-PILOTADA.png",1080,1350,false],"mailpoet_newsletter_max":["https:\/\/centroferreterofarvel.com\/wp-content\/uploads\/2024\/02\/HERRAJE-UNIVERSAL-CON-VALVULA-ADMISION-PILOTADA.png",1080,1350,false],"woocommerce_thumbnail":["https:\/\/centroferreterofarvel.com\/wp-content\/uploads\/2024\/02\/HERRAJE-UNIVERSAL-CON-VALVULA-ADMISION-PILOTADA-450x450.png",450,450,true],"woocommerce_single":["https:\/\/centroferreterofarvel.com\/wp-content\/uploads\/2024\/02\/HERRAJE-UNIVERSAL-CON-VALVULA-ADMISION-PILOTADA-600x750.png",600,750,true],"woocommerce_gallery_thumbnail":["https:\/\/centroferreterofarvel.com\/wp-content\/uploads\/2024\/02\/HERRAJE-UNIVERSAL-CON-VALVULA-ADMISION-PILOTADA-100x100.png",100,100,true]},"uagb_author_info":{"display_name":"centroferreterofarvel","author_link":"https:\/\/centroferreterofarvel.com\/index.php\/author\/"},"uagb_comment_info":0,"uagb_excerpt":"Herraje Universal Con V\u00e1lvula De Admisi\u00f3n Pilotada: Soluci\u00f3n Eficiente Para Tu Sistema De Fontaner\u00eda.","_links":{"self":[{"href":"https:\/\/centroferreterofarvel.com\/index.php\/wp-json\/wp\/v2\/product\/7389"}],"collection":[{"href":"https:\/\/centroferreterofarvel.com\/index.php\/wp-json\/wp\/v2\/product"}],"about":[{"href":"https:\/\/centroferreterofarvel.com\/index.php\/wp-json\/wp\/v2\/types\/product"}],"replies":[{"embeddable":true,"href":"https:\/\/centroferreterofarvel.com\/index.php\/wp-json\/wp\/v2\/comments?post=7389"}],"version-history":[{"count":3,"href":"https:\/\/centroferreterofarvel.com\/index.php\/wp-json\/wp\/v2\/product\/7389\/revisions"}],"predecessor-version":[{"id":9916,"href":"https:\/\/centroferreterofarvel.com\/index.php\/wp-json\/wp\/v2\/product\/7389\/revisions\/9916"}],"wp:featuredmedia":[{"embeddable":true,"href":"https:\/\/centroferreterofarvel.com\/index.php\/wp-json\/wp\/v2\/media\/7390"}],"wp:attachment":[{"href":"https:\/\/centroferreterofarvel.com\/index.php\/wp-json\/wp\/v2\/media?parent=7389"}],"wp:term":[{"taxonomy":"product_cat","embeddable":true,"href":"https:\/\/centroferreterofarvel.com\/index.php\/wp-json\/wp\/v2\/product_cat?post=7389"},{"taxonomy":"product_tag","embeddable":true,"href":"https:\/\/centroferreterofarvel.com\/index.php\/wp-json\/wp\/v2\/product_tag?post=7389"}],"curies":[{"name":"wp","href":"https:\/\/api.w.org\/{rel}","templated":true}]}}