{"id":7392,"date":"2024-02-24T22:44:45","date_gmt":"2024-02-25T03:44:45","guid":{"rendered":"https:\/\/centroferreterofarvel.com\/?post_type=product&#038;p=7392"},"modified":"2024-04-11T01:11:08","modified_gmt":"2024-04-11T06:11:08","slug":"herraje-universal-e102-10bl-fv","status":"publish","type":"product","link":"https:\/\/centroferreterofarvel.com\/index.php\/producto\/herraje-universal-e102-10bl-fv\/","title":{"rendered":"HERRAJE UNIVERSAL E102.10BL  FV"},"content":{"rendered":"<p>Eleva la est\u00e9tica y funcionalidad de tu ba\u00f1o con el Herraje Universal E102.10BL de FV. Este accesorio esencial combina dise\u00f1o elegante y calidad superior para ofrecerte una experiencia de ba\u00f1o \u00fanica. Descubre c\u00f3mo este herraje puede marcar la diferencia en tu espacio. La instalaci\u00f3n sencilla permite que puedas disfrutar r\u00e1pidamente de las ventajas y el estilo que ofrece este herraje en tu ba\u00f1o.<\/p>\n","protected":false},"excerpt":{"rendered":"<p>Herraje Universal E102.10bl Fv: Detalles De Calidad Para Tu Ba\u00f1o.<\/p>\n","protected":false},"featured_media":7393,"comment_status":"open","ping_status":"closed","template":"","meta":{"_uag_custom_page_level_css":""},"product_cat":[167,22],"product_tag":[1048,391,487,1128,642],"jetpack_sharing_enabled":true,"uagb_featured_image_src":{"full":["https:\/\/centroferreterofarvel.com\/wp-content\/uploads\/2024\/02\/HERRAJE-UNIVERSAL-E102.10BL-FV.png",1080,1350,false],"thumbnail":["https:\/\/centroferreterofarvel.com\/wp-content\/uploads\/2024\/02\/HERRAJE-UNIVERSAL-E102.10BL-FV-150x150.png",150,150,true],"medium":["https:\/\/centroferreterofarvel.com\/wp-content\/uploads\/2024\/02\/HERRAJE-UNIVERSAL-E102.10BL-FV-240x300.png",240,300,true],"medium_large":["https:\/\/centroferreterofarvel.com\/wp-content\/uploads\/2024\/02\/HERRAJE-UNIVERSAL-E102.10BL-FV-768x960.png",768,960,true],"large":["https:\/\/centroferreterofarvel.com\/wp-content\/uploads\/2024\/02\/HERRAJE-UNIVERSAL-E102.10BL-FV-819x1024.png",819,1024,true],"1536x1536":["https:\/\/centroferreterofarvel.com\/wp-content\/uploads\/2024\/02\/HERRAJE-UNIVERSAL-E102.10BL-FV.png",1080,1350,false],"2048x2048":["https:\/\/centroferreterofarvel.com\/wp-content\/uploads\/2024\/02\/HERRAJE-UNIVERSAL-E102.10BL-FV.png",1080,1350,false],"mailpoet_newsletter_max":["https:\/\/centroferreterofarvel.com\/wp-content\/uploads\/2024\/02\/HERRAJE-UNIVERSAL-E102.10BL-FV.png",1080,1350,false],"woocommerce_thumbnail":["https:\/\/centroferreterofarvel.com\/wp-content\/uploads\/2024\/02\/HERRAJE-UNIVERSAL-E102.10BL-FV-450x450.png",450,450,true],"woocommerce_single":["https:\/\/centroferreterofarvel.com\/wp-content\/uploads\/2024\/02\/HERRAJE-UNIVERSAL-E102.10BL-FV-600x750.png",600,750,true],"woocommerce_gallery_thumbnail":["https:\/\/centroferreterofarvel.com\/wp-content\/uploads\/2024\/02\/HERRAJE-UNIVERSAL-E102.10BL-FV-100x100.png",100,100,true]},"uagb_author_info":{"display_name":"centroferreterofarvel","author_link":"https:\/\/centroferreterofarvel.com\/index.php\/author\/"},"uagb_comment_info":0,"uagb_excerpt":"Herraje Universal E102.10bl Fv: Detalles De Calidad Para Tu Ba\u00f1o.","_links":{"self":[{"href":"https:\/\/centroferreterofarvel.com\/index.php\/wp-json\/wp\/v2\/product\/7392"}],"collection":[{"href":"https:\/\/centroferreterofarvel.com\/index.php\/wp-json\/wp\/v2\/product"}],"about":[{"href":"https:\/\/centroferreterofarvel.com\/index.php\/wp-json\/wp\/v2\/types\/product"}],"replies":[{"embeddable":true,"href":"https:\/\/centroferreterofarvel.com\/index.php\/wp-json\/wp\/v2\/comments?post=7392"}],"version-history":[{"count":3,"href":"https:\/\/centroferreterofarvel.com\/index.php\/wp-json\/wp\/v2\/product\/7392\/revisions"}],"predecessor-version":[{"id":10128,"href":"https:\/\/centroferreterofarvel.com\/index.php\/wp-json\/wp\/v2\/product\/7392\/revisions\/10128"}],"wp:featuredmedia":[{"embeddable":true,"href":"https:\/\/centroferreterofarvel.com\/index.php\/wp-json\/wp\/v2\/media\/7393"}],"wp:attachment":[{"href":"https:\/\/centroferreterofarvel.com\/index.php\/wp-json\/wp\/v2\/media?parent=7392"}],"wp:term":[{"taxonomy":"product_cat","embeddable":true,"href":"https:\/\/centroferreterofarvel.com\/index.php\/wp-json\/wp\/v2\/product_cat?post=7392"},{"taxonomy":"product_tag","embeddable":true,"href":"https:\/\/centroferreterofarvel.com\/index.php\/wp-json\/wp\/v2\/product_tag?post=7392"}],"curies":[{"name":"wp","href":"https:\/\/api.w.org\/{rel}","templated":true}]}}