{"id":7401,"date":"2024-02-24T23:34:45","date_gmt":"2024-02-25T04:34:45","guid":{"rendered":"https:\/\/centroferreterofarvel.com\/?post_type=product&#038;p=7401"},"modified":"2024-04-11T16:17:54","modified_gmt":"2024-04-11T21:17:54","slug":"interruptor-simple-mgk","status":"publish","type":"product","link":"https:\/\/centroferreterofarvel.com\/index.php\/producto\/interruptor-simple-mgk\/","title":{"rendered":"INTERRUPTOR SIMPLE MGK"},"content":{"rendered":"<p>Experimenta la combinaci\u00f3n perfecta de eficiencia y dise\u00f1o con el Interruptor Simple MGK. Este componente, parte esencial de tu sistema de iluminaci\u00f3n, no solo proporciona un control pr\u00e1ctico sobre las luces, sino que tambi\u00e9n agrega un toque de elegancia y funcionalidad a tus espacios. A\u00f1ade funcionalidad y estilo a tus espacios con el Interruptor Simple MGK.<\/p>\n","protected":false},"excerpt":{"rendered":"<p>Interruptor Simple MGK: Eficiencia y Dise\u00f1o en un Solo Elemento.<\/p>\n","protected":false},"featured_media":7402,"comment_status":"open","ping_status":"closed","template":"","meta":{"_uag_custom_page_level_css":""},"product_cat":[37,33],"product_tag":[175,287,288,1129],"jetpack_sharing_enabled":true,"uagb_featured_image_src":{"full":["https:\/\/centroferreterofarvel.com\/wp-content\/uploads\/2024\/02\/INTERRUPTOR-SIMPLE-MGK.png",1080,1350,false],"thumbnail":["https:\/\/centroferreterofarvel.com\/wp-content\/uploads\/2024\/02\/INTERRUPTOR-SIMPLE-MGK-150x150.png",150,150,true],"medium":["https:\/\/centroferreterofarvel.com\/wp-content\/uploads\/2024\/02\/INTERRUPTOR-SIMPLE-MGK-240x300.png",240,300,true],"medium_large":["https:\/\/centroferreterofarvel.com\/wp-content\/uploads\/2024\/02\/INTERRUPTOR-SIMPLE-MGK-768x960.png",768,960,true],"large":["https:\/\/centroferreterofarvel.com\/wp-content\/uploads\/2024\/02\/INTERRUPTOR-SIMPLE-MGK-819x1024.png",819,1024,true],"1536x1536":["https:\/\/centroferreterofarvel.com\/wp-content\/uploads\/2024\/02\/INTERRUPTOR-SIMPLE-MGK.png",1080,1350,false],"2048x2048":["https:\/\/centroferreterofarvel.com\/wp-content\/uploads\/2024\/02\/INTERRUPTOR-SIMPLE-MGK.png",1080,1350,false],"mailpoet_newsletter_max":["https:\/\/centroferreterofarvel.com\/wp-content\/uploads\/2024\/02\/INTERRUPTOR-SIMPLE-MGK.png",1080,1350,false],"woocommerce_thumbnail":["https:\/\/centroferreterofarvel.com\/wp-content\/uploads\/2024\/02\/INTERRUPTOR-SIMPLE-MGK-450x450.png",450,450,true],"woocommerce_single":["https:\/\/centroferreterofarvel.com\/wp-content\/uploads\/2024\/02\/INTERRUPTOR-SIMPLE-MGK-600x750.png",600,750,true],"woocommerce_gallery_thumbnail":["https:\/\/centroferreterofarvel.com\/wp-content\/uploads\/2024\/02\/INTERRUPTOR-SIMPLE-MGK-100x100.png",100,100,true]},"uagb_author_info":{"display_name":"centroferreterofarvel","author_link":"https:\/\/centroferreterofarvel.com\/index.php\/author\/"},"uagb_comment_info":0,"uagb_excerpt":"Interruptor Simple MGK: Eficiencia y Dise\u00f1o en un Solo Elemento.","_links":{"self":[{"href":"https:\/\/centroferreterofarvel.com\/index.php\/wp-json\/wp\/v2\/product\/7401"}],"collection":[{"href":"https:\/\/centroferreterofarvel.com\/index.php\/wp-json\/wp\/v2\/product"}],"about":[{"href":"https:\/\/centroferreterofarvel.com\/index.php\/wp-json\/wp\/v2\/types\/product"}],"replies":[{"embeddable":true,"href":"https:\/\/centroferreterofarvel.com\/index.php\/wp-json\/wp\/v2\/comments?post=7401"}],"version-history":[{"count":3,"href":"https:\/\/centroferreterofarvel.com\/index.php\/wp-json\/wp\/v2\/product\/7401\/revisions"}],"predecessor-version":[{"id":8184,"href":"https:\/\/centroferreterofarvel.com\/index.php\/wp-json\/wp\/v2\/product\/7401\/revisions\/8184"}],"wp:featuredmedia":[{"embeddable":true,"href":"https:\/\/centroferreterofarvel.com\/index.php\/wp-json\/wp\/v2\/media\/7402"}],"wp:attachment":[{"href":"https:\/\/centroferreterofarvel.com\/index.php\/wp-json\/wp\/v2\/media?parent=7401"}],"wp:term":[{"taxonomy":"product_cat","embeddable":true,"href":"https:\/\/centroferreterofarvel.com\/index.php\/wp-json\/wp\/v2\/product_cat?post=7401"},{"taxonomy":"product_tag","embeddable":true,"href":"https:\/\/centroferreterofarvel.com\/index.php\/wp-json\/wp\/v2\/product_tag?post=7401"}],"curies":[{"name":"wp","href":"https:\/\/api.w.org\/{rel}","templated":true}]}}