{"id":7407,"date":"2024-02-24T23:58:21","date_gmt":"2024-02-25T04:58:21","guid":{"rendered":"https:\/\/centroferreterofarvel.com\/?post_type=product&#038;p=7407"},"modified":"2024-04-11T16:15:42","modified_gmt":"2024-04-11T21:15:42","slug":"jack-telefono-rj14-simple-blitz","status":"publish","type":"product","link":"https:\/\/centroferreterofarvel.com\/index.php\/producto\/jack-telefono-rj14-simple-blitz\/","title":{"rendered":"JACK TEL\u00c9FONO RJ14 SIMPLE BLITZ"},"content":{"rendered":"<p>Con el conector telef\u00f3nico RJ14 Simple Blitz, aseguras una conexi\u00f3n confiable y sencilla para tus servicios telef\u00f3nicos. Este jack, dise\u00f1ado para empotrarse en cajetines el\u00e9ctricos de pared, te ofrece un acceso r\u00e1pido y eficiente a la red telef\u00f3nica, manteniendo la comunicaci\u00f3n en tu hogar u oficina sin complicaciones. Opta por el Conector Telef\u00f3nico RJ14 Simple Blitz y asegura una conexi\u00f3n telef\u00f3nica confiable y sin complicaciones.<\/p>\n","protected":false},"excerpt":{"rendered":"<p>Conector Telef\u00f3nico RJ14 Simple Blitz: Comunicaci\u00f3n Confiable y Sencilla.<\/p>\n","protected":false},"featured_media":7408,"comment_status":"open","ping_status":"closed","template":"","meta":{"_uag_custom_page_level_css":""},"product_cat":[105,33],"product_tag":[1135,266,1133,1134],"jetpack_sharing_enabled":true,"uagb_featured_image_src":{"full":["https:\/\/centroferreterofarvel.com\/wp-content\/uploads\/2024\/02\/JACK-TELEFONO-RJ14-SIMPLE-BLITZ.png",1080,1350,false],"thumbnail":["https:\/\/centroferreterofarvel.com\/wp-content\/uploads\/2024\/02\/JACK-TELEFONO-RJ14-SIMPLE-BLITZ-150x150.png",150,150,true],"medium":["https:\/\/centroferreterofarvel.com\/wp-content\/uploads\/2024\/02\/JACK-TELEFONO-RJ14-SIMPLE-BLITZ-240x300.png",240,300,true],"medium_large":["https:\/\/centroferreterofarvel.com\/wp-content\/uploads\/2024\/02\/JACK-TELEFONO-RJ14-SIMPLE-BLITZ-768x960.png",768,960,true],"large":["https:\/\/centroferreterofarvel.com\/wp-content\/uploads\/2024\/02\/JACK-TELEFONO-RJ14-SIMPLE-BLITZ-819x1024.png",819,1024,true],"1536x1536":["https:\/\/centroferreterofarvel.com\/wp-content\/uploads\/2024\/02\/JACK-TELEFONO-RJ14-SIMPLE-BLITZ.png",1080,1350,false],"2048x2048":["https:\/\/centroferreterofarvel.com\/wp-content\/uploads\/2024\/02\/JACK-TELEFONO-RJ14-SIMPLE-BLITZ.png",1080,1350,false],"mailpoet_newsletter_max":["https:\/\/centroferreterofarvel.com\/wp-content\/uploads\/2024\/02\/JACK-TELEFONO-RJ14-SIMPLE-BLITZ.png",1080,1350,false],"woocommerce_thumbnail":["https:\/\/centroferreterofarvel.com\/wp-content\/uploads\/2024\/02\/JACK-TELEFONO-RJ14-SIMPLE-BLITZ-450x450.png",450,450,true],"woocommerce_single":["https:\/\/centroferreterofarvel.com\/wp-content\/uploads\/2024\/02\/JACK-TELEFONO-RJ14-SIMPLE-BLITZ-600x750.png",600,750,true],"woocommerce_gallery_thumbnail":["https:\/\/centroferreterofarvel.com\/wp-content\/uploads\/2024\/02\/JACK-TELEFONO-RJ14-SIMPLE-BLITZ-100x100.png",100,100,true]},"uagb_author_info":{"display_name":"centroferreterofarvel","author_link":"https:\/\/centroferreterofarvel.com\/index.php\/author\/"},"uagb_comment_info":0,"uagb_excerpt":"Conector Telef\u00f3nico RJ14 Simple Blitz: Comunicaci\u00f3n Confiable y Sencilla.","_links":{"self":[{"href":"https:\/\/centroferreterofarvel.com\/index.php\/wp-json\/wp\/v2\/product\/7407"}],"collection":[{"href":"https:\/\/centroferreterofarvel.com\/index.php\/wp-json\/wp\/v2\/product"}],"about":[{"href":"https:\/\/centroferreterofarvel.com\/index.php\/wp-json\/wp\/v2\/types\/product"}],"replies":[{"embeddable":true,"href":"https:\/\/centroferreterofarvel.com\/index.php\/wp-json\/wp\/v2\/comments?post=7407"}],"version-history":[{"count":4,"href":"https:\/\/centroferreterofarvel.com\/index.php\/wp-json\/wp\/v2\/product\/7407\/revisions"}],"predecessor-version":[{"id":9753,"href":"https:\/\/centroferreterofarvel.com\/index.php\/wp-json\/wp\/v2\/product\/7407\/revisions\/9753"}],"wp:featuredmedia":[{"embeddable":true,"href":"https:\/\/centroferreterofarvel.com\/index.php\/wp-json\/wp\/v2\/media\/7408"}],"wp:attachment":[{"href":"https:\/\/centroferreterofarvel.com\/index.php\/wp-json\/wp\/v2\/media?parent=7407"}],"wp:term":[{"taxonomy":"product_cat","embeddable":true,"href":"https:\/\/centroferreterofarvel.com\/index.php\/wp-json\/wp\/v2\/product_cat?post=7407"},{"taxonomy":"product_tag","embeddable":true,"href":"https:\/\/centroferreterofarvel.com\/index.php\/wp-json\/wp\/v2\/product_tag?post=7407"}],"curies":[{"name":"wp","href":"https:\/\/api.w.org\/{rel}","templated":true}]}}