{"id":7410,"date":"2024-02-25T12:25:41","date_gmt":"2024-02-25T17:25:41","guid":{"rendered":"https:\/\/centroferreterofarvel.com\/?post_type=product&#038;p=7410"},"modified":"2024-04-11T16:14:59","modified_gmt":"2024-04-11T21:14:59","slug":"juego-6-pz-desarnadores-joyero-pretul","status":"publish","type":"product","link":"https:\/\/centroferreterofarvel.com\/index.php\/producto\/juego-6-pz-desarnadores-joyero-pretul\/","title":{"rendered":"JUEGO 6 PZ DESARMADORES JOYERO PRETUL"},"content":{"rendered":"<p>Si est\u00e1s buscando una soluci\u00f3n completa y de calidad para la instalaci\u00f3n de tus accesorios de fontaner\u00eda, el Kit de Instalaci\u00f3n con Llave Angular FV es la respuesta que necesitas. Dise\u00f1ado para brindar comodidad y eficiencia, este kit te permite llevar a cabo proyectos de fontaner\u00eda con total confianza. Adecuado para una variedad de aplicaciones, este kit es perfecto para la instalaci\u00f3n de lavabos, fregaderos y otros elementos de fontaner\u00eda en el hogar.<\/p>\n","protected":false},"excerpt":{"rendered":"<p>Kit de Instalaci\u00f3n con Llave Angular FV: La Soluci\u00f3n Completa para tu Fontaner\u00eda.<\/p>\n","protected":false},"featured_media":7413,"comment_status":"open","ping_status":"closed","template":"","meta":{"_uag_custom_page_level_css":""},"product_cat":[143,139],"product_tag":[313,322,545,1136,1138,1137,324],"jetpack_sharing_enabled":true,"uagb_featured_image_src":{"full":["https:\/\/centroferreterofarvel.com\/wp-content\/uploads\/2024\/02\/JUEGO-6-PZ-DESARNADORES-JOYERO-PRETUL.png",1080,1350,false],"thumbnail":["https:\/\/centroferreterofarvel.com\/wp-content\/uploads\/2024\/02\/JUEGO-6-PZ-DESARNADORES-JOYERO-PRETUL-150x150.png",150,150,true],"medium":["https:\/\/centroferreterofarvel.com\/wp-content\/uploads\/2024\/02\/JUEGO-6-PZ-DESARNADORES-JOYERO-PRETUL-240x300.png",240,300,true],"medium_large":["https:\/\/centroferreterofarvel.com\/wp-content\/uploads\/2024\/02\/JUEGO-6-PZ-DESARNADORES-JOYERO-PRETUL-768x960.png",768,960,true],"large":["https:\/\/centroferreterofarvel.com\/wp-content\/uploads\/2024\/02\/JUEGO-6-PZ-DESARNADORES-JOYERO-PRETUL-819x1024.png",819,1024,true],"1536x1536":["https:\/\/centroferreterofarvel.com\/wp-content\/uploads\/2024\/02\/JUEGO-6-PZ-DESARNADORES-JOYERO-PRETUL.png",1080,1350,false],"2048x2048":["https:\/\/centroferreterofarvel.com\/wp-content\/uploads\/2024\/02\/JUEGO-6-PZ-DESARNADORES-JOYERO-PRETUL.png",1080,1350,false],"mailpoet_newsletter_max":["https:\/\/centroferreterofarvel.com\/wp-content\/uploads\/2024\/02\/JUEGO-6-PZ-DESARNADORES-JOYERO-PRETUL.png",1080,1350,false],"woocommerce_thumbnail":["https:\/\/centroferreterofarvel.com\/wp-content\/uploads\/2024\/02\/JUEGO-6-PZ-DESARNADORES-JOYERO-PRETUL-450x450.png",450,450,true],"woocommerce_single":["https:\/\/centroferreterofarvel.com\/wp-content\/uploads\/2024\/02\/JUEGO-6-PZ-DESARNADORES-JOYERO-PRETUL-600x750.png",600,750,true],"woocommerce_gallery_thumbnail":["https:\/\/centroferreterofarvel.com\/wp-content\/uploads\/2024\/02\/JUEGO-6-PZ-DESARNADORES-JOYERO-PRETUL-100x100.png",100,100,true]},"uagb_author_info":{"display_name":"centroferreterofarvel","author_link":"https:\/\/centroferreterofarvel.com\/index.php\/author\/"},"uagb_comment_info":0,"uagb_excerpt":"Kit de Instalaci\u00f3n con Llave Angular FV: La Soluci\u00f3n Completa para tu Fontaner\u00eda.","_links":{"self":[{"href":"https:\/\/centroferreterofarvel.com\/index.php\/wp-json\/wp\/v2\/product\/7410"}],"collection":[{"href":"https:\/\/centroferreterofarvel.com\/index.php\/wp-json\/wp\/v2\/product"}],"about":[{"href":"https:\/\/centroferreterofarvel.com\/index.php\/wp-json\/wp\/v2\/types\/product"}],"replies":[{"embeddable":true,"href":"https:\/\/centroferreterofarvel.com\/index.php\/wp-json\/wp\/v2\/comments?post=7410"}],"version-history":[{"count":3,"href":"https:\/\/centroferreterofarvel.com\/index.php\/wp-json\/wp\/v2\/product\/7410\/revisions"}],"predecessor-version":[{"id":10155,"href":"https:\/\/centroferreterofarvel.com\/index.php\/wp-json\/wp\/v2\/product\/7410\/revisions\/10155"}],"wp:featuredmedia":[{"embeddable":true,"href":"https:\/\/centroferreterofarvel.com\/index.php\/wp-json\/wp\/v2\/media\/7413"}],"wp:attachment":[{"href":"https:\/\/centroferreterofarvel.com\/index.php\/wp-json\/wp\/v2\/media?parent=7410"}],"wp:term":[{"taxonomy":"product_cat","embeddable":true,"href":"https:\/\/centroferreterofarvel.com\/index.php\/wp-json\/wp\/v2\/product_cat?post=7410"},{"taxonomy":"product_tag","embeddable":true,"href":"https:\/\/centroferreterofarvel.com\/index.php\/wp-json\/wp\/v2\/product_tag?post=7410"}],"curies":[{"name":"wp","href":"https:\/\/api.w.org\/{rel}","templated":true}]}}