{"id":7418,"date":"2024-02-25T13:19:41","date_gmt":"2024-02-25T18:19:41","guid":{"rendered":"https:\/\/centroferreterofarvel.com\/?post_type=product&#038;p=7418"},"modified":"2024-04-11T16:12:16","modified_gmt":"2024-04-11T21:12:16","slug":"latex-interior-blanco","status":"publish","type":"product","link":"https:\/\/centroferreterofarvel.com\/index.php\/producto\/latex-interior-blanco\/","title":{"rendered":"LATEX INTERIOR BLANCO"},"content":{"rendered":"<p>Transforma tus interiores con la pintura l\u00e1tex interior blanco, ideal para darle un nuevo aspecto a tus paredes. Esta pintura ofrece una cobertura \u00f3ptima, proporcionando un acabado uniforme y duradero. Su f\u00f3rmula impermeable protege tus paredes de la humedad y el desgaste diario, manteniendo su belleza por m\u00e1s tiempo. Renueva tu hogar u oficina con esta pintura de alta calidad, dise\u00f1ada para brindar un acabado impecable y un ambiente fresco y luminoso.<\/p>\n","protected":false},"excerpt":{"rendered":"<p>Pintura L\u00e1tex Interior Blanco: Renueva y Embellece Tus Espacios.<\/p>\n","protected":false},"featured_media":7419,"comment_status":"open","ping_status":"closed","template":"","meta":{"_uag_custom_page_level_css":""},"product_cat":[35,164],"product_tag":[1683,1678,1680,1679,1681,1682],"jetpack_sharing_enabled":true,"uagb_featured_image_src":{"full":["https:\/\/centroferreterofarvel.com\/wp-content\/uploads\/2024\/02\/LATEX-INTERIOR-BLANCO.png",1080,1350,false],"thumbnail":["https:\/\/centroferreterofarvel.com\/wp-content\/uploads\/2024\/02\/LATEX-INTERIOR-BLANCO-150x150.png",150,150,true],"medium":["https:\/\/centroferreterofarvel.com\/wp-content\/uploads\/2024\/02\/LATEX-INTERIOR-BLANCO-240x300.png",240,300,true],"medium_large":["https:\/\/centroferreterofarvel.com\/wp-content\/uploads\/2024\/02\/LATEX-INTERIOR-BLANCO-768x960.png",768,960,true],"large":["https:\/\/centroferreterofarvel.com\/wp-content\/uploads\/2024\/02\/LATEX-INTERIOR-BLANCO-819x1024.png",819,1024,true],"1536x1536":["https:\/\/centroferreterofarvel.com\/wp-content\/uploads\/2024\/02\/LATEX-INTERIOR-BLANCO.png",1080,1350,false],"2048x2048":["https:\/\/centroferreterofarvel.com\/wp-content\/uploads\/2024\/02\/LATEX-INTERIOR-BLANCO.png",1080,1350,false],"mailpoet_newsletter_max":["https:\/\/centroferreterofarvel.com\/wp-content\/uploads\/2024\/02\/LATEX-INTERIOR-BLANCO.png",1080,1350,false],"woocommerce_thumbnail":["https:\/\/centroferreterofarvel.com\/wp-content\/uploads\/2024\/02\/LATEX-INTERIOR-BLANCO-450x450.png",450,450,true],"woocommerce_single":["https:\/\/centroferreterofarvel.com\/wp-content\/uploads\/2024\/02\/LATEX-INTERIOR-BLANCO-600x750.png",600,750,true],"woocommerce_gallery_thumbnail":["https:\/\/centroferreterofarvel.com\/wp-content\/uploads\/2024\/02\/LATEX-INTERIOR-BLANCO-100x100.png",100,100,true]},"uagb_author_info":{"display_name":"centroferreterofarvel","author_link":"https:\/\/centroferreterofarvel.com\/index.php\/author\/"},"uagb_comment_info":0,"uagb_excerpt":"Pintura L\u00e1tex Interior Blanco: Renueva y Embellece Tus Espacios.","_links":{"self":[{"href":"https:\/\/centroferreterofarvel.com\/index.php\/wp-json\/wp\/v2\/product\/7418"}],"collection":[{"href":"https:\/\/centroferreterofarvel.com\/index.php\/wp-json\/wp\/v2\/product"}],"about":[{"href":"https:\/\/centroferreterofarvel.com\/index.php\/wp-json\/wp\/v2\/types\/product"}],"replies":[{"embeddable":true,"href":"https:\/\/centroferreterofarvel.com\/index.php\/wp-json\/wp\/v2\/comments?post=7418"}],"version-history":[{"count":2,"href":"https:\/\/centroferreterofarvel.com\/index.php\/wp-json\/wp\/v2\/product\/7418\/revisions"}],"predecessor-version":[{"id":9259,"href":"https:\/\/centroferreterofarvel.com\/index.php\/wp-json\/wp\/v2\/product\/7418\/revisions\/9259"}],"wp:featuredmedia":[{"embeddable":true,"href":"https:\/\/centroferreterofarvel.com\/index.php\/wp-json\/wp\/v2\/media\/7419"}],"wp:attachment":[{"href":"https:\/\/centroferreterofarvel.com\/index.php\/wp-json\/wp\/v2\/media?parent=7418"}],"wp:term":[{"taxonomy":"product_cat","embeddable":true,"href":"https:\/\/centroferreterofarvel.com\/index.php\/wp-json\/wp\/v2\/product_cat?post=7418"},{"taxonomy":"product_tag","embeddable":true,"href":"https:\/\/centroferreterofarvel.com\/index.php\/wp-json\/wp\/v2\/product_tag?post=7418"}],"curies":[{"name":"wp","href":"https:\/\/api.w.org\/{rel}","templated":true}]}}