{"id":7421,"date":"2024-02-25T13:36:27","date_gmt":"2024-02-25T18:36:27","guid":{"rendered":"https:\/\/centroferreterofarvel.com\/?post_type=product&#038;p=7421"},"modified":"2024-04-03T16:09:21","modified_gmt":"2024-04-03T21:09:21","slug":"led-tubo-18w-bolk-6400k-85-265","status":"publish","type":"product","link":"https:\/\/centroferreterofarvel.com\/index.php\/producto\/led-tubo-18w-bolk-6400k-85-265\/","title":{"rendered":"LED TUBO BOLK. 6400K"},"content":{"rendered":"<p>Descubre la revolucionaria tecnolog\u00eda LED con el tubo BOLK. Este tubo proporciona una iluminaci\u00f3n brillante y uniforme, perfecta para una variedad de aplicaciones en el hogar, la oficina o cualquier espacio comercial. Con un tono de luz de 6400K, ofrece una luz blanca fr\u00eda que aumenta la claridad y la visibilidad. Adem\u00e1s, con su amplio rango de voltaje de 85-265V, es compatible con la mayor\u00eda de los sistemas el\u00e9ctricos. Disfruta de una iluminaci\u00f3n eficiente y duradera con el tubo LED BOLK.<\/p>\n","protected":false},"excerpt":{"rendered":"<p>Tubo LED BOLK: Iluminaci\u00f3n Eficiente y Vers\u00e1til para Tu Espacio.<\/p>\n","protected":false},"featured_media":7422,"comment_status":"open","ping_status":"closed","template":"","meta":{"_uag_custom_page_level_css":""},"product_cat":[24,156],"product_tag":[1674,1676,349,403,1672,1675,1673,1677],"jetpack_sharing_enabled":true,"uagb_featured_image_src":{"full":["https:\/\/centroferreterofarvel.com\/wp-content\/uploads\/2024\/02\/LED-TUBO-18W-BOLK.6400K-85-265.png",1080,1350,false],"thumbnail":["https:\/\/centroferreterofarvel.com\/wp-content\/uploads\/2024\/02\/LED-TUBO-18W-BOLK.6400K-85-265-150x150.png",150,150,true],"medium":["https:\/\/centroferreterofarvel.com\/wp-content\/uploads\/2024\/02\/LED-TUBO-18W-BOLK.6400K-85-265-240x300.png",240,300,true],"medium_large":["https:\/\/centroferreterofarvel.com\/wp-content\/uploads\/2024\/02\/LED-TUBO-18W-BOLK.6400K-85-265-768x960.png",768,960,true],"large":["https:\/\/centroferreterofarvel.com\/wp-content\/uploads\/2024\/02\/LED-TUBO-18W-BOLK.6400K-85-265-819x1024.png",819,1024,true],"1536x1536":["https:\/\/centroferreterofarvel.com\/wp-content\/uploads\/2024\/02\/LED-TUBO-18W-BOLK.6400K-85-265.png",1080,1350,false],"2048x2048":["https:\/\/centroferreterofarvel.com\/wp-content\/uploads\/2024\/02\/LED-TUBO-18W-BOLK.6400K-85-265.png",1080,1350,false],"mailpoet_newsletter_max":["https:\/\/centroferreterofarvel.com\/wp-content\/uploads\/2024\/02\/LED-TUBO-18W-BOLK.6400K-85-265.png",1080,1350,false],"woocommerce_thumbnail":["https:\/\/centroferreterofarvel.com\/wp-content\/uploads\/2024\/02\/LED-TUBO-18W-BOLK.6400K-85-265-450x450.png",450,450,true],"woocommerce_single":["https:\/\/centroferreterofarvel.com\/wp-content\/uploads\/2024\/02\/LED-TUBO-18W-BOLK.6400K-85-265-600x750.png",600,750,true],"woocommerce_gallery_thumbnail":["https:\/\/centroferreterofarvel.com\/wp-content\/uploads\/2024\/02\/LED-TUBO-18W-BOLK.6400K-85-265-100x100.png",100,100,true]},"uagb_author_info":{"display_name":"centroferreterofarvel","author_link":"https:\/\/centroferreterofarvel.com\/index.php\/author\/"},"uagb_comment_info":0,"uagb_excerpt":"Tubo LED BOLK: Iluminaci\u00f3n Eficiente y Vers\u00e1til para Tu Espacio.","_links":{"self":[{"href":"https:\/\/centroferreterofarvel.com\/index.php\/wp-json\/wp\/v2\/product\/7421"}],"collection":[{"href":"https:\/\/centroferreterofarvel.com\/index.php\/wp-json\/wp\/v2\/product"}],"about":[{"href":"https:\/\/centroferreterofarvel.com\/index.php\/wp-json\/wp\/v2\/types\/product"}],"replies":[{"embeddable":true,"href":"https:\/\/centroferreterofarvel.com\/index.php\/wp-json\/wp\/v2\/comments?post=7421"}],"version-history":[{"count":4,"href":"https:\/\/centroferreterofarvel.com\/index.php\/wp-json\/wp\/v2\/product\/7421\/revisions"}],"predecessor-version":[{"id":9749,"href":"https:\/\/centroferreterofarvel.com\/index.php\/wp-json\/wp\/v2\/product\/7421\/revisions\/9749"}],"wp:featuredmedia":[{"embeddable":true,"href":"https:\/\/centroferreterofarvel.com\/index.php\/wp-json\/wp\/v2\/media\/7422"}],"wp:attachment":[{"href":"https:\/\/centroferreterofarvel.com\/index.php\/wp-json\/wp\/v2\/media?parent=7421"}],"wp:term":[{"taxonomy":"product_cat","embeddable":true,"href":"https:\/\/centroferreterofarvel.com\/index.php\/wp-json\/wp\/v2\/product_cat?post=7421"},{"taxonomy":"product_tag","embeddable":true,"href":"https:\/\/centroferreterofarvel.com\/index.php\/wp-json\/wp\/v2\/product_tag?post=7421"}],"curies":[{"name":"wp","href":"https:\/\/api.w.org\/{rel}","templated":true}]}}