{"id":7427,"date":"2024-02-25T13:50:13","date_gmt":"2024-02-25T18:50:13","guid":{"rendered":"https:\/\/centroferreterofarvel.com\/?post_type=product&#038;p=7427"},"modified":"2024-04-11T16:08:01","modified_gmt":"2024-04-11T21:08:01","slug":"lija-para-hierro-80","status":"publish","type":"product","link":"https:\/\/centroferreterofarvel.com\/index.php\/producto\/lija-para-hierro-80\/","title":{"rendered":"LIJA PARA HIERRO #80"},"content":{"rendered":"<p>La Lija Fandeli para Hierro es la elecci\u00f3n perfecta para tus proyectos de metalurgia, ofreciendo un rendimiento excepcional y resultados impecables en el lijado de hierro. Fabricada por Fandeli, una marca reconocida en abrasivos. La composici\u00f3n especial de esta lija est\u00e1 dise\u00f1ada para trabajar eficientemente en superficies de hierro. Experimenta la calidad y eficiencia que Fandeli proporciona en cada tarea de lijado de hierro. Conf\u00eda en la Lija Fandeli para Hierro para obtener resultados excepcionales en tus proyectos metal\u00fargicos.<\/p>\n","protected":false},"excerpt":{"rendered":"<p>Obt\u00e9n Superficies Impecables en Hierro con la Lija Fandeli Especial para Metal.<\/p>\n","protected":false},"featured_media":7428,"comment_status":"open","ping_status":"closed","template":"","meta":{"_uag_custom_page_level_css":""},"product_cat":[163,35],"product_tag":[1142,1143,1144,1141,1145],"jetpack_sharing_enabled":true,"uagb_featured_image_src":{"full":["https:\/\/centroferreterofarvel.com\/wp-content\/uploads\/2024\/02\/LIJA-PARA-HIERRO-_80.png",1080,1350,false],"thumbnail":["https:\/\/centroferreterofarvel.com\/wp-content\/uploads\/2024\/02\/LIJA-PARA-HIERRO-_80-150x150.png",150,150,true],"medium":["https:\/\/centroferreterofarvel.com\/wp-content\/uploads\/2024\/02\/LIJA-PARA-HIERRO-_80-240x300.png",240,300,true],"medium_large":["https:\/\/centroferreterofarvel.com\/wp-content\/uploads\/2024\/02\/LIJA-PARA-HIERRO-_80-768x960.png",768,960,true],"large":["https:\/\/centroferreterofarvel.com\/wp-content\/uploads\/2024\/02\/LIJA-PARA-HIERRO-_80-819x1024.png",819,1024,true],"1536x1536":["https:\/\/centroferreterofarvel.com\/wp-content\/uploads\/2024\/02\/LIJA-PARA-HIERRO-_80.png",1080,1350,false],"2048x2048":["https:\/\/centroferreterofarvel.com\/wp-content\/uploads\/2024\/02\/LIJA-PARA-HIERRO-_80.png",1080,1350,false],"mailpoet_newsletter_max":["https:\/\/centroferreterofarvel.com\/wp-content\/uploads\/2024\/02\/LIJA-PARA-HIERRO-_80.png",1080,1350,false],"woocommerce_thumbnail":["https:\/\/centroferreterofarvel.com\/wp-content\/uploads\/2024\/02\/LIJA-PARA-HIERRO-_80-450x450.png",450,450,true],"woocommerce_single":["https:\/\/centroferreterofarvel.com\/wp-content\/uploads\/2024\/02\/LIJA-PARA-HIERRO-_80-600x750.png",600,750,true],"woocommerce_gallery_thumbnail":["https:\/\/centroferreterofarvel.com\/wp-content\/uploads\/2024\/02\/LIJA-PARA-HIERRO-_80-100x100.png",100,100,true]},"uagb_author_info":{"display_name":"centroferreterofarvel","author_link":"https:\/\/centroferreterofarvel.com\/index.php\/author\/"},"uagb_comment_info":0,"uagb_excerpt":"Obt\u00e9n Superficies Impecables en Hierro con la Lija Fandeli Especial para Metal.","_links":{"self":[{"href":"https:\/\/centroferreterofarvel.com\/index.php\/wp-json\/wp\/v2\/product\/7427"}],"collection":[{"href":"https:\/\/centroferreterofarvel.com\/index.php\/wp-json\/wp\/v2\/product"}],"about":[{"href":"https:\/\/centroferreterofarvel.com\/index.php\/wp-json\/wp\/v2\/types\/product"}],"replies":[{"embeddable":true,"href":"https:\/\/centroferreterofarvel.com\/index.php\/wp-json\/wp\/v2\/comments?post=7427"}],"version-history":[{"count":3,"href":"https:\/\/centroferreterofarvel.com\/index.php\/wp-json\/wp\/v2\/product\/7427\/revisions"}],"predecessor-version":[{"id":10153,"href":"https:\/\/centroferreterofarvel.com\/index.php\/wp-json\/wp\/v2\/product\/7427\/revisions\/10153"}],"wp:featuredmedia":[{"embeddable":true,"href":"https:\/\/centroferreterofarvel.com\/index.php\/wp-json\/wp\/v2\/media\/7428"}],"wp:attachment":[{"href":"https:\/\/centroferreterofarvel.com\/index.php\/wp-json\/wp\/v2\/media?parent=7427"}],"wp:term":[{"taxonomy":"product_cat","embeddable":true,"href":"https:\/\/centroferreterofarvel.com\/index.php\/wp-json\/wp\/v2\/product_cat?post=7427"},{"taxonomy":"product_tag","embeddable":true,"href":"https:\/\/centroferreterofarvel.com\/index.php\/wp-json\/wp\/v2\/product_tag?post=7427"}],"curies":[{"name":"wp","href":"https:\/\/api.w.org\/{rel}","templated":true}]}}